{"id":16020,"date":"2019-01-30T23:02:38","date_gmt":"2019-01-30T23:02:38","guid":{"rendered":"https:\/\/nationalpardon.org\/?page_id=16020"},"modified":"2019-01-30T23:02:38","modified_gmt":"2019-01-30T23:02:38","slug":"a-notre-sujet-3","status":"publish","type":"page","link":"https:\/\/staging.nationalpardon.org\/?page_id=16020","title":{"rendered":"\u00c0 notre sujet"},"content":{"rendered":"<p>[vc_section][vc_row][vc_column][vc_row_inner][vc_column_inner width=&#8221;1\/2&#8243; offset=&#8221;vc_hidden-lg vc_hidden-md&#8221;][vc_btn title=&#8221;TOUCHEZ POUR APPELER&#8221; style=&#8221;custom&#8221; custom_background=&#8221;#223f83&#8243; custom_text=&#8221;#ffffff&#8221; align=&#8221;center&#8221; i_icon_fontawesome=&#8221;fa fa-phone&#8221; button_block=&#8221;true&#8221; add_icon=&#8221;true&#8221; link=&#8221;url:tel%3A18662422411|||&#8221; css=&#8221;.vc_custom_1550113634327{margin-right: 25px !important;margin-left: 25px !important;}&#8221;][\/vc_column_inner][vc_column_inner width=&#8221;1\/2&#8243; offset=&#8221;vc_hidden-lg vc_hidden-md&#8221;][vc_btn title=&#8221;Demande en ligne&#8221; style=&#8221;custom&#8221; custom_background=&#8221;#cd001b&#8221; custom_text=&#8221;#ffffff&#8221; align=&#8221;center&#8221; i_icon_fontawesome=&#8221;fa fa-wpforms&#8221; button_block=&#8221;true&#8221; add_icon=&#8221;true&#8221; link=&#8221;url:%2Fdemande-en-ligne-pg-1%2F%3Flang%3Dfr|||&#8221; css=&#8221;.vc_custom_1550522928034{margin-right: 25px !important;margin-left: 25px !important;}&#8221;][\/vc_column_inner][\/vc_row_inner][\/vc_column][\/vc_row][\/vc_section][vc_row row_container=&#8221;true&#8221; css=&#8221;.vc_custom_1548010805279{margin-bottom: 24px !important;}&#8221;][vc_column][vc_custom_heading text=&#8221;Nos services \u2013 Demande de Prdons, Demande de waivers, et Prise d\u2019empreintes&#8221; font_container=&#8221;tag:h2|font_size:20px|text_align:left|line_height:24px&#8221; use_theme_fonts=&#8221;yes&#8221; custom_style=&#8221;letter-spacing: -0.075em;&#8221;][vc_column_text]Nous offrons ce que nous croyons \u00eatre le meilleur service de demande pardon (suspension de casier) au Canada et de Waiver am\u00e9ricain selon la valeur de votre investissement. Alors que plusieurs vantent leurs bas prix et ensuite vous accablent de frais cach\u00e9s, nous croyons avoir le meilleur service disponible \u00e0 un prix comp\u00e9titif. Nous sommes francs \u00e0 propos des frais, des d\u00e9lais, et de ce qui est inclus (et non inclus) dans notre service, afin que vous puissiez vous d\u00e9tendre. Apr\u00e8s tout, vous nous engagez afin que nous vous facilitions la vie.[\/vc_column_text][vc_custom_heading text=&#8221;Prise d\u2019empreintes au Centre du Pardon National&#8221; font_container=&#8221;tag:h2|font_size:20px|text_align:left|line_height:24px&#8221; use_theme_fonts=&#8221;yes&#8221; custom_style=&#8221;letter-spacing: -0.075em;&#8221;][vc_column_text]Notre compagnie a \u00e9t\u00e9 invit\u00e9 par le Services de triage des dactylogrammes civils de la GRC \u00e0 faire partie d\u2019un projet pilote qui a introduit la prise d\u2019empreintes digitales \u00e9lectronique au Canada. Par cons\u00e9quent, nous avons \u00e9t\u00e9 une des premi\u00e8res compagnies \u00e0 \u00eatre accr\u00e9dit\u00e9e pour offrir ce service. Jusqu\u2019\u00e0 pr\u00e9sent, nous sommes toujours une des 6 compagnies avec son propre serveur reli\u00e9 directement \u00e0 la GRC.[\/vc_column_text][\/vc_column][\/vc_row][vc_row row_container=&#8221;true&#8221;][vc_column][vc_custom_heading text=&#8221;D\u00e9fense des int\u00e9r\u00eats dans l\u2019industrie&#8221; font_container=&#8221;tag:h2|font_size:20px|text_align:left|line_height:24px&#8221; use_theme_fonts=&#8221;yes&#8221; custom_style=&#8221;letter-spacing: -0.075em;&#8221;][vc_column_text css=&#8221;.vc_custom_1548889617475{border-radius: 1px !important;}&#8221;]Nicole et Michael ont tous les deux \u00e9t\u00e9 invit\u00e9s \u00e0 parler au Comit\u00e9 permanent de la s\u00e9curit\u00e9 publique et nationale lors de discussions sur le projet de loi contre la criminalit\u00e9 du gouvernement Conservateur. Nous nous sommes d\u00e9battus en faveur d\u2019un syst\u00e8me de demande de Pardon ouvert et tol\u00e9rant, pour soutenir le retour au travail des individus. Jusqu\u2019\u00e0 pr\u00e9sent, nous continuons de nous battre pour inverser certaines mesures plus s\u00e9v\u00e8res contre la criminalit\u00e9 qui ont eu comme r\u00e9sultat une approche plus intol\u00e9rante adopt\u00e9e par le programme de Pardon.<\/p>\n<p>Michael est apparu sur le programme de \u00ab\u00a0<a href=\"http:\/\/www.cbc.ca\/player\/News\/TV+Shows\/Power+%26+Politics+with+Evan+Solomon\/ID\/2371615825\/\">Pouvoir et Politiques<\/a>\u00a0\u00bb de la CBC et a \u00e9crit plusieurs\u00a0<a href=\"https:\/\/www.nationalpardon.org\/?page_id=3398\">articles<\/a>\u00a0sur les Pardons, la justice criminelle, et plus, pour le Toronto Star, ipolitics.ca, la Gazette de Montr\u00e9al, parmi d\u2019autres. Il a aussi \u00e9t\u00e9 invit\u00e9 \u00e0 faire partie d\u2019un comit\u00e9 de l\u2019Universit\u00e9 d\u2019Ottawa qui s\u2019est d\u00e9battu contre les l\u00e9gislations pour le programme de pardon. Michael est une voie active dans la communaut\u00e9 de la justice criminelle sur les mati\u00e8res reli\u00e9es au programme de Pardon.[\/vc_column_text][vc_custom_heading text=&#8221;Nous voulons vous aider&#8221; font_container=&#8221;tag:h2|font_size:20px|text_align:left|line_height:24px&#8221; use_theme_fonts=&#8221;yes&#8221; custom_style=&#8221;letter-spacing: -0.075em;&#8221;][vc_column_text]Maintenant que vous connaissez un peu notre compagnie, n\u2019attendez plus. Il nous fera plaisir d\u2019\u00e9couter votre histoire et de d\u00e9terminer si nous sommes la bonne \u00e9quipe pour traiter votre demande.<\/p>\n<p>Appelez-nous, passez par notre bureau, ou soumettez une demande en ligne. Laissez nous faire le travail, parce qu\u2019un casier judiciaire\u00a0 est un fardeau dont vous pouvez vous d\u00e9faire.[\/vc_column_text][\/vc_column][\/vc_row][vc_section full_width=&#8221;stretch_row&#8221; css=&#8221;.vc_custom_1547492265349{padding-bottom: 30px !important;background-color: #cd001b !important;}&#8221;][vc_row row_container=&#8221;true&#8221; css=&#8221;.vc_custom_1544536648507{background-color: #cd001b !important;}&#8221;][vc_column width=&#8221;2\/3&#8243;][vc_column_text]<\/p>\n<p style=\"font-size: x-large; text-align: left;\"><span style=\"color: #ffffff;\"><strong>Veuillez nous contacter : <\/strong><span style=\"text-decoration: underline;\"><strong><a style=\"color: #ffffff; text-decoration: underline;\" href=\"tel:18662422411\">1-866-242-2411<\/a><\/strong><\/span><strong> de 8h30 \u00e0 17hres, du lundi au vendredi.<\/strong><\/span><\/p>\n<p>[\/vc_column_text][\/vc_column][vc_column width=&#8221;1\/3&#8243;][vc_btn title=&#8221;CONSULTATION REQUEST&#8221; style=&#8221;custom&#8221; custom_background=&#8221;#1e3c82&#8243; custom_text=&#8221;#ffffff&#8221; shape=&#8221;round&#8221; css=&#8221;.vc_custom_1549784416783{padding-right: 50px !important;padding-left: 50px !important;}&#8221; link=&#8221;url:%2Fconsultations-sans-frais-2%2F%3Flang%3Dfr|||&#8221;][\/vc_column][\/vc_row][\/vc_section]<\/p>\n","protected":false},"excerpt":{"rendered":"<p>[vc_section][vc_row][vc_column][vc_row_inner][vc_column_inner width=&#8221;1\/2&#8243; offset=&#8221;vc_hidden-lg vc_hidden-md&#8221;][vc_btn title=&#8221;TOUCHEZ POUR APPELER&#8221; style=&#8221;custom&#8221; custom_background=&#8221;#223f83&#8243; custom_text=&#8221;#ffffff&#8221; align=&#8221;center&#8221; i_icon_fontawesome=&#8221;fa fa-phone&#8221; button_block=&#8221;true&#8221; add_icon=&#8221;true&#8221; link=&#8221;url:tel%3A18662422411|||&#8221; css=&#8221;.vc_custom_1550113634327{margin-right: 25px !important;margin-left: 25px !important;}&#8221;][\/vc_column_inner][vc_column_inner width=&#8221;1\/2&#8243; offset=&#8221;vc_hidden-lg vc_hidden-md&#8221;][vc_btn title=&#8221;Demande en ligne&#8221; style=&#8221;custom&#8221; custom_background=&#8221;#cd001b&#8221; custom_text=&#8221;#ffffff&#8221; align=&#8221;center&#8221; i_icon_fontawesome=&#8221;fa fa-wpforms&#8221; button_block=&#8221;true&#8221; add_icon=&#8221;true&#8221; link=&#8221;url:%2Fdemande-en-ligne-pg-1%2F%3Flang%3Dfr|||&#8221; css=&#8221;.vc_custom_1550522928034{margin-right: 25px !important;margin-left: 25px !important;}&#8221;][\/vc_column_inner][\/vc_row_inner][\/vc_column][\/vc_row][\/vc_section][vc_row row_container=&#8221;true&#8221; css=&#8221;.vc_custom_1548010805279{margin-bottom: 24px !important;}&#8221;][vc_column][vc_custom_heading text=&#8221;Nos services \u2013 Demande de Prdons, Demande de waivers, et [&hellip;]<\/p>\n","protected":false},"author":2,"featured_media":0,"parent":0,"menu_order":0,"comment_status":"closed","ping_status":"closed","template":"","meta":{"footnotes":""},"class_list":["post-16020","page","type-page","status-publish","hentry"],"yoast_head":"<!-- This site is optimized with the Yoast SEO plugin v27.4 - https:\/\/yoast.com\/product\/yoast-seo-wordpress\/ -->\n<title>Our Mission &amp; Values | National Pardon Centre<\/title>\n<meta name=\"description\" content=\"Centre du Pardon National | Experts dans le service de pardon au Canada. Appelez-nous pour tous services concernant les pardons canadiens et waivers am\u00e9ricains.\" \/>\n<meta name=\"robots\" content=\"noindex, follow, max-snippet:-1, max-image-preview:large, max-video-preview:-1\" \/>\n<meta property=\"og:locale\" content=\"en_US\" \/>\n<meta property=\"og:type\" content=\"article\" \/>\n<meta property=\"og:title\" content=\"Our Mission &amp; Values | National Pardon Centre\" \/>\n<meta property=\"og:description\" content=\"Centre du Pardon National | Experts dans le service de pardon au Canada. Appelez-nous pour tous services concernant les pardons canadiens et waivers am\u00e9ricains.\" \/>\n<meta property=\"og:url\" content=\"https:\/\/staging.nationalpardon.org\/?page_id=16020\" \/>\n<meta property=\"og:site_name\" content=\"staging.nationalpardon.org\" \/>\n<meta name=\"twitter:card\" content=\"summary_large_image\" \/>\n<meta name=\"twitter:label1\" content=\"Est. reading time\" \/>\n\t<meta name=\"twitter:data1\" content=\"3 minutes\" \/>\n<script type=\"application\/ld+json\" class=\"yoast-schema-graph\">{\"@context\":\"https:\\\/\\\/schema.org\",\"@graph\":[{\"@type\":\"WebPage\",\"@id\":\"https:\\\/\\\/staging.nationalpardon.org\\\/?page_id=16020\",\"url\":\"https:\\\/\\\/staging.nationalpardon.org\\\/?page_id=16020\",\"name\":\"Our Mission & Values | National Pardon Centre\",\"isPartOf\":{\"@id\":\"https:\\\/\\\/staging.nationalpardon.org\\\/#website\"},\"datePublished\":\"2019-01-30T23:02:38+00:00\",\"description\":\"Centre du Pardon National | Experts dans le service de pardon au Canada. Appelez-nous pour tous services concernant les pardons canadiens et waivers am\u00e9ricains.\",\"breadcrumb\":{\"@id\":\"https:\\\/\\\/staging.nationalpardon.org\\\/?page_id=16020#breadcrumb\"},\"inLanguage\":\"en-CA\",\"potentialAction\":[{\"@type\":\"ReadAction\",\"target\":[\"https:\\\/\\\/staging.nationalpardon.org\\\/?page_id=16020\"]}]},{\"@type\":\"BreadcrumbList\",\"@id\":\"https:\\\/\\\/staging.nationalpardon.org\\\/?page_id=16020#breadcrumb\",\"itemListElement\":[{\"@type\":\"ListItem\",\"position\":1,\"name\":\"Home\",\"item\":\"https:\\\/\\\/staging.nationalpardon.org\\\/\"},{\"@type\":\"ListItem\",\"position\":2,\"name\":\"\u00c0 notre sujet\"}]},{\"@type\":\"WebSite\",\"@id\":\"https:\\\/\\\/staging.nationalpardon.org\\\/#website\",\"url\":\"https:\\\/\\\/staging.nationalpardon.org\\\/\",\"name\":\"staging.nationalpardon.org\",\"description\":\"\",\"potentialAction\":[{\"@type\":\"SearchAction\",\"target\":{\"@type\":\"EntryPoint\",\"urlTemplate\":\"https:\\\/\\\/staging.nationalpardon.org\\\/?s={search_term_string}\"},\"query-input\":{\"@type\":\"PropertyValueSpecification\",\"valueRequired\":true,\"valueName\":\"search_term_string\"}}],\"inLanguage\":\"en-CA\"}]}<\/script>\n<!-- \/ Yoast SEO plugin. -->","yoast_head_json":{"title":"Our Mission & Values | National Pardon Centre","description":"Centre du Pardon National | Experts dans le service de pardon au Canada. Appelez-nous pour tous services concernant les pardons canadiens et waivers am\u00e9ricains.","robots":{"index":"noindex","follow":"follow","max-snippet":"max-snippet:-1","max-image-preview":"max-image-preview:large","max-video-preview":"max-video-preview:-1"},"og_locale":"en_US","og_type":"article","og_title":"Our Mission & Values | National Pardon Centre","og_description":"Centre du Pardon National | Experts dans le service de pardon au Canada. Appelez-nous pour tous services concernant les pardons canadiens et waivers am\u00e9ricains.","og_url":"https:\/\/staging.nationalpardon.org\/?page_id=16020","og_site_name":"staging.nationalpardon.org","twitter_card":"summary_large_image","twitter_misc":{"Est. reading time":"3 minutes"},"schema":{"@context":"https:\/\/schema.org","@graph":[{"@type":"WebPage","@id":"https:\/\/staging.nationalpardon.org\/?page_id=16020","url":"https:\/\/staging.nationalpardon.org\/?page_id=16020","name":"Our Mission & Values | National Pardon Centre","isPartOf":{"@id":"https:\/\/staging.nationalpardon.org\/#website"},"datePublished":"2019-01-30T23:02:38+00:00","description":"Centre du Pardon National | Experts dans le service de pardon au Canada. Appelez-nous pour tous services concernant les pardons canadiens et waivers am\u00e9ricains.","breadcrumb":{"@id":"https:\/\/staging.nationalpardon.org\/?page_id=16020#breadcrumb"},"inLanguage":"en-CA","potentialAction":[{"@type":"ReadAction","target":["https:\/\/staging.nationalpardon.org\/?page_id=16020"]}]},{"@type":"BreadcrumbList","@id":"https:\/\/staging.nationalpardon.org\/?page_id=16020#breadcrumb","itemListElement":[{"@type":"ListItem","position":1,"name":"Home","item":"https:\/\/staging.nationalpardon.org\/"},{"@type":"ListItem","position":2,"name":"\u00c0 notre sujet"}]},{"@type":"WebSite","@id":"https:\/\/staging.nationalpardon.org\/#website","url":"https:\/\/staging.nationalpardon.org\/","name":"staging.nationalpardon.org","description":"","potentialAction":[{"@type":"SearchAction","target":{"@type":"EntryPoint","urlTemplate":"https:\/\/staging.nationalpardon.org\/?s={search_term_string}"},"query-input":{"@type":"PropertyValueSpecification","valueRequired":true,"valueName":"search_term_string"}}],"inLanguage":"en-CA"}]}},"_links":{"self":[{"href":"https:\/\/staging.nationalpardon.org\/index.php?rest_route=\/wp\/v2\/pages\/16020","targetHints":{"allow":["GET"]}}],"collection":[{"href":"https:\/\/staging.nationalpardon.org\/index.php?rest_route=\/wp\/v2\/pages"}],"about":[{"href":"https:\/\/staging.nationalpardon.org\/index.php?rest_route=\/wp\/v2\/types\/page"}],"author":[{"embeddable":true,"href":"https:\/\/staging.nationalpardon.org\/index.php?rest_route=\/wp\/v2\/users\/2"}],"replies":[{"embeddable":true,"href":"https:\/\/staging.nationalpardon.org\/index.php?rest_route=%2Fwp%2Fv2%2Fcomments&post=16020"}],"version-history":[{"count":0,"href":"https:\/\/staging.nationalpardon.org\/index.php?rest_route=\/wp\/v2\/pages\/16020\/revisions"}],"wp:attachment":[{"href":"https:\/\/staging.nationalpardon.org\/index.php?rest_route=%2Fwp%2Fv2%2Fmedia&parent=16020"}],"curies":[{"name":"wp","href":"https:\/\/api.w.org\/{rel}","templated":true}]}}