{"id":16032,"date":"2019-01-30T23:42:28","date_gmt":"2019-01-30T23:42:28","guid":{"rendered":"https:\/\/nationalpardon.org\/?page_id=16032"},"modified":"2019-01-30T23:42:28","modified_gmt":"2019-01-30T23:42:28","slug":"le-delai-pardon","status":"publish","type":"page","link":"https:\/\/staging.nationalpardon.org\/?page_id=16032","title":{"rendered":"Le Delai Pardon"},"content":{"rendered":"<p>[vc_section][vc_row][vc_column][vc_row_inner][vc_column_inner width=&#8221;1\/2&#8243; offset=&#8221;vc_hidden-lg vc_hidden-md&#8221;][vc_btn title=&#8221;TOUCHEZ POUR APPELER&#8221; style=&#8221;custom&#8221; custom_background=&#8221;#223f83&#8243; custom_text=&#8221;#ffffff&#8221; align=&#8221;center&#8221; i_icon_fontawesome=&#8221;fa fa-phone&#8221; button_block=&#8221;true&#8221; add_icon=&#8221;true&#8221; link=&#8221;url:tel%3A18662422411|||&#8221; css=&#8221;.vc_custom_1550113634327{margin-right: 25px !important;margin-left: 25px !important;}&#8221;][\/vc_column_inner][vc_column_inner width=&#8221;1\/2&#8243; offset=&#8221;vc_hidden-lg vc_hidden-md&#8221;][vc_btn title=&#8221;Demande en ligne&#8221; style=&#8221;custom&#8221; custom_background=&#8221;#cd001b&#8221; custom_text=&#8221;#ffffff&#8221; align=&#8221;center&#8221; i_icon_fontawesome=&#8221;fa fa-wpforms&#8221; button_block=&#8221;true&#8221; add_icon=&#8221;true&#8221; link=&#8221;url:%2Fdemande-en-ligne-pg-1%2F%3Flang%3Dfr|||&#8221; css=&#8221;.vc_custom_1550522928034{margin-right: 25px !important;margin-left: 25px !important;}&#8221;][\/vc_column_inner][\/vc_row_inner][\/vc_column][\/vc_row][\/vc_section][vc_row row_container=&#8221;true&#8221;][vc_column][vc_custom_heading text=&#8221;Quel est le d\u00e9lai d\u2019obtention d\u2019un pardon?&#8221; font_container=&#8221;tag:h1|font_size:28px|text_align:left|line_height:36px&#8221; use_theme_fonts=&#8221;yes&#8221; custom_style=&#8221;letter-spacing: -0.075em;&#8221;][vc_column_text]Une fois que votre demande de pardon \/ suspension de casier est soumise \u00e0 la Commission des Lib\u00e9rations Conditionnelles, le traitement peut durer de 6 \u00e0 24 mois avant qu\u2019une d\u00e9cision soit prise pour votre cas.<\/p>\n<p>Les d\u00e9lais de traitement sont suppos\u00e9ment garantis par la Commission en raison de l\u2019augmentation des frais de service exig\u00e9s des demandeurs de pardon, pour laquelle une consultation publique a eu lieu.<\/p>\n<p><a href=\"http:\/\/pbc-clcc.gc.ca\/infocntr\/factsh\/pardonfeenotice-fra.shtml#_Toc295661707\">http:\/\/pbc-clcc.gc.ca\/infocntr\/factsh\/pardonfeenotice-fra.shtml#_Toc295661707<\/a><\/p>\n<p>Malgr\u00e9 une grande proportion de r\u00e9pondants qui \u00e9taient contre la proposition, celle-ci fut accept\u00e9e, et par cons\u00e9quent, la Commission a garanti les d\u00e9lais de traitement, qui sont les suivants\u00a0:<\/p>\n<ul>\n<li>Les demandes de suspension du casier pour une ou des infractions punissables par proc\u00e9dure sommaires seront trait\u00e9es dans les six (6) mois suivant leur acceptation.<\/li>\n<li>Les demandes de suspension du casier pour une ou des infractions ayant fait l\u2019objet d\u2019une poursuite par voie de mise en accusation seront trait\u00e9es dans les 12 mois suivant leur acceptation.<\/li>\n<li>Dans les cas o\u00f9 la CLCC aura l\u2019intention de refuser d\u2019ordonner la suspension du casier, le traitement de la demande n\u00e9cessitera au maximum 24 mois une fois que celle-ci aura \u00e9t\u00e9 accept\u00e9e.<\/li>\n<\/ul>\n<p><a href=\"http:\/\/pbc-clcc.gc.ca\/infocntr\/factsh\/pardon-fra.shtml#_16\">http:\/\/pbc-clcc.gc.ca\/infocntr\/factsh\/pardon-fra.shtml#_16<\/a><\/p>\n<p>Vous devez rencontrer le crit\u00e8re d\u2019admissibilit\u00e9, qui est de soit 5 ans, soit 10 ans suivant la fin de votre sentence.<\/p>\n<p>En plus des d\u00e9lais mentionn\u00e9s ci-haut, l\u2019obtention de la documentation pour votre demande peut prendre entre 2 \u00e0 12 mois, en fonction des d\u00e9tails de votre cas.[\/vc_column_text][\/vc_column][\/vc_row][vc_section full_width=&#8221;stretch_row&#8221; css=&#8221;.vc_custom_1547492265349{padding-bottom: 30px !important;background-color: #cd001b !important;}&#8221;][vc_row row_container=&#8221;true&#8221; css=&#8221;.vc_custom_1544536648507{background-color: #cd001b !important;}&#8221;][vc_column width=&#8221;2\/3&#8243;][vc_column_text]<\/p>\n<p style=\"font-size: x-large; text-align: left;\"><span style=\"color: #ffffff;\"><strong>Veuillez nous contacter : <\/strong><span style=\"text-decoration: underline;\"><strong><a style=\"color: #ffffff; text-decoration: underline;\" href=\"tel:18662422411\">1-866-242-2411<\/a><\/strong><\/span><strong> de 8h30 \u00e0 17hres, du lundi au vendredi.<\/strong><\/span><\/p>\n<p>[\/vc_column_text][\/vc_column][vc_column width=&#8221;1\/3&#8243;][vc_btn title=&#8221;CONSULTATION&#8221; style=&#8221;custom&#8221; custom_background=&#8221;#1e3c82&#8243; custom_text=&#8221;#ffffff&#8221; shape=&#8221;round&#8221; css=&#8221;.vc_custom_1549786332309{padding-right: 50px !important;padding-left: 50px !important;}&#8221; link=&#8221;url:%2Fconsultations-sans-frais-2%2F%3Flang%3Dfr|||&#8221;][\/vc_column][\/vc_row][\/vc_section]<\/p>\n","protected":false},"excerpt":{"rendered":"<p>[vc_section][vc_row][vc_column][vc_row_inner][vc_column_inner width=&#8221;1\/2&#8243; offset=&#8221;vc_hidden-lg vc_hidden-md&#8221;][vc_btn title=&#8221;TOUCHEZ POUR APPELER&#8221; style=&#8221;custom&#8221; custom_background=&#8221;#223f83&#8243; custom_text=&#8221;#ffffff&#8221; align=&#8221;center&#8221; i_icon_fontawesome=&#8221;fa fa-phone&#8221; button_block=&#8221;true&#8221; add_icon=&#8221;true&#8221; link=&#8221;url:tel%3A18662422411|||&#8221; css=&#8221;.vc_custom_1550113634327{margin-right: 25px !important;margin-left: 25px !important;}&#8221;][\/vc_column_inner][vc_column_inner width=&#8221;1\/2&#8243; offset=&#8221;vc_hidden-lg vc_hidden-md&#8221;][vc_btn title=&#8221;Demande en ligne&#8221; style=&#8221;custom&#8221; custom_background=&#8221;#cd001b&#8221; custom_text=&#8221;#ffffff&#8221; align=&#8221;center&#8221; i_icon_fontawesome=&#8221;fa fa-wpforms&#8221; button_block=&#8221;true&#8221; add_icon=&#8221;true&#8221; link=&#8221;url:%2Fdemande-en-ligne-pg-1%2F%3Flang%3Dfr|||&#8221; css=&#8221;.vc_custom_1550522928034{margin-right: 25px !important;margin-left: 25px !important;}&#8221;][\/vc_column_inner][\/vc_row_inner][\/vc_column][\/vc_row][\/vc_section][vc_row row_container=&#8221;true&#8221;][vc_column][vc_custom_heading text=&#8221;Quel est le d\u00e9lai d\u2019obtention d\u2019un pardon?&#8221; font_container=&#8221;tag:h1|font_size:28px|text_align:left|line_height:36px&#8221; use_theme_fonts=&#8221;yes&#8221; custom_style=&#8221;letter-spacing: -0.075em;&#8221;][vc_column_text]Une fois que [&hellip;]<\/p>\n","protected":false},"author":2,"featured_media":0,"parent":0,"menu_order":0,"comment_status":"closed","ping_status":"closed","template":"","meta":{"footnotes":""},"class_list":["post-16032","page","type-page","status-publish","hentry"],"yoast_head":"<!-- This site is optimized with the Yoast SEO plugin v27.4 - https:\/\/yoast.com\/product\/yoast-seo-wordpress\/ -->\n<title>Quel est le d\u00e9lai d\u2019obtention d\u2019un pardon? | Centre du pardon<\/title>\n<meta name=\"description\" content=\"Une fois que votre pardon \/ suspension du casier est soumise \u00e0 la CNLCs, le traitement peut durer de 6 \u00e0 24 mois avant qu\u2019une d\u00e9cision soit prise pour votre cas.\" \/>\n<meta name=\"robots\" content=\"noindex, follow, max-snippet:-1, max-image-preview:large, max-video-preview:-1\" \/>\n<meta property=\"og:locale\" content=\"en_US\" \/>\n<meta property=\"og:type\" content=\"article\" \/>\n<meta property=\"og:title\" content=\"Quel est le d\u00e9lai d\u2019obtention d\u2019un pardon? | Centre du pardon\" \/>\n<meta property=\"og:description\" content=\"Une fois que votre pardon \/ suspension du casier est soumise \u00e0 la CNLCs, le traitement peut durer de 6 \u00e0 24 mois avant qu\u2019une d\u00e9cision soit prise pour votre cas.\" \/>\n<meta property=\"og:url\" content=\"https:\/\/staging.nationalpardon.org\/?page_id=16032\" \/>\n<meta property=\"og:site_name\" content=\"staging.nationalpardon.org\" \/>\n<meta name=\"twitter:card\" content=\"summary_large_image\" \/>\n<meta name=\"twitter:label1\" content=\"Est. reading time\" \/>\n\t<meta name=\"twitter:data1\" content=\"3 minutes\" \/>\n<script type=\"application\/ld+json\" class=\"yoast-schema-graph\">{\"@context\":\"https:\\\/\\\/schema.org\",\"@graph\":[{\"@type\":\"WebPage\",\"@id\":\"https:\\\/\\\/staging.nationalpardon.org\\\/?page_id=16032\",\"url\":\"https:\\\/\\\/staging.nationalpardon.org\\\/?page_id=16032\",\"name\":\"Quel est le d\u00e9lai d\u2019obtention d\u2019un pardon? | Centre du pardon\",\"isPartOf\":{\"@id\":\"https:\\\/\\\/staging.nationalpardon.org\\\/#website\"},\"datePublished\":\"2019-01-30T23:42:28+00:00\",\"description\":\"Une fois que votre pardon \\\/ suspension du casier est soumise \u00e0 la CNLCs, le traitement peut durer de 6 \u00e0 24 mois avant qu\u2019une d\u00e9cision soit prise pour votre cas.\",\"breadcrumb\":{\"@id\":\"https:\\\/\\\/staging.nationalpardon.org\\\/?page_id=16032#breadcrumb\"},\"inLanguage\":\"en-CA\",\"potentialAction\":[{\"@type\":\"ReadAction\",\"target\":[\"https:\\\/\\\/staging.nationalpardon.org\\\/?page_id=16032\"]}]},{\"@type\":\"BreadcrumbList\",\"@id\":\"https:\\\/\\\/staging.nationalpardon.org\\\/?page_id=16032#breadcrumb\",\"itemListElement\":[{\"@type\":\"ListItem\",\"position\":1,\"name\":\"Home\",\"item\":\"https:\\\/\\\/staging.nationalpardon.org\\\/\"},{\"@type\":\"ListItem\",\"position\":2,\"name\":\"Le Delai Pardon\"}]},{\"@type\":\"WebSite\",\"@id\":\"https:\\\/\\\/staging.nationalpardon.org\\\/#website\",\"url\":\"https:\\\/\\\/staging.nationalpardon.org\\\/\",\"name\":\"staging.nationalpardon.org\",\"description\":\"\",\"potentialAction\":[{\"@type\":\"SearchAction\",\"target\":{\"@type\":\"EntryPoint\",\"urlTemplate\":\"https:\\\/\\\/staging.nationalpardon.org\\\/?s={search_term_string}\"},\"query-input\":{\"@type\":\"PropertyValueSpecification\",\"valueRequired\":true,\"valueName\":\"search_term_string\"}}],\"inLanguage\":\"en-CA\"}]}<\/script>\n<!-- \/ Yoast SEO plugin. -->","yoast_head_json":{"title":"Quel est le d\u00e9lai d\u2019obtention d\u2019un pardon? | Centre du pardon","description":"Une fois que votre pardon \/ suspension du casier est soumise \u00e0 la CNLCs, le traitement peut durer de 6 \u00e0 24 mois avant qu\u2019une d\u00e9cision soit prise pour votre cas.","robots":{"index":"noindex","follow":"follow","max-snippet":"max-snippet:-1","max-image-preview":"max-image-preview:large","max-video-preview":"max-video-preview:-1"},"og_locale":"en_US","og_type":"article","og_title":"Quel est le d\u00e9lai d\u2019obtention d\u2019un pardon? | Centre du pardon","og_description":"Une fois que votre pardon \/ suspension du casier est soumise \u00e0 la CNLCs, le traitement peut durer de 6 \u00e0 24 mois avant qu\u2019une d\u00e9cision soit prise pour votre cas.","og_url":"https:\/\/staging.nationalpardon.org\/?page_id=16032","og_site_name":"staging.nationalpardon.org","twitter_card":"summary_large_image","twitter_misc":{"Est. reading time":"3 minutes"},"schema":{"@context":"https:\/\/schema.org","@graph":[{"@type":"WebPage","@id":"https:\/\/staging.nationalpardon.org\/?page_id=16032","url":"https:\/\/staging.nationalpardon.org\/?page_id=16032","name":"Quel est le d\u00e9lai d\u2019obtention d\u2019un pardon? | Centre du pardon","isPartOf":{"@id":"https:\/\/staging.nationalpardon.org\/#website"},"datePublished":"2019-01-30T23:42:28+00:00","description":"Une fois que votre pardon \/ suspension du casier est soumise \u00e0 la CNLCs, le traitement peut durer de 6 \u00e0 24 mois avant qu\u2019une d\u00e9cision soit prise pour votre cas.","breadcrumb":{"@id":"https:\/\/staging.nationalpardon.org\/?page_id=16032#breadcrumb"},"inLanguage":"en-CA","potentialAction":[{"@type":"ReadAction","target":["https:\/\/staging.nationalpardon.org\/?page_id=16032"]}]},{"@type":"BreadcrumbList","@id":"https:\/\/staging.nationalpardon.org\/?page_id=16032#breadcrumb","itemListElement":[{"@type":"ListItem","position":1,"name":"Home","item":"https:\/\/staging.nationalpardon.org\/"},{"@type":"ListItem","position":2,"name":"Le Delai Pardon"}]},{"@type":"WebSite","@id":"https:\/\/staging.nationalpardon.org\/#website","url":"https:\/\/staging.nationalpardon.org\/","name":"staging.nationalpardon.org","description":"","potentialAction":[{"@type":"SearchAction","target":{"@type":"EntryPoint","urlTemplate":"https:\/\/staging.nationalpardon.org\/?s={search_term_string}"},"query-input":{"@type":"PropertyValueSpecification","valueRequired":true,"valueName":"search_term_string"}}],"inLanguage":"en-CA"}]}},"_links":{"self":[{"href":"https:\/\/staging.nationalpardon.org\/index.php?rest_route=\/wp\/v2\/pages\/16032","targetHints":{"allow":["GET"]}}],"collection":[{"href":"https:\/\/staging.nationalpardon.org\/index.php?rest_route=\/wp\/v2\/pages"}],"about":[{"href":"https:\/\/staging.nationalpardon.org\/index.php?rest_route=\/wp\/v2\/types\/page"}],"author":[{"embeddable":true,"href":"https:\/\/staging.nationalpardon.org\/index.php?rest_route=\/wp\/v2\/users\/2"}],"replies":[{"embeddable":true,"href":"https:\/\/staging.nationalpardon.org\/index.php?rest_route=%2Fwp%2Fv2%2Fcomments&post=16032"}],"version-history":[{"count":0,"href":"https:\/\/staging.nationalpardon.org\/index.php?rest_route=\/wp\/v2\/pages\/16032\/revisions"}],"wp:attachment":[{"href":"https:\/\/staging.nationalpardon.org\/index.php?rest_route=%2Fwp%2Fv2%2Fmedia&parent=16032"}],"curies":[{"name":"wp","href":"https:\/\/api.w.org\/{rel}","templated":true}]}}