{"id":16053,"date":"2019-01-30T23:58:27","date_gmt":"2019-01-30T23:58:27","guid":{"rendered":"https:\/\/nationalpardon.org\/?page_id=16053"},"modified":"2019-01-30T23:58:27","modified_gmt":"2019-01-30T23:58:27","slug":"admissibilite-au-pardon","status":"publish","type":"page","link":"https:\/\/staging.nationalpardon.org\/?page_id=16053","title":{"rendered":"L\u2019admissibilit\u00e9 au Pardon"},"content":{"rendered":"<p>[vc_section][vc_row][vc_column][vc_row_inner][vc_column_inner width=&#8221;1\/2&#8243; offset=&#8221;vc_hidden-lg vc_hidden-md&#8221;][vc_btn title=&#8221;TOUCHEZ POUR APPELER&#8221; style=&#8221;custom&#8221; custom_background=&#8221;#223f83&#8243; custom_text=&#8221;#ffffff&#8221; align=&#8221;center&#8221; i_icon_fontawesome=&#8221;fa fa-phone&#8221; button_block=&#8221;true&#8221; add_icon=&#8221;true&#8221; link=&#8221;url:tel%3A18662422411|||&#8221; css=&#8221;.vc_custom_1550113634327{margin-right: 25px !important;margin-left: 25px !important;}&#8221;][\/vc_column_inner][vc_column_inner width=&#8221;1\/2&#8243; offset=&#8221;vc_hidden-lg vc_hidden-md&#8221;][vc_btn title=&#8221;Demande en ligne&#8221; style=&#8221;custom&#8221; custom_background=&#8221;#cd001b&#8221; custom_text=&#8221;#ffffff&#8221; align=&#8221;center&#8221; i_icon_fontawesome=&#8221;fa fa-wpforms&#8221; button_block=&#8221;true&#8221; add_icon=&#8221;true&#8221; link=&#8221;url:%2Fdemande-en-ligne-pg-1%2F%3Flang%3Dfr|||&#8221; css=&#8221;.vc_custom_1550522928034{margin-right: 25px !important;margin-left: 25px !important;}&#8221;][\/vc_column_inner][\/vc_row_inner][\/vc_column][\/vc_row][\/vc_section][vc_row row_container=&#8221;true&#8221;][vc_column][vc_column_text]<\/p>\n<h2>Admissibilit\u00e9 au pardon canadien \u2013 d\u00e9lais d\u2019attente<\/h2>\n<p>Une fois votre sentence compl\u00e9t\u00e9e, un d\u00e9lai d\u2019attente avant d\u2019\u00eatre consid\u00e9r\u00e9 comme admissible au pardon canadien s\u2019applique. Vous pouvez confirmer dans quelle cat\u00e9gorie vous vous trouvez selon la date de votre PREMI\u00c8RE condamnation\u00a0:<\/p>\n<h3>Avant le 28 juin 2010, la p\u00e9riode d\u2019attente est de\u00a0:<\/h3>\n<p><strong>5\u00a0ans<\/strong>\u00a0\u2014 infraction punissable par voie de mise en accusation.<\/p>\n<p><strong>3\u00a0ans<\/strong>\u00a0\u2014 infraction punissable sur d\u00e9claration de culpabilit\u00e9 par proc\u00e9dure sommaire<\/p>\n<h3>Entre le 29 juin 2010 et le 12 mars 2012, la p\u00e9riode d\u2019attente est de\u00a0:<\/h3>\n<p><strong>10 ans<\/strong>\u00a0\u2014 infraction grave contre la personne (au sens de l\u2019<a href=\"https:\/\/laws-lois.justice.gc.ca\/fra\/lois\/C-46\/section-752.html\">article\u00a0752 du\u00a0<em>Code criminel<\/em><\/a>); pour laquelle vous avez \u00e9t\u00e9 condamn\u00e9 \u00e0 une peine d\u2019emprisonnement de deux ans ou plus, ou une infraction punissable par mise en accusation figurant \u00e0 l\u2019<a href=\"https:\/\/laws.justice.gc.ca\/fra\/lois\/C-47\/page-4.html\">annexe\u00a01<\/a>\u00a0de la\u00a0<em>Loi sur le casier judiciaire<\/em>.<\/p>\n<p><strong>5 ans<\/strong>\u00a0\u2014 toute autre infraction poursuivie par mise en accusation et une infraction mentionn\u00e9e \u00e0 l\u2019<a href=\"https:\/\/laws.justice.gc.ca\/fra\/lois\/C-47\/page-4.html\">annexe\u00a01<\/a>\u00a0punissable par proc\u00e9dure sommaire.<\/p>\n<p><strong>3\u00a0ans<\/strong>\u00a0\u2014 infraction autre que celles mentionn\u00e9es ci-dessus qui est punissable par proc\u00e9dure sommaire.<\/p>\n<h3>Le ou apr\u00e8s le 13 mars 2012, la p\u00e9riode d\u2019attente est de\u00a0:<\/h3>\n<p><strong>10\u00a0ans<\/strong>\u00a0\u2014 infraction punissable par voie de mise en accusation.<\/p>\n<p><strong>5\u00a0ans<\/strong>\u00a0\u2014 infraction punissable sur d\u00e9claration de culpabilit\u00e9 par proc\u00e9dure sommaire<\/p>\n<h3>Pour les comparutions pour lesquelles un individu est trouv\u00e9 non-coupable, les temps d\u2019attente avant de pouvoir d\u00e9truire le dossier varient<\/h3>\n<ul>\n<li>Non-coupable\u00a0: normalement dans l\u2019an qui suit<\/li>\n<\/ul>\n<p>Nous vous conseillons de commencer les proc\u00e9dures pour votre demande de pardon ou votre destruction de dossier au moins 1 an avant votre date d\u2019admissibilit\u00e9 afin de sceller votre casier judiciaire d\u00e8s que possible.<\/p>\n<p>Les p\u00e9riodes d\u2019attentes de 5 ans et 10 ans sont le r\u00e9sultat de la Loi C-10, une initiative du gouvernement conservateur qui a consid\u00e9rablement augment\u00e9 le temps d\u2019attente avant d\u2019\u00eatre admissible.[\/vc_column_text][\/vc_column][\/vc_row][vc_row row_container=&#8221;true&#8221;][vc_column][vc_custom_heading text=&#8221;L\u2019histoire de l\u2019admissibilit\u00e9 au Pardon&#8221; font_container=&#8221;tag:h2|font_size:20px|text_align:left|line_height:24px&#8221; use_theme_fonts=&#8221;yes&#8221; custom_style=&#8221;letter-spacing: -0.075em;&#8221;][vc_column_text]Avant que la Loi C-10 ait \u00e9t\u00e9 adopt\u00e9e, les p\u00e9riodes d\u2019attente pour le pardon \u00e9taient les suivantes\u00a0:<\/p>\n<p>\u2013\u00a0\u00a0\u00a0\u00a0\u00a0\u00a0\u00a0\u00a0\u00a0 Infractions punissables par voie sommaire\u00a0: 3 ans<\/p>\n<p>\u2013\u00a0\u00a0\u00a0\u00a0\u00a0\u00a0\u00a0\u00a0\u00a0 Infractions punissables par voie de mise en accusation\u00a0: 5 ans<\/p>\n<p>Cependant, avant la Loi C-10, une autre loi fut adopt\u00e9e par la Chambre des Communes. La Loi C23 maintenait les p\u00e9riodes d\u2019attente pour les infractions sommaires et par mise en accusation \u00e0 3 ans et 5 ans, mais augmentait la p\u00e9riode d\u2019attente pour les infractions de nature sexuelle ou causant de s\u00e9rieuses l\u00e9sions corporelles \u00e0 10 ans.[\/vc_column_text][\/vc_column][\/vc_row][vc_section full_width=&#8221;stretch_row&#8221; css=&#8221;.vc_custom_1547492265349{padding-bottom: 30px !important;background-color: #cd001b !important;}&#8221;][vc_row row_container=&#8221;true&#8221; css=&#8221;.vc_custom_1544536648507{background-color: #cd001b !important;}&#8221;][vc_column width=&#8221;2\/3&#8243;][vc_column_text]<\/p>\n<p style=\"font-size: x-large; text-align: left;\"><span style=\"color: #ffffff;\"><strong>Veuillez nous contacter : <\/strong><span style=\"text-decoration: underline;\"><strong><a style=\"color: #ffffff; text-decoration: underline;\" href=\"tel:18662422411\">1-866-242-2411<\/a><\/strong><\/span><strong> de 8h30 \u00e0 17hres, du lundi au vendredi.<\/strong><\/span><\/p>\n<p>[\/vc_column_text][\/vc_column][vc_column width=&#8221;1\/3&#8243;][vc_btn title=&#8221;CONSULTATION&#8221; style=&#8221;custom&#8221; custom_background=&#8221;#1e3c82&#8243; custom_text=&#8221;#ffffff&#8221; shape=&#8221;round&#8221; css=&#8221;.vc_custom_1549786169882{padding-right: 50px !important;padding-left: 50px !important;}&#8221; link=&#8221;url:%2Fconsultations-sans-frais-2%2F%3Flang%3Dfr|||&#8221;][\/vc_column][\/vc_row][\/vc_section]<\/p>\n","protected":false},"excerpt":{"rendered":"<p>[vc_section][vc_row][vc_column][vc_row_inner][vc_column_inner width=&#8221;1\/2&#8243; offset=&#8221;vc_hidden-lg vc_hidden-md&#8221;][vc_btn title=&#8221;TOUCHEZ POUR APPELER&#8221; style=&#8221;custom&#8221; custom_background=&#8221;#223f83&#8243; custom_text=&#8221;#ffffff&#8221; align=&#8221;center&#8221; i_icon_fontawesome=&#8221;fa fa-phone&#8221; button_block=&#8221;true&#8221; add_icon=&#8221;true&#8221; link=&#8221;url:tel%3A18662422411|||&#8221; css=&#8221;.vc_custom_1550113634327{margin-right: 25px !important;margin-left: 25px !important;}&#8221;][\/vc_column_inner][vc_column_inner width=&#8221;1\/2&#8243; offset=&#8221;vc_hidden-lg vc_hidden-md&#8221;][vc_btn title=&#8221;Demande en ligne&#8221; style=&#8221;custom&#8221; custom_background=&#8221;#cd001b&#8221; custom_text=&#8221;#ffffff&#8221; align=&#8221;center&#8221; i_icon_fontawesome=&#8221;fa fa-wpforms&#8221; button_block=&#8221;true&#8221; add_icon=&#8221;true&#8221; link=&#8221;url:%2Fdemande-en-ligne-pg-1%2F%3Flang%3Dfr|||&#8221; css=&#8221;.vc_custom_1550522928034{margin-right: 25px !important;margin-left: 25px !important;}&#8221;][\/vc_column_inner][\/vc_row_inner][\/vc_column][\/vc_row][\/vc_section][vc_row row_container=&#8221;true&#8221;][vc_column][vc_column_text] Admissibilit\u00e9 au pardon canadien \u2013 d\u00e9lais d\u2019attente Une fois votre sentence compl\u00e9t\u00e9e, un [&hellip;]<\/p>\n","protected":false},"author":2,"featured_media":0,"parent":0,"menu_order":0,"comment_status":"closed","ping_status":"closed","template":"","meta":{"footnotes":""},"class_list":["post-16053","page","type-page","status-publish","hentry"],"yoast_head":"<!-- This site is optimized with the Yoast SEO plugin v27.4 - https:\/\/yoast.com\/product\/yoast-seo-wordpress\/ -->\n<title>Admissibilit\u00e9 au pardon canadien (suspension du casier judiciaire)<\/title>\n<meta name=\"description\" content=\"Centre du Pardon National | \u00cates-vous admissible pour un pardon au Canada? D\u00e9couvrez plus d&#039;informations sur l&#039;obtention d&#039;un pardon canadien.\" \/>\n<meta name=\"robots\" content=\"noindex, follow, max-snippet:-1, max-image-preview:large, max-video-preview:-1\" \/>\n<meta property=\"og:locale\" content=\"en_US\" \/>\n<meta property=\"og:type\" content=\"article\" \/>\n<meta property=\"og:title\" content=\"Admissibilit\u00e9 au pardon canadien (suspension du casier judiciaire)\" \/>\n<meta property=\"og:description\" content=\"Centre du Pardon National | \u00cates-vous admissible pour un pardon au Canada? D\u00e9couvrez plus d&#039;informations sur l&#039;obtention d&#039;un pardon canadien.\" \/>\n<meta property=\"og:url\" content=\"https:\/\/staging.nationalpardon.org\/?page_id=16053\" \/>\n<meta property=\"og:site_name\" content=\"staging.nationalpardon.org\" \/>\n<meta name=\"twitter:card\" content=\"summary_large_image\" \/>\n<meta name=\"twitter:label1\" content=\"Est. reading time\" \/>\n\t<meta name=\"twitter:data1\" content=\"3 minutes\" \/>\n<script type=\"application\/ld+json\" class=\"yoast-schema-graph\">{\"@context\":\"https:\\\/\\\/schema.org\",\"@graph\":[{\"@type\":\"WebPage\",\"@id\":\"https:\\\/\\\/staging.nationalpardon.org\\\/?page_id=16053\",\"url\":\"https:\\\/\\\/staging.nationalpardon.org\\\/?page_id=16053\",\"name\":\"Admissibilit\u00e9 au pardon canadien (suspension du casier judiciaire)\",\"isPartOf\":{\"@id\":\"https:\\\/\\\/staging.nationalpardon.org\\\/#website\"},\"datePublished\":\"2019-01-30T23:58:27+00:00\",\"description\":\"Centre du Pardon National | \u00cates-vous admissible pour un pardon au Canada? D\u00e9couvrez plus d'informations sur l'obtention d'un pardon canadien.\",\"breadcrumb\":{\"@id\":\"https:\\\/\\\/staging.nationalpardon.org\\\/?page_id=16053#breadcrumb\"},\"inLanguage\":\"en-CA\",\"potentialAction\":[{\"@type\":\"ReadAction\",\"target\":[\"https:\\\/\\\/staging.nationalpardon.org\\\/?page_id=16053\"]}]},{\"@type\":\"BreadcrumbList\",\"@id\":\"https:\\\/\\\/staging.nationalpardon.org\\\/?page_id=16053#breadcrumb\",\"itemListElement\":[{\"@type\":\"ListItem\",\"position\":1,\"name\":\"Home\",\"item\":\"https:\\\/\\\/staging.nationalpardon.org\\\/\"},{\"@type\":\"ListItem\",\"position\":2,\"name\":\"L\u2019admissibilit\u00e9 au Pardon\"}]},{\"@type\":\"WebSite\",\"@id\":\"https:\\\/\\\/staging.nationalpardon.org\\\/#website\",\"url\":\"https:\\\/\\\/staging.nationalpardon.org\\\/\",\"name\":\"staging.nationalpardon.org\",\"description\":\"\",\"potentialAction\":[{\"@type\":\"SearchAction\",\"target\":{\"@type\":\"EntryPoint\",\"urlTemplate\":\"https:\\\/\\\/staging.nationalpardon.org\\\/?s={search_term_string}\"},\"query-input\":{\"@type\":\"PropertyValueSpecification\",\"valueRequired\":true,\"valueName\":\"search_term_string\"}}],\"inLanguage\":\"en-CA\"}]}<\/script>\n<!-- \/ Yoast SEO plugin. -->","yoast_head_json":{"title":"Admissibilit\u00e9 au pardon canadien (suspension du casier judiciaire)","description":"Centre du Pardon National | \u00cates-vous admissible pour un pardon au Canada? D\u00e9couvrez plus d'informations sur l'obtention d'un pardon canadien.","robots":{"index":"noindex","follow":"follow","max-snippet":"max-snippet:-1","max-image-preview":"max-image-preview:large","max-video-preview":"max-video-preview:-1"},"og_locale":"en_US","og_type":"article","og_title":"Admissibilit\u00e9 au pardon canadien (suspension du casier judiciaire)","og_description":"Centre du Pardon National | \u00cates-vous admissible pour un pardon au Canada? D\u00e9couvrez plus d'informations sur l'obtention d'un pardon canadien.","og_url":"https:\/\/staging.nationalpardon.org\/?page_id=16053","og_site_name":"staging.nationalpardon.org","twitter_card":"summary_large_image","twitter_misc":{"Est. reading time":"3 minutes"},"schema":{"@context":"https:\/\/schema.org","@graph":[{"@type":"WebPage","@id":"https:\/\/staging.nationalpardon.org\/?page_id=16053","url":"https:\/\/staging.nationalpardon.org\/?page_id=16053","name":"Admissibilit\u00e9 au pardon canadien (suspension du casier judiciaire)","isPartOf":{"@id":"https:\/\/staging.nationalpardon.org\/#website"},"datePublished":"2019-01-30T23:58:27+00:00","description":"Centre du Pardon National | \u00cates-vous admissible pour un pardon au Canada? D\u00e9couvrez plus d'informations sur l'obtention d'un pardon canadien.","breadcrumb":{"@id":"https:\/\/staging.nationalpardon.org\/?page_id=16053#breadcrumb"},"inLanguage":"en-CA","potentialAction":[{"@type":"ReadAction","target":["https:\/\/staging.nationalpardon.org\/?page_id=16053"]}]},{"@type":"BreadcrumbList","@id":"https:\/\/staging.nationalpardon.org\/?page_id=16053#breadcrumb","itemListElement":[{"@type":"ListItem","position":1,"name":"Home","item":"https:\/\/staging.nationalpardon.org\/"},{"@type":"ListItem","position":2,"name":"L\u2019admissibilit\u00e9 au Pardon"}]},{"@type":"WebSite","@id":"https:\/\/staging.nationalpardon.org\/#website","url":"https:\/\/staging.nationalpardon.org\/","name":"staging.nationalpardon.org","description":"","potentialAction":[{"@type":"SearchAction","target":{"@type":"EntryPoint","urlTemplate":"https:\/\/staging.nationalpardon.org\/?s={search_term_string}"},"query-input":{"@type":"PropertyValueSpecification","valueRequired":true,"valueName":"search_term_string"}}],"inLanguage":"en-CA"}]}},"_links":{"self":[{"href":"https:\/\/staging.nationalpardon.org\/index.php?rest_route=\/wp\/v2\/pages\/16053","targetHints":{"allow":["GET"]}}],"collection":[{"href":"https:\/\/staging.nationalpardon.org\/index.php?rest_route=\/wp\/v2\/pages"}],"about":[{"href":"https:\/\/staging.nationalpardon.org\/index.php?rest_route=\/wp\/v2\/types\/page"}],"author":[{"embeddable":true,"href":"https:\/\/staging.nationalpardon.org\/index.php?rest_route=\/wp\/v2\/users\/2"}],"replies":[{"embeddable":true,"href":"https:\/\/staging.nationalpardon.org\/index.php?rest_route=%2Fwp%2Fv2%2Fcomments&post=16053"}],"version-history":[{"count":0,"href":"https:\/\/staging.nationalpardon.org\/index.php?rest_route=\/wp\/v2\/pages\/16053\/revisions"}],"wp:attachment":[{"href":"https:\/\/staging.nationalpardon.org\/index.php?rest_route=%2Fwp%2Fv2%2Fmedia&parent=16053"}],"curies":[{"name":"wp","href":"https:\/\/api.w.org\/{rel}","templated":true}]}}