{"id":16057,"date":"2019-01-31T00:07:12","date_gmt":"2019-01-31T00:07:12","guid":{"rendered":"https:\/\/nationalpardon.org\/?page_id=16057"},"modified":"2019-01-31T00:07:12","modified_gmt":"2019-01-31T00:07:12","slug":"fonctionnement-le-pardon","status":"publish","type":"page","link":"https:\/\/staging.nationalpardon.org\/?page_id=16057","title":{"rendered":"Pardon"},"content":{"rendered":"<p>[vc_section][vc_row][vc_column][vc_row_inner][vc_column_inner width=&#8221;1\/2&#8243; offset=&#8221;vc_hidden-lg vc_hidden-md&#8221;][vc_btn title=&#8221;TOUCHEZ POUR APPELER&#8221; style=&#8221;custom&#8221; custom_background=&#8221;#223f83&#8243; custom_text=&#8221;#ffffff&#8221; align=&#8221;center&#8221; i_icon_fontawesome=&#8221;fa fa-phone&#8221; button_block=&#8221;true&#8221; add_icon=&#8221;true&#8221; link=&#8221;url:tel%3A18662422411|||&#8221; css=&#8221;.vc_custom_1550113634327{margin-right: 25px !important;margin-left: 25px !important;}&#8221;][\/vc_column_inner][vc_column_inner width=&#8221;1\/2&#8243; offset=&#8221;vc_hidden-lg vc_hidden-md&#8221;][vc_btn title=&#8221;Demande en ligne&#8221; style=&#8221;custom&#8221; custom_background=&#8221;#cd001b&#8221; custom_text=&#8221;#ffffff&#8221; align=&#8221;center&#8221; i_icon_fontawesome=&#8221;fa fa-wpforms&#8221; button_block=&#8221;true&#8221; add_icon=&#8221;true&#8221; link=&#8221;url:%2Fdemande-en-ligne-pg-1%2F%3Flang%3Dfr|||&#8221; css=&#8221;.vc_custom_1550522928034{margin-right: 25px !important;margin-left: 25px !important;}&#8221;][\/vc_column_inner][\/vc_row_inner][\/vc_column][\/vc_row][\/vc_section][vc_row row_container=&#8221;true&#8221;][vc_column][vc_custom_heading text=&#8221;Fonctionnement \u2013 Le Pardon&#8221; font_container=&#8221;tag:h1|font_size:28px|text_align:left|line_height:36px&#8221; use_theme_fonts=&#8221;yes&#8221; custom_style=&#8221;letter-spacing: -0.075em;&#8221;][vc_column_text]Les demandes de pardon sont trait\u00e9es par la Commission des lib\u00e9rations conditionnelles du Canada, et le pardon est donc octroy\u00e9 par le gouvernement f\u00e9d\u00e9ral qui par le fait m\u00eame supprime votre casier judiciaire.[\/vc_column_text][\/vc_column][\/vc_row][vc_row row_container=&#8221;true&#8221;][vc_column][vc_custom_heading text=&#8221;Comment le CPN peut vous aider&#8221; font_container=&#8221;tag:h2|font_size:20px|text_align:left|line_height:24px&#8221; use_theme_fonts=&#8221;yes&#8221; custom_style=&#8221;letter-spacing: -0.075em;&#8221;][vc_column_text]Nous sommes les experts en pr\u00e9paration de demandes de pardon, et nous faisons tout notre possible pour que votre demande soit accept\u00e9e. Certains de nos concurrents par contre ne se soucient pas de tous les d\u00e9tails et vous obligent par cons\u00e9quent \u00e0 vous occuper vous-m\u00eame de la majorit\u00e9 du travail de pr\u00e9paration.<\/p>\n<p>Forts de plus de dix ans d\u2019exp\u00e9rience, nous vous proposons le service le plus complet qui soit. Confiez-nous votre dossier et ayez l\u2019esprit tranquille.[\/vc_column_text][\/vc_column][\/vc_row][vc_row row_container=&#8221;true&#8221;][vc_column][vc_custom_heading text=&#8221;Ne perdez pas de temps&#8221; font_container=&#8221;tag:h2|font_size:20px|text_align:left|line_height:24px&#8221; use_theme_fonts=&#8221;yes&#8221; custom_style=&#8221;letter-spacing: -0.075em;&#8221;][vc_column_text]Nous mettons le processus en marche d\u00e8s votre demande d\u2019inscription, normalement\u00a0 dans les heures qui suivent la r\u00e9ception de votre demande, et nous faisons par la suite tout notre possible pour r\u00e9duire les d\u00e9lais de traitement.[\/vc_column_text][\/vc_column][\/vc_row][vc_row row_container=&#8221;true&#8221;][vc_column][vc_custom_heading text=&#8221;Comment s\u2019inscrire&#8221; font_container=&#8221;tag:h2|font_size:20px|text_align:left|line_height:24px&#8221; use_theme_fonts=&#8221;yes&#8221; custom_style=&#8221;letter-spacing: -0.075em;&#8221;][vc_column_text]Commencez votre demande d\u00e8s maintenant en compl\u00e9tant le formulaire d\u2019inscription en ligne. Autrement, nous vous invitons \u00e0 nous contacter par t\u00e9l\u00e9phone ou passer \u00e0 nos bureaux. Nous sommes l\u00e0 pour vous aider.[\/vc_column_text][\/vc_column][\/vc_row][vc_section full_width=&#8221;stretch_row&#8221; css=&#8221;.vc_custom_1549843553441{padding-bottom: 30px !important;background-color: #cd001b !important;}&#8221;][vc_row row_container=&#8221;true&#8221; css=&#8221;.vc_custom_1544536648507{background-color: #cd001b !important;}&#8221;][vc_column width=&#8221;2\/3&#8243;][vc_column_text]<\/p>\n<p style=\"font-size: x-large; text-align: left;\"><span style=\"color: #ffffff;\"><strong>Veuillez nous contacter : <\/strong><span style=\"text-decoration: underline;\"><strong><a style=\"color: #ffffff; text-decoration: underline;\" href=\"tel:18662422411\">1-866-242-2411<\/a><\/strong><\/span><strong> de 8h30 \u00e0 17hres, du lundi au vendredi.<\/strong><\/span><\/p>\n<p>[\/vc_column_text][\/vc_column][vc_column width=&#8221;1\/3&#8243;][vc_btn title=&#8221;CONSULTATION&#8221; style=&#8221;custom&#8221; custom_background=&#8221;#1e3c82&#8243; custom_text=&#8221;#ffffff&#8221; shape=&#8221;round&#8221; css=&#8221;.vc_custom_1549786832030{padding-right: 50px !important;padding-left: 50px !important;}&#8221; link=&#8221;url:%2Fconsultations-sans-frais-2%2F%3Flang%3Dfr|||&#8221;][\/vc_column][\/vc_row][\/vc_section]<\/p>\n","protected":false},"excerpt":{"rendered":"<p>[vc_section][vc_row][vc_column][vc_row_inner][vc_column_inner width=&#8221;1\/2&#8243; offset=&#8221;vc_hidden-lg vc_hidden-md&#8221;][vc_btn title=&#8221;TOUCHEZ POUR APPELER&#8221; style=&#8221;custom&#8221; custom_background=&#8221;#223f83&#8243; custom_text=&#8221;#ffffff&#8221; align=&#8221;center&#8221; i_icon_fontawesome=&#8221;fa fa-phone&#8221; button_block=&#8221;true&#8221; add_icon=&#8221;true&#8221; link=&#8221;url:tel%3A18662422411|||&#8221; css=&#8221;.vc_custom_1550113634327{margin-right: 25px !important;margin-left: 25px !important;}&#8221;][\/vc_column_inner][vc_column_inner width=&#8221;1\/2&#8243; offset=&#8221;vc_hidden-lg vc_hidden-md&#8221;][vc_btn title=&#8221;Demande en ligne&#8221; style=&#8221;custom&#8221; custom_background=&#8221;#cd001b&#8221; custom_text=&#8221;#ffffff&#8221; align=&#8221;center&#8221; i_icon_fontawesome=&#8221;fa fa-wpforms&#8221; button_block=&#8221;true&#8221; add_icon=&#8221;true&#8221; link=&#8221;url:%2Fdemande-en-ligne-pg-1%2F%3Flang%3Dfr|||&#8221; css=&#8221;.vc_custom_1550522928034{margin-right: 25px !important;margin-left: 25px !important;}&#8221;][\/vc_column_inner][\/vc_row_inner][\/vc_column][\/vc_row][\/vc_section][vc_row row_container=&#8221;true&#8221;][vc_column][vc_custom_heading text=&#8221;Fonctionnement \u2013 Le Pardon&#8221; font_container=&#8221;tag:h1|font_size:28px|text_align:left|line_height:36px&#8221; use_theme_fonts=&#8221;yes&#8221; custom_style=&#8221;letter-spacing: -0.075em;&#8221;][vc_column_text]Les demandes de pardon sont trait\u00e9es [&hellip;]<\/p>\n","protected":false},"author":2,"featured_media":0,"parent":0,"menu_order":0,"comment_status":"closed","ping_status":"closed","template":"","meta":{"footnotes":""},"class_list":["post-16057","page","type-page","status-publish","hentry"],"yoast_head":"<!-- This site is optimized with the Yoast SEO plugin v27.4 - https:\/\/yoast.com\/product\/yoast-seo-wordpress\/ -->\n<title>Comment fonctionne le pardon canadien? | Centre du Pardon National<\/title>\n<meta name=\"description\" content=\"Centre du Pardon National | Informations d\u00e9taill\u00e9es sur le processus de demande de pardon canadien.\" \/>\n<meta name=\"robots\" content=\"noindex, follow, max-snippet:-1, max-image-preview:large, max-video-preview:-1\" \/>\n<meta property=\"og:locale\" content=\"en_US\" \/>\n<meta property=\"og:type\" content=\"article\" \/>\n<meta property=\"og:title\" content=\"Comment fonctionne le pardon canadien? | Centre du Pardon National\" \/>\n<meta property=\"og:description\" content=\"Centre du Pardon National | Informations d\u00e9taill\u00e9es sur le processus de demande de pardon canadien.\" \/>\n<meta property=\"og:url\" content=\"https:\/\/staging.nationalpardon.org\/?page_id=16057\" \/>\n<meta property=\"og:site_name\" content=\"staging.nationalpardon.org\" \/>\n<meta name=\"twitter:card\" content=\"summary_large_image\" \/>\n<meta name=\"twitter:label1\" content=\"Est. reading time\" \/>\n\t<meta name=\"twitter:data1\" content=\"3 minutes\" \/>\n<script type=\"application\/ld+json\" class=\"yoast-schema-graph\">{\"@context\":\"https:\\\/\\\/schema.org\",\"@graph\":[{\"@type\":\"WebPage\",\"@id\":\"https:\\\/\\\/staging.nationalpardon.org\\\/?page_id=16057\",\"url\":\"https:\\\/\\\/staging.nationalpardon.org\\\/?page_id=16057\",\"name\":\"Comment fonctionne le pardon canadien? | Centre du Pardon National\",\"isPartOf\":{\"@id\":\"https:\\\/\\\/staging.nationalpardon.org\\\/#website\"},\"datePublished\":\"2019-01-31T00:07:12+00:00\",\"description\":\"Centre du Pardon National | Informations d\u00e9taill\u00e9es sur le processus de demande de pardon canadien.\",\"breadcrumb\":{\"@id\":\"https:\\\/\\\/staging.nationalpardon.org\\\/?page_id=16057#breadcrumb\"},\"inLanguage\":\"en-CA\",\"potentialAction\":[{\"@type\":\"ReadAction\",\"target\":[\"https:\\\/\\\/staging.nationalpardon.org\\\/?page_id=16057\"]}]},{\"@type\":\"BreadcrumbList\",\"@id\":\"https:\\\/\\\/staging.nationalpardon.org\\\/?page_id=16057#breadcrumb\",\"itemListElement\":[{\"@type\":\"ListItem\",\"position\":1,\"name\":\"Home\",\"item\":\"https:\\\/\\\/staging.nationalpardon.org\\\/\"},{\"@type\":\"ListItem\",\"position\":2,\"name\":\"Pardon\"}]},{\"@type\":\"WebSite\",\"@id\":\"https:\\\/\\\/staging.nationalpardon.org\\\/#website\",\"url\":\"https:\\\/\\\/staging.nationalpardon.org\\\/\",\"name\":\"staging.nationalpardon.org\",\"description\":\"\",\"potentialAction\":[{\"@type\":\"SearchAction\",\"target\":{\"@type\":\"EntryPoint\",\"urlTemplate\":\"https:\\\/\\\/staging.nationalpardon.org\\\/?s={search_term_string}\"},\"query-input\":{\"@type\":\"PropertyValueSpecification\",\"valueRequired\":true,\"valueName\":\"search_term_string\"}}],\"inLanguage\":\"en-CA\"}]}<\/script>\n<!-- \/ Yoast SEO plugin. -->","yoast_head_json":{"title":"Comment fonctionne le pardon canadien? | Centre du Pardon National","description":"Centre du Pardon National | Informations d\u00e9taill\u00e9es sur le processus de demande de pardon canadien.","robots":{"index":"noindex","follow":"follow","max-snippet":"max-snippet:-1","max-image-preview":"max-image-preview:large","max-video-preview":"max-video-preview:-1"},"og_locale":"en_US","og_type":"article","og_title":"Comment fonctionne le pardon canadien? | Centre du Pardon National","og_description":"Centre du Pardon National | Informations d\u00e9taill\u00e9es sur le processus de demande de pardon canadien.","og_url":"https:\/\/staging.nationalpardon.org\/?page_id=16057","og_site_name":"staging.nationalpardon.org","twitter_card":"summary_large_image","twitter_misc":{"Est. reading time":"3 minutes"},"schema":{"@context":"https:\/\/schema.org","@graph":[{"@type":"WebPage","@id":"https:\/\/staging.nationalpardon.org\/?page_id=16057","url":"https:\/\/staging.nationalpardon.org\/?page_id=16057","name":"Comment fonctionne le pardon canadien? | Centre du Pardon National","isPartOf":{"@id":"https:\/\/staging.nationalpardon.org\/#website"},"datePublished":"2019-01-31T00:07:12+00:00","description":"Centre du Pardon National | Informations d\u00e9taill\u00e9es sur le processus de demande de pardon canadien.","breadcrumb":{"@id":"https:\/\/staging.nationalpardon.org\/?page_id=16057#breadcrumb"},"inLanguage":"en-CA","potentialAction":[{"@type":"ReadAction","target":["https:\/\/staging.nationalpardon.org\/?page_id=16057"]}]},{"@type":"BreadcrumbList","@id":"https:\/\/staging.nationalpardon.org\/?page_id=16057#breadcrumb","itemListElement":[{"@type":"ListItem","position":1,"name":"Home","item":"https:\/\/staging.nationalpardon.org\/"},{"@type":"ListItem","position":2,"name":"Pardon"}]},{"@type":"WebSite","@id":"https:\/\/staging.nationalpardon.org\/#website","url":"https:\/\/staging.nationalpardon.org\/","name":"staging.nationalpardon.org","description":"","potentialAction":[{"@type":"SearchAction","target":{"@type":"EntryPoint","urlTemplate":"https:\/\/staging.nationalpardon.org\/?s={search_term_string}"},"query-input":{"@type":"PropertyValueSpecification","valueRequired":true,"valueName":"search_term_string"}}],"inLanguage":"en-CA"}]}},"_links":{"self":[{"href":"https:\/\/staging.nationalpardon.org\/index.php?rest_route=\/wp\/v2\/pages\/16057","targetHints":{"allow":["GET"]}}],"collection":[{"href":"https:\/\/staging.nationalpardon.org\/index.php?rest_route=\/wp\/v2\/pages"}],"about":[{"href":"https:\/\/staging.nationalpardon.org\/index.php?rest_route=\/wp\/v2\/types\/page"}],"author":[{"embeddable":true,"href":"https:\/\/staging.nationalpardon.org\/index.php?rest_route=\/wp\/v2\/users\/2"}],"replies":[{"embeddable":true,"href":"https:\/\/staging.nationalpardon.org\/index.php?rest_route=%2Fwp%2Fv2%2Fcomments&post=16057"}],"version-history":[{"count":0,"href":"https:\/\/staging.nationalpardon.org\/index.php?rest_route=\/wp\/v2\/pages\/16057\/revisions"}],"wp:attachment":[{"href":"https:\/\/staging.nationalpardon.org\/index.php?rest_route=%2Fwp%2Fv2%2Fmedia&parent=16057"}],"curies":[{"name":"wp","href":"https:\/\/api.w.org\/{rel}","templated":true}]}}