{"id":16088,"date":"2019-01-31T02:55:43","date_gmt":"2019-01-31T02:55:43","guid":{"rendered":"https:\/\/nationalpardon.org\/?page_id=16088"},"modified":"2019-01-31T02:55:43","modified_gmt":"2019-01-31T02:55:43","slug":"eligibilite-pour-le-waiver-americain","status":"publish","type":"page","link":"https:\/\/staging.nationalpardon.org\/?page_id=16088","title":{"rendered":"\u00c9ligibilit\u00e9 pour le waiver am\u00e9ricain"},"content":{"rendered":"<p>[vc_section][vc_row][vc_column][vc_row_inner][vc_column_inner width=&#8221;1\/2&#8243; offset=&#8221;vc_hidden-lg vc_hidden-md&#8221;][vc_btn title=&#8221;TOUCHEZ POUR APPELER&#8221; style=&#8221;custom&#8221; custom_background=&#8221;#223f83&#8243; custom_text=&#8221;#ffffff&#8221; align=&#8221;center&#8221; i_icon_fontawesome=&#8221;fa fa-phone&#8221; button_block=&#8221;true&#8221; add_icon=&#8221;true&#8221; link=&#8221;url:tel%3A18662422411|||&#8221; css=&#8221;.vc_custom_1550113634327{margin-right: 25px !important;margin-left: 25px !important;}&#8221;][\/vc_column_inner][vc_column_inner width=&#8221;1\/2&#8243; offset=&#8221;vc_hidden-lg vc_hidden-md&#8221;][vc_btn title=&#8221;Demande en ligne&#8221; style=&#8221;custom&#8221; custom_background=&#8221;#cd001b&#8221; custom_text=&#8221;#ffffff&#8221; align=&#8221;center&#8221; i_icon_fontawesome=&#8221;fa fa-wpforms&#8221; button_block=&#8221;true&#8221; add_icon=&#8221;true&#8221; link=&#8221;url:%2Fdemande-en-ligne-pg-1%2F%3Flang%3Dfr|||&#8221; css=&#8221;.vc_custom_1550522928034{margin-right: 25px !important;margin-left: 25px !important;}&#8221;][\/vc_column_inner][\/vc_row_inner][\/vc_column][\/vc_row][\/vc_section][vc_row row_container=&#8221;true&#8221;][vc_column][vc_custom_heading text=&#8221;\u00c9ligibilit\u00e9 pour le waiver am\u00e9ricain&#8221; font_container=&#8221;tag:h1|font_size:28px|text_align:left|line_height:36px&#8221; use_theme_fonts=&#8221;yes&#8221; custom_style=&#8221;letter-spacing: -0.075em;&#8221;][vc_column_text]Alors que le Canada est tr\u00e8s strict dans sa r\u00e9glementation des individus qui sont dits \u00e9ligibles au pardon, la situation est toute autre dans le cas du\u00a0<a href=\"https:\/\/nationalpardon.org\/demande-de-waiver-americain\/?lang=fr\">Waiver am\u00e9ricain<\/a>.<\/p>\n<p>Tout Canadien ayant un casier judiciaire peut appliquer pour un Waiver am\u00e9ricain et la plupart des demandes sont accept\u00e9es. Tant que vous n\u2019\u00eates pas pr\u00e9sentement en processus de comparution \u00e0 la Cour et que vous avez termin\u00e9 de servir votre sentence, vous \u00eates \u00e9ligible pour la demande de Waiver. Sachez que certaines accusations ne vous emp\u00eachent pas l\u2019entr\u00e9e aux \u00c9tats-Unis. Si vous \u00eates incertain de votre situation, n\u2019h\u00e9sitez pas \u00e0 nous appeler afin qu\u2019un de nos conseillers vous prodiguent les informations relatives \u00e0 votre cas.[\/vc_column_text][\/vc_column][\/vc_row][vc_row row_container=&#8221;true&#8221;][vc_column][vc_custom_heading text=&#8221;Crit\u00e8res pour qu\u2019une demande de waiver soit accept\u00e9e&#8221; font_container=&#8221;tag:h2|font_size:20px|text_align:left|line_height:24px&#8221; use_theme_fonts=&#8221;yes&#8221; custom_style=&#8221;letter-spacing: -0.075em;&#8221;][vc_column_text]Plut\u00f4t que de vous demander ce qui rend un requ\u00e9rant \u00e9ligible pour le Waiver, demandez-vous plut\u00f4t ce qui rend une application assez solide pour \u00eatre accept\u00e9e.<\/p>\n<p>Bien que le Department of Homeland Security des \u00c9tats-Unis puisse \u00eatre h\u00e9sitant envers un candidat dont les charges criminelles sont r\u00e9centes ou s\u00e9v\u00e8res, la majorit\u00e9 des Canadiens se verront octroyer le Waiver.<\/p>\n<p>Ce n\u2019est aucunement dans l\u2019int\u00e9r\u00eat des \u00c9tats-Unis que de bloquer l\u2019acc\u00e8s \u00e0 leur pays \u00e0 des Canadiens responsables et respectueux des lois. Les individus qui \u00e9valueront votre demande de Waiver en sont bien conscients.<\/p>\n<p>Sachez toutefois que les am\u00e9ricains qui \u00e9valueront la demande d\u2019un individu souhaitant voyager aux \u00c9tats-Unis seront tr\u00e8s sensibles et pointilleux concernant les cas suivants\u00a0:<\/p>\n<ul>\n<li>Que le candidat puisse commettre \u00e0 nouveau une offense sur le territoire am\u00e9ricain.<\/li>\n<li>Que le candidat puisse contrevenir aux lois des \u00c9tats-Unis concernant l\u2019immigration, par le fait d\u2019y travailler ill\u00e9galement<\/li>\n<li>Que le candidat demeure aux \u00c9tats-Unis pour une p\u00e9riode sup\u00e9rieure \u00e0 6 mois<\/li>\n<\/ul>\n<p>[\/vc_column_text][\/vc_column][\/vc_row][vc_row row_container=&#8221;true&#8221;][vc_column][vc_custom_heading text=&#8221;Que faire?&#8221; font_container=&#8221;tag:h2|font_size:20px|text_align:left|line_height:24px&#8221; use_theme_fonts=&#8221;yes&#8221; custom_style=&#8221;letter-spacing: -0.075em;&#8221;][vc_column_text]Vous devez prouver au gouvernement am\u00e9ricain que vous n\u2019\u00eates pas un risque pour leur pays. Plusieurs choses peuvent \u00eatre faites afin de solidifier votre argumentaire lorsque vous \u00e9mettez votre application pour le Waiver am\u00e9ricain. Par exemple:<\/p>\n<ul>\n<li>Reconna\u00eetre et prendre responsabilit\u00e9 de vos erreurs pass\u00e9es. Mentionnez aussi que vous avez pris les moyens de vous am\u00e9liorer.<\/li>\n<li>Pr\u00e9cisez quelles d\u00e9marches vous avez r\u00e9alis\u00e9es afin de devenir un meilleur citoyen, ainsi que les r\u00e9sultats positifs et b\u00e9n\u00e9fiques de vos d\u00e9marches.<\/li>\n<li>D\u00e9montrez que vous avez les moyens financiers de vous d\u00e9brouillez aux \u00c9tats-Unis.<\/li>\n<li>D\u00e9montrez votre attachement et vos liens solides au Canada.<\/li>\n<li>D\u00e9montrez que vous avez appris de vos erreurs et que vous \u00eates devenu une meilleure personne, un meilleur citoyen.<\/li>\n<li>Ne tentez pas de trouver des excuses pour vos actions qui ont \u00e9t\u00e9 jug\u00e9es criminelles.<\/li>\n<li>Ne sugg\u00e9rez pas que vos actions \u00e9taient minimes ou que vous avez plaid\u00e9 coupable sous le seul conseil de votre avocat.<\/li>\n<\/ul>\n<p>[\/vc_column_text][\/vc_column][\/vc_row][vc_row row_container=&#8221;true&#8221;][vc_column][vc_custom_heading text=&#8221;Liens solides au Canada&#8221; font_container=&#8221;tag:h2|font_size:20px|text_align:left|line_height:24px&#8221; use_theme_fonts=&#8221;yes&#8221; custom_style=&#8221;letter-spacing: -0.075em;&#8221;][vc_column_text]Vous pouvez d\u00e9montrer que vous n\u2019avez pas l\u2019intention de vivre ni de travailler ill\u00e9galement aux \u00c9tats-Unis en d\u00e9montrant au gouvernement am\u00e9ricain que vous \u00eates bien \u00e9tabli au Canada. Parlez-leur de votre famille, de vos amis, de votre carri\u00e8re. Racontez-leur ce que vous aimez \u00e0 propos de votre pays. De votre maison, des acquisitions dont vous \u00eates fier, de votre mode de vie et de vos activit\u00e9s\u2026<\/p>\n<p>Lorsque vous d\u00e9crivez votre vie au Canada, vous devez prouver au gouvernement am\u00e9ricain que vous \u00eates un citoyen canadien responsable et respectueux \u2013 bref, le genre de personne qu\u2019ils accepteront de laisser passer de leur c\u00f4t\u00e9 de la fronti\u00e8re.[\/vc_column_text][\/vc_column][\/vc_row][vc_row row_container=&#8221;true&#8221;][vc_column width=&#8221;2\/3&#8243;][vc_custom_heading text=&#8221;\u00c9tapes additionnelles&#8221; font_container=&#8221;tag:h2|font_size:20px|text_align:left|line_height:24px&#8221; use_theme_fonts=&#8221;yes&#8221; custom_style=&#8221;letter-spacing: -0.075em;&#8221;][vc_column_text]Certains documents peuvent \u00eatre ajout\u00e9s \u00e0 votre demande afin de rendre votre dossier plus solide. D\u2019autres sont n\u00e9cessaires et obligatoires comme votre casier judiciaire, les documents de la Cour, vos formulaires d\u2019immigration, etc.<\/p>\n<p>Si vous d\u00e9sirez r\u00e9aliser votre demande de Waiver am\u00e9ricain vous-m\u00eame, sachez que cela est possible. Prenez votre temps et soyez prudent. Si votre demande est accept\u00e9e, vous vous verrez octroyer le Waiver pour une p\u00e9riode de 1 \u00e0 5 ans. Soyez averti que d\u00e8s l\u2019expiration de ce document, vous aurez besoin d\u2019un nouveau Waiver valide et que vous devrez \u00e0 nouveau soumettre une demande afin de l\u2019obtenir.<\/p>\n<p>Si vous avez des questions, n\u2019h\u00e9sitez pas \u00e0 nous rejoindre par t\u00e9l\u00e9phone ou par courriel. Nous serons heureux de vous pr\u00e9parer la meilleure demande de Waiver am\u00e9ricain possible.[\/vc_column_text][\/vc_column][vc_column width=&#8221;1\/3&#8243;][vc_single_image image=&#8221;16000&#8243; img_size=&#8221;full&#8221; alignment=&#8221;center&#8221;][vc_btn title=&#8221;COMMENCEZ&#8221; style=&#8221;custom&#8221; custom_background=&#8221;#1e3c82&#8243; custom_text=&#8221;#ffffff&#8221; shape=&#8221;round&#8221; align=&#8221;center&#8221; css=&#8221;.vc_custom_1549844592373{padding-right: 50px !important;padding-left: 50px !important;}&#8221; link=&#8221;url:%2Fdemande-en-ligne-pg-1%2F%3Flang%3Dfr|||&#8221;][\/vc_column][\/vc_row][vc_section full_width=&#8221;stretch_row&#8221; disable_element=&#8221;yes&#8221; css=&#8221;.vc_custom_1548206686423{margin-bottom: 36px !important;padding-bottom: 30px !important;background-color: #cd001b !important;}&#8221;][vc_row row_container=&#8221;true&#8221; css=&#8221;.vc_custom_1544536648507{background-color: #cd001b !important;}&#8221;][vc_column width=&#8221;2\/3&#8243;][vc_column_text]<\/p>\n<p style=\"font-size: x-large; text-align: left;\"><span style=\"color: #ffffff;\"><strong>Call us: <\/strong><span style=\"text-decoration: underline;\"><strong><a style=\"color: #ffffff; text-decoration: underline;\" href=\"tel:18662422411\">1-866-242-2411<\/a><\/strong><\/span><strong> 8:30am \u2013 5:00pm Monday to Friday<\/strong><\/span><\/p>\n<p>[\/vc_column_text][\/vc_column][vc_column width=&#8221;1\/3&#8243;][vc_btn title=&#8221;START NOW&#8221; style=&#8221;custom&#8221; custom_background=&#8221;#1e3c82&#8243; custom_text=&#8221;#ffffff&#8221; shape=&#8221;round&#8221; css=&#8221;.vc_custom_1544497226507{padding-right: 50px !important;padding-left: 50px !important;}&#8221;][\/vc_column][\/vc_row][\/vc_section][vc_section full_width=&#8221;stretch_row&#8221; css=&#8221;.vc_custom_1547492265349{padding-bottom: 30px !important;background-color: #cd001b !important;}&#8221;][vc_row row_container=&#8221;true&#8221; css=&#8221;.vc_custom_1544536648507{background-color: #cd001b !important;}&#8221;][vc_column width=&#8221;2\/3&#8243;][vc_column_text]<\/p>\n<p style=\"font-size: x-large; text-align: left;\"><span style=\"color: #ffffff;\"><strong>Veuillez nous contacter : <\/strong><span style=\"text-decoration: underline;\"><strong><a style=\"color: #ffffff; text-decoration: underline;\" href=\"tel:18662422411\">1-866-242-2411<\/a><\/strong><\/span><strong> de 8h30 \u00e0 17hres, du lundi au vendredi.<\/strong><\/span><\/p>\n<p>[\/vc_column_text][\/vc_column][vc_column width=&#8221;1\/3&#8243;][vc_btn title=&#8221;CONSULTATION&#8221; style=&#8221;custom&#8221; custom_background=&#8221;#1e3c82&#8243; custom_text=&#8221;#ffffff&#8221; shape=&#8221;round&#8221; css=&#8221;.vc_custom_1549784840915{padding-right: 50px !important;padding-left: 50px !important;}&#8221; link=&#8221;url:%2Fconsultations-sans-frais-2%2F%3Flang%3Dfr|||&#8221;][\/vc_column][\/vc_row][\/vc_section]<\/p>\n","protected":false},"excerpt":{"rendered":"<p>[vc_section][vc_row][vc_column][vc_row_inner][vc_column_inner width=&#8221;1\/2&#8243; offset=&#8221;vc_hidden-lg vc_hidden-md&#8221;][vc_btn title=&#8221;TOUCHEZ POUR APPELER&#8221; style=&#8221;custom&#8221; custom_background=&#8221;#223f83&#8243; custom_text=&#8221;#ffffff&#8221; align=&#8221;center&#8221; i_icon_fontawesome=&#8221;fa fa-phone&#8221; button_block=&#8221;true&#8221; add_icon=&#8221;true&#8221; link=&#8221;url:tel%3A18662422411|||&#8221; css=&#8221;.vc_custom_1550113634327{margin-right: 25px !important;margin-left: 25px !important;}&#8221;][\/vc_column_inner][vc_column_inner width=&#8221;1\/2&#8243; offset=&#8221;vc_hidden-lg vc_hidden-md&#8221;][vc_btn title=&#8221;Demande en ligne&#8221; style=&#8221;custom&#8221; custom_background=&#8221;#cd001b&#8221; custom_text=&#8221;#ffffff&#8221; align=&#8221;center&#8221; i_icon_fontawesome=&#8221;fa fa-wpforms&#8221; button_block=&#8221;true&#8221; add_icon=&#8221;true&#8221; link=&#8221;url:%2Fdemande-en-ligne-pg-1%2F%3Flang%3Dfr|||&#8221; css=&#8221;.vc_custom_1550522928034{margin-right: 25px !important;margin-left: 25px !important;}&#8221;][\/vc_column_inner][\/vc_row_inner][\/vc_column][\/vc_row][\/vc_section][vc_row row_container=&#8221;true&#8221;][vc_column][vc_custom_heading text=&#8221;\u00c9ligibilit\u00e9 pour le waiver am\u00e9ricain&#8221; font_container=&#8221;tag:h1|font_size:28px|text_align:left|line_height:36px&#8221; use_theme_fonts=&#8221;yes&#8221; custom_style=&#8221;letter-spacing: -0.075em;&#8221;][vc_column_text]Alors que le Canada est [&hellip;]<\/p>\n","protected":false},"author":2,"featured_media":0,"parent":0,"menu_order":0,"comment_status":"closed","ping_status":"closed","template":"","meta":{"footnotes":""},"class_list":["post-16088","page","type-page","status-publish","hentry"],"yoast_head":"<!-- This site is optimized with the Yoast SEO plugin v27.4 - https:\/\/yoast.com\/product\/yoast-seo-wordpress\/ -->\n<title>\u00c9ligibilit\u00e9 pour le waiver am\u00e9ricaine | Centre du pardon national<\/title>\n<meta name=\"description\" content=\"The United States government requires detailed information when you are applying for a US waiver. Look at the steps required to get a successful result.\" \/>\n<meta name=\"robots\" content=\"noindex, follow, max-snippet:-1, max-image-preview:large, max-video-preview:-1\" \/>\n<meta property=\"og:locale\" content=\"en_US\" \/>\n<meta property=\"og:type\" content=\"article\" \/>\n<meta property=\"og:title\" content=\"\u00c9ligibilit\u00e9 pour le waiver am\u00e9ricaine | Centre du pardon national\" \/>\n<meta property=\"og:description\" content=\"The United States government requires detailed information when you are applying for a US waiver. Look at the steps required to get a successful result.\" \/>\n<meta property=\"og:url\" content=\"https:\/\/staging.nationalpardon.org\/?page_id=16088\" \/>\n<meta property=\"og:site_name\" content=\"staging.nationalpardon.org\" \/>\n<meta name=\"twitter:card\" content=\"summary_large_image\" \/>\n<meta name=\"twitter:label1\" content=\"Est. reading time\" \/>\n\t<meta name=\"twitter:data1\" content=\"7 minutes\" \/>\n<script type=\"application\/ld+json\" class=\"yoast-schema-graph\">{\"@context\":\"https:\\\/\\\/schema.org\",\"@graph\":[{\"@type\":\"WebPage\",\"@id\":\"https:\\\/\\\/staging.nationalpardon.org\\\/?page_id=16088\",\"url\":\"https:\\\/\\\/staging.nationalpardon.org\\\/?page_id=16088\",\"name\":\"\u00c9ligibilit\u00e9 pour le waiver am\u00e9ricaine | Centre du pardon national\",\"isPartOf\":{\"@id\":\"https:\\\/\\\/staging.nationalpardon.org\\\/#website\"},\"datePublished\":\"2019-01-31T02:55:43+00:00\",\"description\":\"The United States government requires detailed information when you are applying for a US waiver. Look at the steps required to get a successful result.\",\"breadcrumb\":{\"@id\":\"https:\\\/\\\/staging.nationalpardon.org\\\/?page_id=16088#breadcrumb\"},\"inLanguage\":\"en-CA\",\"potentialAction\":[{\"@type\":\"ReadAction\",\"target\":[\"https:\\\/\\\/staging.nationalpardon.org\\\/?page_id=16088\"]}]},{\"@type\":\"BreadcrumbList\",\"@id\":\"https:\\\/\\\/staging.nationalpardon.org\\\/?page_id=16088#breadcrumb\",\"itemListElement\":[{\"@type\":\"ListItem\",\"position\":1,\"name\":\"Home\",\"item\":\"https:\\\/\\\/staging.nationalpardon.org\\\/\"},{\"@type\":\"ListItem\",\"position\":2,\"name\":\"\u00c9ligibilit\u00e9 pour le waiver am\u00e9ricain\"}]},{\"@type\":\"WebSite\",\"@id\":\"https:\\\/\\\/staging.nationalpardon.org\\\/#website\",\"url\":\"https:\\\/\\\/staging.nationalpardon.org\\\/\",\"name\":\"staging.nationalpardon.org\",\"description\":\"\",\"potentialAction\":[{\"@type\":\"SearchAction\",\"target\":{\"@type\":\"EntryPoint\",\"urlTemplate\":\"https:\\\/\\\/staging.nationalpardon.org\\\/?s={search_term_string}\"},\"query-input\":{\"@type\":\"PropertyValueSpecification\",\"valueRequired\":true,\"valueName\":\"search_term_string\"}}],\"inLanguage\":\"en-CA\"}]}<\/script>\n<!-- \/ Yoast SEO plugin. -->","yoast_head_json":{"title":"\u00c9ligibilit\u00e9 pour le waiver am\u00e9ricaine | Centre du pardon national","description":"The United States government requires detailed information when you are applying for a US waiver. Look at the steps required to get a successful result.","robots":{"index":"noindex","follow":"follow","max-snippet":"max-snippet:-1","max-image-preview":"max-image-preview:large","max-video-preview":"max-video-preview:-1"},"og_locale":"en_US","og_type":"article","og_title":"\u00c9ligibilit\u00e9 pour le waiver am\u00e9ricaine | Centre du pardon national","og_description":"The United States government requires detailed information when you are applying for a US waiver. Look at the steps required to get a successful result.","og_url":"https:\/\/staging.nationalpardon.org\/?page_id=16088","og_site_name":"staging.nationalpardon.org","twitter_card":"summary_large_image","twitter_misc":{"Est. reading time":"7 minutes"},"schema":{"@context":"https:\/\/schema.org","@graph":[{"@type":"WebPage","@id":"https:\/\/staging.nationalpardon.org\/?page_id=16088","url":"https:\/\/staging.nationalpardon.org\/?page_id=16088","name":"\u00c9ligibilit\u00e9 pour le waiver am\u00e9ricaine | Centre du pardon national","isPartOf":{"@id":"https:\/\/staging.nationalpardon.org\/#website"},"datePublished":"2019-01-31T02:55:43+00:00","description":"The United States government requires detailed information when you are applying for a US waiver. Look at the steps required to get a successful result.","breadcrumb":{"@id":"https:\/\/staging.nationalpardon.org\/?page_id=16088#breadcrumb"},"inLanguage":"en-CA","potentialAction":[{"@type":"ReadAction","target":["https:\/\/staging.nationalpardon.org\/?page_id=16088"]}]},{"@type":"BreadcrumbList","@id":"https:\/\/staging.nationalpardon.org\/?page_id=16088#breadcrumb","itemListElement":[{"@type":"ListItem","position":1,"name":"Home","item":"https:\/\/staging.nationalpardon.org\/"},{"@type":"ListItem","position":2,"name":"\u00c9ligibilit\u00e9 pour le waiver am\u00e9ricain"}]},{"@type":"WebSite","@id":"https:\/\/staging.nationalpardon.org\/#website","url":"https:\/\/staging.nationalpardon.org\/","name":"staging.nationalpardon.org","description":"","potentialAction":[{"@type":"SearchAction","target":{"@type":"EntryPoint","urlTemplate":"https:\/\/staging.nationalpardon.org\/?s={search_term_string}"},"query-input":{"@type":"PropertyValueSpecification","valueRequired":true,"valueName":"search_term_string"}}],"inLanguage":"en-CA"}]}},"_links":{"self":[{"href":"https:\/\/staging.nationalpardon.org\/index.php?rest_route=\/wp\/v2\/pages\/16088","targetHints":{"allow":["GET"]}}],"collection":[{"href":"https:\/\/staging.nationalpardon.org\/index.php?rest_route=\/wp\/v2\/pages"}],"about":[{"href":"https:\/\/staging.nationalpardon.org\/index.php?rest_route=\/wp\/v2\/types\/page"}],"author":[{"embeddable":true,"href":"https:\/\/staging.nationalpardon.org\/index.php?rest_route=\/wp\/v2\/users\/2"}],"replies":[{"embeddable":true,"href":"https:\/\/staging.nationalpardon.org\/index.php?rest_route=%2Fwp%2Fv2%2Fcomments&post=16088"}],"version-history":[{"count":0,"href":"https:\/\/staging.nationalpardon.org\/index.php?rest_route=\/wp\/v2\/pages\/16088\/revisions"}],"wp:attachment":[{"href":"https:\/\/staging.nationalpardon.org\/index.php?rest_route=%2Fwp%2Fv2%2Fmedia&parent=16088"}],"curies":[{"name":"wp","href":"https:\/\/api.w.org\/{rel}","templated":true}]}}