{"id":16094,"date":"2019-01-31T03:02:52","date_gmt":"2019-01-31T03:02:52","guid":{"rendered":"https:\/\/nationalpardon.org\/?page_id=16094"},"modified":"2019-01-31T03:02:52","modified_gmt":"2019-01-31T03:02:52","slug":"prix-de-waiver","status":"publish","type":"page","link":"https:\/\/staging.nationalpardon.org\/?page_id=16094","title":{"rendered":"Prix de waiver"},"content":{"rendered":"<p>[vc_section][vc_row][vc_column][vc_row_inner][vc_column_inner width=&#8221;1\/2&#8243; offset=&#8221;vc_hidden-lg vc_hidden-md&#8221;][vc_btn title=&#8221;TOUCHEZ POUR APPELER&#8221; style=&#8221;custom&#8221; custom_background=&#8221;#223f83&#8243; custom_text=&#8221;#ffffff&#8221; align=&#8221;center&#8221; i_icon_fontawesome=&#8221;fa fa-phone&#8221; button_block=&#8221;true&#8221; add_icon=&#8221;true&#8221; link=&#8221;url:tel%3A18662422411|||&#8221; css=&#8221;.vc_custom_1550113634327{margin-right: 25px !important;margin-left: 25px !important;}&#8221;][\/vc_column_inner][vc_column_inner width=&#8221;1\/2&#8243; offset=&#8221;vc_hidden-lg vc_hidden-md&#8221;][vc_btn title=&#8221;Demande en ligne&#8221; style=&#8221;custom&#8221; custom_background=&#8221;#cd001b&#8221; custom_text=&#8221;#ffffff&#8221; align=&#8221;center&#8221; i_icon_fontawesome=&#8221;fa fa-wpforms&#8221; button_block=&#8221;true&#8221; add_icon=&#8221;true&#8221; link=&#8221;url:%2Fdemande-en-ligne-pg-1%2F%3Flang%3Dfr|||&#8221; css=&#8221;.vc_custom_1550522928034{margin-right: 25px !important;margin-left: 25px !important;}&#8221;][\/vc_column_inner][\/vc_row_inner][\/vc_column][\/vc_row][\/vc_section][vc_row row_container=&#8221;true&#8221;][vc_column][vc_custom_heading text=&#8221;Le co\u00fbt d\u2019un waiver am\u00e9ricain + frais de service&#8221; font_container=&#8221;tag:h1|font_size:28px|text_align:left|line_height:28px&#8221; use_theme_fonts=&#8221;yes&#8221; custom_style=&#8221;letter-spacing: -0.075em;&#8221;][\/vc_column][\/vc_row][vc_row row_container=&#8221;true&#8221;][vc_column][vc_separator][\/vc_column][\/vc_row][vc_row row_container=&#8221;true&#8221;][vc_column width=&#8221;2\/3&#8243;][vc_custom_heading text=&#8221;Service prioritaire: $930 + taxes&#8221; font_container=&#8221;tag:h2|font_size:20px|text_align:left|color:%23000080|line_height:24px&#8221; use_theme_fonts=&#8221;yes&#8221; custom_style=&#8221;letter-spacing: -0.075em;&#8221;][vc_column_text]Nous sommes convaincus que nous service prioritaire pour la demande de Waiver est la meilleure solution et la plus \u00e9conomique dans le secteur. Les d\u00e9boursements sont inclus et nous priorisons votre dossier afin qu\u2019il soit pr\u00e9par\u00e9 et transmis au Department of Homeland Security le plus rapidement possible.<\/p>\n<ul>\n<li>Soutien par t\u00e9l\u00e9phone et par courriel.<\/li>\n<li>D\u00e9boursements et frais de la cour inclus.<\/li>\n<li>Disponible partout avec possibilit\u00e9 de paiements mensuels le cas \u00e9ch\u00e9ant.<\/li>\n<\/ul>\n<p><em>Veuillez noter que les frais n\u2019incluent pas le frais de soumission pour le Department of Homeland Security, payable directement au gouvernement Am\u00e9ricain.<\/em>[\/vc_column_text][\/vc_column][vc_column width=&#8221;1\/3&#8243;][vc_single_image image=&#8221;16000&#8243; img_size=&#8221;full&#8221; alignment=&#8221;center&#8221;][vc_btn title=&#8221;COMMENCER&#8221; style=&#8221;custom&#8221; custom_background=&#8221;#1e3c82&#8243; custom_text=&#8221;#ffffff&#8221; shape=&#8221;round&#8221; align=&#8221;center&#8221; css=&#8221;.vc_custom_1549787474826{padding-right: 50px !important;padding-left: 50px !important;}&#8221; link=&#8221;url:%2Fdemande-en-ligne-pg-1%2F%3Flang%3Dfr|||&#8221;][\/vc_column][\/vc_row][vc_row row_container=&#8221;true&#8221;][vc_column][vc_separator][\/vc_column][\/vc_row][vc_row row_container=&#8221;true&#8221;][vc_column width=&#8221;2\/3&#8243;][vc_custom_heading text=&#8221;Service ex\u00e9cutif: $1995 + taxes&#8221; font_container=&#8221;tag:h2|font_size:20px|text_align:left|color:%23000080|line_height:24px&#8221; use_theme_fonts=&#8221;yes&#8221; custom_style=&#8221;letter-spacing: -0.075em;&#8221;][vc_column_text]Notre service ex\u00e9cutif pour la demande de Waiver est pour ceux qui veulent le meilleur et veulent payer pour. Nous nous d\u00e9pla\u00e7ons au lieu de travail, au domicile, ou un autre endroit de choix de nos clients ex\u00e9cutifs pour la prise d\u2019empreinte, la signature des documents, et la consultation. De plus, votre dossier sera trait\u00e9 seulement par la haute direction.<\/p>\n<ul>\n<li>Prise d\u2019empreinte \u00e0 domicile ou un endroit de votre choix<\/li>\n<li>Soutien total + d\u00e9boursements, frais de la Cour, et frais pour la v\u00e9rification des dossiers de la police locale inclus<\/li>\n<li>Disponible \u00e0 Montr\u00e9al, Toronto, et leurs alentours seulement<\/li>\n<\/ul>\n<p><em>Veuillez noter que les frais n\u2019incluent pas le frais de soumission pour le Department of Homeland Security, payable directement au gouvernement Am\u00e9ricain.<\/em>[\/vc_column_text][\/vc_column][vc_column width=&#8221;1\/3&#8243;][vc_single_image image=&#8221;16000&#8243; img_size=&#8221;full&#8221; alignment=&#8221;center&#8221;][vc_btn title=&#8221;COMMENCER&#8221; style=&#8221;custom&#8221; custom_background=&#8221;#1e3c82&#8243; custom_text=&#8221;#ffffff&#8221; shape=&#8221;round&#8221; align=&#8221;center&#8221; css=&#8221;.vc_custom_1549787483412{padding-right: 50px !important;padding-left: 50px !important;}&#8221; link=&#8221;url:%2Fdemande-en-ligne-pg-1%2F%3Flang%3Dfr|||&#8221;][\/vc_column][\/vc_row][vc_row row_container=&#8221;true&#8221;][vc_column][vc_separator][\/vc_column][\/vc_row][vc_row row_container=&#8221;true&#8221;][vc_column][vc_custom_heading text=&#8221;Le co\u00fbt d\u2019une demande de Pardon expliqu\u00e9&#8221; font_container=&#8221;tag:h2|font_size:20px|text_align:left|line_height:24px&#8221; use_theme_fonts=&#8221;yes&#8221; custom_style=&#8221;letter-spacing: -0.075em;&#8221;][vc_column_text]Le co\u00fbt d\u2019un Waiver est d\u00e9termin\u00e9 largement par les frais de traitement factur\u00e9s par la GRC, les Cours, les postes de police, et le Department of Homeland Security. Les co\u00fbts additionnels incluent notre frais de services et tous frais de d\u00e9boursements encourus lors de la pr\u00e9paration des documents requis pour soumettre votre Waiver aux \u00c9tats-Unis.<\/p>\n<p>Nous sommes convaincus que le co\u00fbt des Waivers avec le Centre du Pardon National est un des meilleurs dans l\u2019industrie. Nous nous chargerons de la pr\u00e9paration de votre demande afin que vous puissiez vous d\u00e9tendre. De plus, nous serons totalement transparents au sujet des frais pour votre demande de Waiver afin qu\u2019il n\u2019y ait pas de surprises.[\/vc_column_text][\/vc_column][\/vc_row][vc_row row_container=&#8221;true&#8221;][vc_column][vc_custom_heading text=&#8221;En savoir plus&#8221; font_container=&#8221;tag:h2|font_size:20px|text_align:left|line_height:24px&#8221; use_theme_fonts=&#8221;yes&#8221; custom_style=&#8221;letter-spacing: -0.075em;&#8221;][vc_column_text]Pour plus d\u2019informations sur la structure de nos frais, les d\u00e9boursements, ou toute autre information, n\u2019h\u00e9sitez pas \u00e0 nous contacter afin de discuter de votre dossier avec un(e) conseiller(e). Nous requerrons un minimum de $200 afin d\u2019entamer les d\u00e9marches, et il nous fera plaisir de vous aider \u00e0 d\u00e9terminer un plan de paiement mensuel abordable qui correspondra \u00e0 votre budget.[\/vc_column_text][\/vc_column][\/vc_row][vc_row row_container=&#8221;true&#8221;][vc_column][vc_custom_heading text=&#8221;Politique d\u2019annulation et de remboursement&#8221; font_container=&#8221;tag:h2|font_size:20px|text_align:left|line_height:24px&#8221; use_theme_fonts=&#8221;yes&#8221; custom_style=&#8221;letter-spacing: -0.075em;&#8221;][vc_column_text]Veuillez noter que les annulations doivent \u00eatre soumises dans les 30 jours suivant l\u2019ouverture du dossier et qu\u2019il y a un frais administratif non-remboursable de $200.[\/vc_column_text][\/vc_column][\/vc_row][vc_section full_width=&#8221;stretch_row&#8221; css=&#8221;.vc_custom_1547492265349{padding-bottom: 30px !important;background-color: #cd001b !important;}&#8221;][vc_row row_container=&#8221;true&#8221; css=&#8221;.vc_custom_1544536648507{background-color: #cd001b !important;}&#8221;][vc_column width=&#8221;2\/3&#8243;][vc_column_text]<\/p>\n<p style=\"font-size: x-large; text-align: left;\"><span style=\"color: #ffffff;\"><strong>Veuillez nous contacter : <\/strong><span style=\"text-decoration: underline;\"><strong><a style=\"color: #ffffff; text-decoration: underline;\" href=\"tel:18662422411\">1-866-242-2411<\/a><\/strong><\/span><strong> de 8h30 \u00e0 17hres, du lundi au vendredi.<\/strong><\/span><\/p>\n<p>[\/vc_column_text][\/vc_column][vc_column width=&#8221;1\/3&#8243;][vc_btn title=&#8221;CONSULTATION&#8221; style=&#8221;custom&#8221; custom_background=&#8221;#1e3c82&#8243; custom_text=&#8221;#ffffff&#8221; shape=&#8221;round&#8221; css=&#8221;.vc_custom_1549787332056{padding-right: 50px !important;padding-left: 50px !important;}&#8221; link=&#8221;url:%2Fconsultations-sans-frais-2%2F%3Flang%3Dfr|||&#8221;][\/vc_column][\/vc_row][\/vc_section]<\/p>\n","protected":false},"excerpt":{"rendered":"<p>[vc_section][vc_row][vc_column][vc_row_inner][vc_column_inner width=&#8221;1\/2&#8243; offset=&#8221;vc_hidden-lg vc_hidden-md&#8221;][vc_btn title=&#8221;TOUCHEZ POUR APPELER&#8221; style=&#8221;custom&#8221; custom_background=&#8221;#223f83&#8243; custom_text=&#8221;#ffffff&#8221; align=&#8221;center&#8221; i_icon_fontawesome=&#8221;fa fa-phone&#8221; button_block=&#8221;true&#8221; add_icon=&#8221;true&#8221; link=&#8221;url:tel%3A18662422411|||&#8221; css=&#8221;.vc_custom_1550113634327{margin-right: 25px !important;margin-left: 25px !important;}&#8221;][\/vc_column_inner][vc_column_inner width=&#8221;1\/2&#8243; offset=&#8221;vc_hidden-lg vc_hidden-md&#8221;][vc_btn title=&#8221;Demande en ligne&#8221; style=&#8221;custom&#8221; custom_background=&#8221;#cd001b&#8221; custom_text=&#8221;#ffffff&#8221; align=&#8221;center&#8221; i_icon_fontawesome=&#8221;fa fa-wpforms&#8221; button_block=&#8221;true&#8221; add_icon=&#8221;true&#8221; link=&#8221;url:%2Fdemande-en-ligne-pg-1%2F%3Flang%3Dfr|||&#8221; css=&#8221;.vc_custom_1550522928034{margin-right: 25px !important;margin-left: 25px !important;}&#8221;][\/vc_column_inner][\/vc_row_inner][\/vc_column][\/vc_row][\/vc_section][vc_row row_container=&#8221;true&#8221;][vc_column][vc_custom_heading text=&#8221;Le co\u00fbt d\u2019un waiver am\u00e9ricain + frais de service&#8221; font_container=&#8221;tag:h1|font_size:28px|text_align:left|line_height:28px&#8221; use_theme_fonts=&#8221;yes&#8221; custom_style=&#8221;letter-spacing: -0.075em;&#8221;][\/vc_column][\/vc_row][vc_row [&hellip;]<\/p>\n","protected":false},"author":2,"featured_media":0,"parent":0,"menu_order":0,"comment_status":"closed","ping_status":"closed","template":"","meta":{"footnotes":""},"class_list":["post-16094","page","type-page","status-publish","hentry"],"yoast_head":"<!-- This site is optimized with the Yoast SEO plugin v27.4 - https:\/\/yoast.com\/product\/yoast-seo-wordpress\/ -->\n<title>Le co\u00fbt d\u2019un Waiver am\u00e9ricain + frais de service | CPN<\/title>\n<meta name=\"description\" content=\"Cost of a US entry waiver. Learn about your options. RCMP accredited agency. A+ BBB Rating. Helping Canada with waivers since 2002. National Pardon Centre.\" \/>\n<meta name=\"robots\" content=\"noindex, follow, max-snippet:-1, max-image-preview:large, max-video-preview:-1\" \/>\n<meta property=\"og:locale\" content=\"en_US\" \/>\n<meta property=\"og:type\" content=\"article\" \/>\n<meta property=\"og:title\" content=\"Le co\u00fbt d\u2019un Waiver am\u00e9ricain + frais de service | CPN\" \/>\n<meta property=\"og:description\" content=\"Cost of a US entry waiver. Learn about your options. RCMP accredited agency. A+ BBB Rating. Helping Canada with waivers since 2002. National Pardon Centre.\" \/>\n<meta property=\"og:url\" content=\"https:\/\/staging.nationalpardon.org\/?page_id=16094\" \/>\n<meta property=\"og:site_name\" content=\"staging.nationalpardon.org\" \/>\n<meta name=\"twitter:card\" content=\"summary_large_image\" \/>\n<meta name=\"twitter:label1\" content=\"Est. reading time\" \/>\n\t<meta name=\"twitter:data1\" content=\"3 minutes\" \/>\n<script type=\"application\/ld+json\" class=\"yoast-schema-graph\">{\"@context\":\"https:\\\/\\\/schema.org\",\"@graph\":[{\"@type\":\"WebPage\",\"@id\":\"https:\\\/\\\/staging.nationalpardon.org\\\/?page_id=16094\",\"url\":\"https:\\\/\\\/staging.nationalpardon.org\\\/?page_id=16094\",\"name\":\"Le co\u00fbt d\u2019un Waiver am\u00e9ricain + frais de service | CPN\",\"isPartOf\":{\"@id\":\"https:\\\/\\\/staging.nationalpardon.org\\\/#website\"},\"datePublished\":\"2019-01-31T03:02:52+00:00\",\"description\":\"Cost of a US entry waiver. Learn about your options. RCMP accredited agency. A+ BBB Rating. Helping Canada with waivers since 2002. National Pardon Centre.\",\"breadcrumb\":{\"@id\":\"https:\\\/\\\/staging.nationalpardon.org\\\/?page_id=16094#breadcrumb\"},\"inLanguage\":\"en-CA\",\"potentialAction\":[{\"@type\":\"ReadAction\",\"target\":[\"https:\\\/\\\/staging.nationalpardon.org\\\/?page_id=16094\"]}]},{\"@type\":\"BreadcrumbList\",\"@id\":\"https:\\\/\\\/staging.nationalpardon.org\\\/?page_id=16094#breadcrumb\",\"itemListElement\":[{\"@type\":\"ListItem\",\"position\":1,\"name\":\"Home\",\"item\":\"https:\\\/\\\/staging.nationalpardon.org\\\/\"},{\"@type\":\"ListItem\",\"position\":2,\"name\":\"Prix de waiver\"}]},{\"@type\":\"WebSite\",\"@id\":\"https:\\\/\\\/staging.nationalpardon.org\\\/#website\",\"url\":\"https:\\\/\\\/staging.nationalpardon.org\\\/\",\"name\":\"staging.nationalpardon.org\",\"description\":\"\",\"potentialAction\":[{\"@type\":\"SearchAction\",\"target\":{\"@type\":\"EntryPoint\",\"urlTemplate\":\"https:\\\/\\\/staging.nationalpardon.org\\\/?s={search_term_string}\"},\"query-input\":{\"@type\":\"PropertyValueSpecification\",\"valueRequired\":true,\"valueName\":\"search_term_string\"}}],\"inLanguage\":\"en-CA\"}]}<\/script>\n<!-- \/ Yoast SEO plugin. -->","yoast_head_json":{"title":"Le co\u00fbt d\u2019un Waiver am\u00e9ricain + frais de service | CPN","description":"Cost of a US entry waiver. Learn about your options. RCMP accredited agency. A+ BBB Rating. Helping Canada with waivers since 2002. National Pardon Centre.","robots":{"index":"noindex","follow":"follow","max-snippet":"max-snippet:-1","max-image-preview":"max-image-preview:large","max-video-preview":"max-video-preview:-1"},"og_locale":"en_US","og_type":"article","og_title":"Le co\u00fbt d\u2019un Waiver am\u00e9ricain + frais de service | CPN","og_description":"Cost of a US entry waiver. Learn about your options. RCMP accredited agency. A+ BBB Rating. Helping Canada with waivers since 2002. National Pardon Centre.","og_url":"https:\/\/staging.nationalpardon.org\/?page_id=16094","og_site_name":"staging.nationalpardon.org","twitter_card":"summary_large_image","twitter_misc":{"Est. reading time":"3 minutes"},"schema":{"@context":"https:\/\/schema.org","@graph":[{"@type":"WebPage","@id":"https:\/\/staging.nationalpardon.org\/?page_id=16094","url":"https:\/\/staging.nationalpardon.org\/?page_id=16094","name":"Le co\u00fbt d\u2019un Waiver am\u00e9ricain + frais de service | CPN","isPartOf":{"@id":"https:\/\/staging.nationalpardon.org\/#website"},"datePublished":"2019-01-31T03:02:52+00:00","description":"Cost of a US entry waiver. Learn about your options. RCMP accredited agency. A+ BBB Rating. Helping Canada with waivers since 2002. National Pardon Centre.","breadcrumb":{"@id":"https:\/\/staging.nationalpardon.org\/?page_id=16094#breadcrumb"},"inLanguage":"en-CA","potentialAction":[{"@type":"ReadAction","target":["https:\/\/staging.nationalpardon.org\/?page_id=16094"]}]},{"@type":"BreadcrumbList","@id":"https:\/\/staging.nationalpardon.org\/?page_id=16094#breadcrumb","itemListElement":[{"@type":"ListItem","position":1,"name":"Home","item":"https:\/\/staging.nationalpardon.org\/"},{"@type":"ListItem","position":2,"name":"Prix de waiver"}]},{"@type":"WebSite","@id":"https:\/\/staging.nationalpardon.org\/#website","url":"https:\/\/staging.nationalpardon.org\/","name":"staging.nationalpardon.org","description":"","potentialAction":[{"@type":"SearchAction","target":{"@type":"EntryPoint","urlTemplate":"https:\/\/staging.nationalpardon.org\/?s={search_term_string}"},"query-input":{"@type":"PropertyValueSpecification","valueRequired":true,"valueName":"search_term_string"}}],"inLanguage":"en-CA"}]}},"_links":{"self":[{"href":"https:\/\/staging.nationalpardon.org\/index.php?rest_route=\/wp\/v2\/pages\/16094","targetHints":{"allow":["GET"]}}],"collection":[{"href":"https:\/\/staging.nationalpardon.org\/index.php?rest_route=\/wp\/v2\/pages"}],"about":[{"href":"https:\/\/staging.nationalpardon.org\/index.php?rest_route=\/wp\/v2\/types\/page"}],"author":[{"embeddable":true,"href":"https:\/\/staging.nationalpardon.org\/index.php?rest_route=\/wp\/v2\/users\/2"}],"replies":[{"embeddable":true,"href":"https:\/\/staging.nationalpardon.org\/index.php?rest_route=%2Fwp%2Fv2%2Fcomments&post=16094"}],"version-history":[{"count":0,"href":"https:\/\/staging.nationalpardon.org\/index.php?rest_route=\/wp\/v2\/pages\/16094\/revisions"}],"wp:attachment":[{"href":"https:\/\/staging.nationalpardon.org\/index.php?rest_route=%2Fwp%2Fv2%2Fmedia&parent=16094"}],"curies":[{"name":"wp","href":"https:\/\/api.w.org\/{rel}","templated":true}]}}