{"id":16131,"date":"2019-02-01T01:32:08","date_gmt":"2019-02-01T01:32:08","guid":{"rendered":"https:\/\/nationalpardon.org\/?page_id=16131"},"modified":"2019-02-01T01:32:08","modified_gmt":"2019-02-01T01:32:08","slug":"prise-dempreintes-digitales-toronto","status":"publish","type":"page","link":"https:\/\/staging.nationalpardon.org\/?page_id=16131","title":{"rendered":"Prise d\u2019empreintes digitales \u00e0 Toronto"},"content":{"rendered":"<p>[vc_section][vc_row][vc_column][vc_row_inner][vc_column_inner width=&#8221;1\/2&#8243; offset=&#8221;vc_hidden-lg vc_hidden-md&#8221;][vc_btn title=&#8221;TOUCHEZ POUR APPELER&#8221; style=&#8221;custom&#8221; custom_background=&#8221;#223f83&#8243; custom_text=&#8221;#ffffff&#8221; align=&#8221;center&#8221; i_icon_fontawesome=&#8221;fa fa-phone&#8221; button_block=&#8221;true&#8221; add_icon=&#8221;true&#8221; link=&#8221;url:tel%3A18662422411|||&#8221; css=&#8221;.vc_custom_1550113634327{margin-right: 25px !important;margin-left: 25px !important;}&#8221;][\/vc_column_inner][vc_column_inner width=&#8221;1\/2&#8243; offset=&#8221;vc_hidden-lg vc_hidden-md&#8221;][vc_btn title=&#8221;Demande en ligne&#8221; style=&#8221;custom&#8221; custom_background=&#8221;#cd001b&#8221; custom_text=&#8221;#ffffff&#8221; align=&#8221;center&#8221; i_icon_fontawesome=&#8221;fa fa-wpforms&#8221; button_block=&#8221;true&#8221; add_icon=&#8221;true&#8221; link=&#8221;url:%2Fdemande-en-ligne-pg-1%2F%3Flang%3Dfr|||&#8221; css=&#8221;.vc_custom_1550522928034{margin-right: 25px !important;margin-left: 25px !important;}&#8221;][\/vc_column_inner][\/vc_row_inner][\/vc_column][\/vc_row][\/vc_section][vc_row row_container=&#8221;true&#8221;][vc_column][vc_custom_heading text=&#8221;Services de prise d\u2019empreintes digitales \u00e0 Toronto&#8221; font_container=&#8221;tag:h1|font_size:28px|text_align:center|line_height:28px&#8221; use_theme_fonts=&#8221;yes&#8221; custom_style=&#8221;letter-spacing: -0.075em;&#8221;][vc_empty_space height=&#8221;48px&#8221;][vc_row_inner][vc_column_inner width=&#8221;1\/3&#8243;][vc_column_text]<strong>CENTRE DU PARDON NATIONAL<br \/>\n<\/strong><strong>DIVISION DE PRISE D\u2019EMPREINTES DIGITALES<\/strong><\/p>\n<p>#1503 \u2013 2 rue Carlton<br \/>\nToronto, ON \u00a0 M5B 1J3<\/p>\n<p><strong>T:<\/strong>\u00a0416.477.1110\u00a0<strong>F: \u00a0<\/strong>416.477.1112<\/p>\n<p>infoto@nationalpardon.org[\/vc_column_text][\/vc_column_inner][vc_column_inner width=&#8221;2\/3&#8243;][vc_column_text]<iframe loading=\"lazy\" style=\"border: 0;\" src=\"https:\/\/www.google.com\/maps\/embed?pb=!1m14!1m8!1m3!1d2886.3541107157434!2d-79.3827489!3d43.6616047!3m2!1i1024!2i768!4f13.1!3m3!1m2!1s0x882b34b456ca3707%3A0x9d0d51bd84eaa7a2!2s2+Carlton+St+%231503%2C+Toronto%2C+ON+M5B+1J3!5e0!3m2!1sen!2sca!4v1433772595901\" width=\"800\" height=\"250\" frameborder=\"0\"><\/iframe>[\/vc_column_text][\/vc_column_inner][\/vc_row_inner][\/vc_column][\/vc_row][vc_row row_container=&#8221;true&#8221;][vc_column][vc_custom_heading text=&#8221;Services disponibles&#8221; font_container=&#8221;tag:h2|font_size:20px|text_align:left|line_height:24px&#8221; use_theme_fonts=&#8221;yes&#8221; custom_style=&#8221;letter-spacing: -0.075em;&#8221;][vc_column_text]Si vous recherchez un service de prise d\u2019empreintes \u00e0 Toronto, ne cherchez pas plus loin. Le Centre du Pardon National est id\u00e9alement situ\u00e9 au centre-ville, au coin de la rue Yonge\u00a0et la rue Carlton. Nous offrons la prise d\u2019empreintes digitales par encre ainsi que sur num\u00e9risateur \u00e0 cet emplacement. Passez en tout temps \u00e0 votre convenance pendant nos heures d\u2019ouverture.[\/vc_column_text][\/vc_column][\/vc_row][vc_row row_container=&#8221;true&#8221;][vc_column][vc_custom_heading text=&#8221;D\u00e9tails op\u00e9rationnels&#8221; font_container=&#8221;tag:h2|font_size:20px|text_align:left|line_height:24px&#8221; use_theme_fonts=&#8221;yes&#8221; custom_style=&#8221;letter-spacing: -0.075em;&#8221;][vc_column_text]La prise d\u2019empreintes \u00e0 Montr\u00e9al est disponible entre les heures de 8h30 \u00e0 17h du Lundi au Vendredi. Un rendez-vous n\u2019est pas n\u00e9cessaire, vous pouvez simplement passer \u00e0 votre convenance, et un technicien d\u2019empreintes l\u00e9galement certifi\u00e9 et form\u00e9 sera \u00e0 votre disposition.[\/vc_column_text][\/vc_column][\/vc_row][vc_row row_container=&#8221;true&#8221;][vc_column][vc_custom_heading text=&#8221;Service de prise d\u2019empreintes \u00e0 Toronto&#8221; font_container=&#8221;tag:h2|font_size:20px|text_align:left|line_height:24px&#8221; use_theme_fonts=&#8221;yes&#8221; custom_style=&#8221;letter-spacing: -0.075em;&#8221;][vc_column_text]<\/p>\n<ul>\n<li>Certification d\u2019empreintes digitales de la GRC (v\u00e9rification d\u2019ant\u00e9c\u00e9dents)<\/li>\n<li>Prise d\u2019empreintes par encre sur le formulaire C-216 de la GRC<\/li>\n<li>Prise d\u2019empreintes par encre sur le formulaire FBI<\/li>\n<li>Prise d\u2019empreintes par encre sur formulaires de l\u2019\u00e9tranger (doivent \u00eatre procur\u00e9s par vous)<\/li>\n<\/ul>\n<p>[\/vc_column_text][\/vc_column][\/vc_row][vc_row row_container=&#8221;true&#8221;][vc_column][vc_custom_heading text=&#8221;Que dois-je apporter?&#8221; font_container=&#8221;tag:h2|font_size:20px|text_align:left|line_height:24px&#8221; use_theme_fonts=&#8221;yes&#8221; custom_style=&#8221;letter-spacing: -0.075em;&#8221;][vc_column_text]Nous requerrons deux pi\u00e8ces d\u2019identit\u00e9 valide issues du gouvernement afin de compl\u00e9ter la prise d\u2019empreintes. Le paiement pour ce service peut \u00eatre effectu\u00e9 par carte de cr\u00e9dit, argent comptant, ch\u00e8que, ou mandate-poste. Veuillez noter que nos co\u00fbts incluent le frais de certification de la GRC de $25, le cas \u00e9ch\u00e9ant.[\/vc_column_text][\/vc_column][\/vc_row][vc_row row_container=&#8221;true&#8221;][vc_column][vc_custom_heading text=&#8221;Questions?&#8221; font_container=&#8221;tag:h2|font_size:20px|text_align:left|line_height:24px&#8221; use_theme_fonts=&#8221;yes&#8221; custom_style=&#8221;letter-spacing: -0.075em;&#8221;][vc_column_text]Si vous avez des questions avant de vous pr\u00e9senter, n\u2019h\u00e9sitez pas \u00e0 contacter le Centre du pardon ou nous \u00e9crire un courriel.[\/vc_column_text][\/vc_column][\/vc_row][vc_row row_container=&#8221;true&#8221;][vc_column][vc_column_text]<em>Veuillez noter que nous sommes un client avec Connexion Directe \u00e0 la Gendarmerie Royale du Canada. Nos soumissions \u00e9lectroniques d\u2019empreintes ne sont pas soumises par l\u2019interm\u00e9diaire d\u2019un serveur de tierce partie. Nous maintenons plut\u00f4t notre propre serveur certifi\u00e9 avec une connexion directe \u00e0 la division des Services de triage des dactylogrammes civils \u00e0 Ottawa.<\/em>[\/vc_column_text][\/vc_column][\/vc_row][vc_section full_width=&#8221;stretch_row&#8221; css=&#8221;.vc_custom_1547492265349{padding-bottom: 30px !important;background-color: #cd001b !important;}&#8221;][vc_row row_container=&#8221;true&#8221; css=&#8221;.vc_custom_1544536648507{background-color: #cd001b !important;}&#8221;][vc_column width=&#8221;2\/3&#8243;][vc_column_text]<\/p>\n<p style=\"font-size: x-large; text-align: left;\"><span style=\"color: #ffffff;\"><strong>Veuillez nous contacter : <\/strong><span style=\"text-decoration: underline;\"><strong><a style=\"color: #ffffff; text-decoration: underline;\" href=\"tel:18662422411\">1-866-242-2411<\/a><\/strong><\/span><strong> de 8h30 \u00e0 17hres, du lundi au vendredi.<\/strong><\/span><\/p>\n<p>[\/vc_column_text][\/vc_column][vc_column width=&#8221;1\/3&#8243;][vc_btn title=&#8221;COMMENCEZ!&#8221; style=&#8221;custom&#8221; custom_background=&#8221;#1e3c82&#8243; custom_text=&#8221;#ffffff&#8221; shape=&#8221;round&#8221; css=&#8221;.vc_custom_1714579461200{padding-right: 50px !important;padding-left: 50px !important;}&#8221; link=&#8221;url:https%3A%2F%2Fnationalpardon.org%2Fpaiement-empreintes-digitales%2F%3Flang%3Dfr|||&#8221;][\/vc_column][\/vc_row][\/vc_section]<\/p>\n","protected":false},"excerpt":{"rendered":"<p>[vc_section][vc_row][vc_column][vc_row_inner][vc_column_inner width=&#8221;1\/2&#8243; offset=&#8221;vc_hidden-lg vc_hidden-md&#8221;][vc_btn title=&#8221;TOUCHEZ POUR APPELER&#8221; style=&#8221;custom&#8221; custom_background=&#8221;#223f83&#8243; custom_text=&#8221;#ffffff&#8221; align=&#8221;center&#8221; i_icon_fontawesome=&#8221;fa fa-phone&#8221; button_block=&#8221;true&#8221; add_icon=&#8221;true&#8221; link=&#8221;url:tel%3A18662422411|||&#8221; css=&#8221;.vc_custom_1550113634327{margin-right: 25px !important;margin-left: 25px !important;}&#8221;][\/vc_column_inner][vc_column_inner width=&#8221;1\/2&#8243; offset=&#8221;vc_hidden-lg vc_hidden-md&#8221;][vc_btn title=&#8221;Demande en ligne&#8221; style=&#8221;custom&#8221; custom_background=&#8221;#cd001b&#8221; custom_text=&#8221;#ffffff&#8221; align=&#8221;center&#8221; i_icon_fontawesome=&#8221;fa fa-wpforms&#8221; button_block=&#8221;true&#8221; add_icon=&#8221;true&#8221; link=&#8221;url:%2Fdemande-en-ligne-pg-1%2F%3Flang%3Dfr|||&#8221; css=&#8221;.vc_custom_1550522928034{margin-right: 25px !important;margin-left: 25px !important;}&#8221;][\/vc_column_inner][\/vc_row_inner][\/vc_column][\/vc_row][\/vc_section][vc_row row_container=&#8221;true&#8221;][vc_column][vc_custom_heading text=&#8221;Services de prise d\u2019empreintes digitales \u00e0 Toronto&#8221; font_container=&#8221;tag:h1|font_size:28px|text_align:center|line_height:28px&#8221; use_theme_fonts=&#8221;yes&#8221; custom_style=&#8221;letter-spacing: -0.075em;&#8221;][vc_empty_space height=&#8221;48px&#8221;][vc_row_inner][vc_column_inner width=&#8221;1\/3&#8243;][vc_column_text]CENTRE [&hellip;]<\/p>\n","protected":false},"author":2,"featured_media":0,"parent":0,"menu_order":0,"comment_status":"closed","ping_status":"closed","template":"","meta":{"footnotes":""},"class_list":["post-16131","page","type-page","status-publish","hentry"],"yoast_head":"<!-- This site is optimized with the Yoast SEO plugin v27.4 - https:\/\/yoast.com\/product\/yoast-seo-wordpress\/ -->\n<title>Prise d&#039;empreintes digitales Toronto | Centre du pardon national<\/title>\n<meta name=\"description\" content=\"Si vous recherchez un service de prise d\u2019empreintes \u00e0 Toronto, ne cherchez pas plus loin. Le Centre du Pardon National est id\u00e9alement situ\u00e9 au centre-ville.\" \/>\n<meta name=\"robots\" content=\"noindex, follow, max-snippet:-1, max-image-preview:large, max-video-preview:-1\" \/>\n<meta property=\"og:locale\" content=\"en_US\" \/>\n<meta property=\"og:type\" content=\"article\" \/>\n<meta property=\"og:title\" content=\"Prise d&#039;empreintes digitales Toronto | Centre du pardon national\" \/>\n<meta property=\"og:description\" content=\"Si vous recherchez un service de prise d\u2019empreintes \u00e0 Toronto, ne cherchez pas plus loin. Le Centre du Pardon National est id\u00e9alement situ\u00e9 au centre-ville.\" \/>\n<meta property=\"og:url\" content=\"https:\/\/staging.nationalpardon.org\/?page_id=16131\" \/>\n<meta property=\"og:site_name\" content=\"staging.nationalpardon.org\" \/>\n<meta name=\"twitter:card\" content=\"summary_large_image\" \/>\n<meta name=\"twitter:label1\" content=\"Est. reading time\" \/>\n\t<meta name=\"twitter:data1\" content=\"2 minutes\" \/>\n<script type=\"application\/ld+json\" class=\"yoast-schema-graph\">{\"@context\":\"https:\\\/\\\/schema.org\",\"@graph\":[{\"@type\":\"WebPage\",\"@id\":\"https:\\\/\\\/staging.nationalpardon.org\\\/?page_id=16131\",\"url\":\"https:\\\/\\\/staging.nationalpardon.org\\\/?page_id=16131\",\"name\":\"Prise d'empreintes digitales Toronto | Centre du pardon national\",\"isPartOf\":{\"@id\":\"https:\\\/\\\/staging.nationalpardon.org\\\/#website\"},\"datePublished\":\"2019-02-01T01:32:08+00:00\",\"description\":\"Si vous recherchez un service de prise d\u2019empreintes \u00e0 Toronto, ne cherchez pas plus loin. Le Centre du Pardon National est id\u00e9alement situ\u00e9 au centre-ville.\",\"breadcrumb\":{\"@id\":\"https:\\\/\\\/staging.nationalpardon.org\\\/?page_id=16131#breadcrumb\"},\"inLanguage\":\"en-CA\",\"potentialAction\":[{\"@type\":\"ReadAction\",\"target\":[\"https:\\\/\\\/staging.nationalpardon.org\\\/?page_id=16131\"]}]},{\"@type\":\"BreadcrumbList\",\"@id\":\"https:\\\/\\\/staging.nationalpardon.org\\\/?page_id=16131#breadcrumb\",\"itemListElement\":[{\"@type\":\"ListItem\",\"position\":1,\"name\":\"Home\",\"item\":\"https:\\\/\\\/staging.nationalpardon.org\\\/\"},{\"@type\":\"ListItem\",\"position\":2,\"name\":\"Prise d\u2019empreintes digitales \u00e0 Toronto\"}]},{\"@type\":\"WebSite\",\"@id\":\"https:\\\/\\\/staging.nationalpardon.org\\\/#website\",\"url\":\"https:\\\/\\\/staging.nationalpardon.org\\\/\",\"name\":\"staging.nationalpardon.org\",\"description\":\"\",\"potentialAction\":[{\"@type\":\"SearchAction\",\"target\":{\"@type\":\"EntryPoint\",\"urlTemplate\":\"https:\\\/\\\/staging.nationalpardon.org\\\/?s={search_term_string}\"},\"query-input\":{\"@type\":\"PropertyValueSpecification\",\"valueRequired\":true,\"valueName\":\"search_term_string\"}}],\"inLanguage\":\"en-CA\"}]}<\/script>\n<!-- \/ Yoast SEO plugin. -->","yoast_head_json":{"title":"Prise d'empreintes digitales Toronto | Centre du pardon national","description":"Si vous recherchez un service de prise d\u2019empreintes \u00e0 Toronto, ne cherchez pas plus loin. Le Centre du Pardon National est id\u00e9alement situ\u00e9 au centre-ville.","robots":{"index":"noindex","follow":"follow","max-snippet":"max-snippet:-1","max-image-preview":"max-image-preview:large","max-video-preview":"max-video-preview:-1"},"og_locale":"en_US","og_type":"article","og_title":"Prise d'empreintes digitales Toronto | Centre du pardon national","og_description":"Si vous recherchez un service de prise d\u2019empreintes \u00e0 Toronto, ne cherchez pas plus loin. Le Centre du Pardon National est id\u00e9alement situ\u00e9 au centre-ville.","og_url":"https:\/\/staging.nationalpardon.org\/?page_id=16131","og_site_name":"staging.nationalpardon.org","twitter_card":"summary_large_image","twitter_misc":{"Est. reading time":"2 minutes"},"schema":{"@context":"https:\/\/schema.org","@graph":[{"@type":"WebPage","@id":"https:\/\/staging.nationalpardon.org\/?page_id=16131","url":"https:\/\/staging.nationalpardon.org\/?page_id=16131","name":"Prise d'empreintes digitales Toronto | Centre du pardon national","isPartOf":{"@id":"https:\/\/staging.nationalpardon.org\/#website"},"datePublished":"2019-02-01T01:32:08+00:00","description":"Si vous recherchez un service de prise d\u2019empreintes \u00e0 Toronto, ne cherchez pas plus loin. Le Centre du Pardon National est id\u00e9alement situ\u00e9 au centre-ville.","breadcrumb":{"@id":"https:\/\/staging.nationalpardon.org\/?page_id=16131#breadcrumb"},"inLanguage":"en-CA","potentialAction":[{"@type":"ReadAction","target":["https:\/\/staging.nationalpardon.org\/?page_id=16131"]}]},{"@type":"BreadcrumbList","@id":"https:\/\/staging.nationalpardon.org\/?page_id=16131#breadcrumb","itemListElement":[{"@type":"ListItem","position":1,"name":"Home","item":"https:\/\/staging.nationalpardon.org\/"},{"@type":"ListItem","position":2,"name":"Prise d\u2019empreintes digitales \u00e0 Toronto"}]},{"@type":"WebSite","@id":"https:\/\/staging.nationalpardon.org\/#website","url":"https:\/\/staging.nationalpardon.org\/","name":"staging.nationalpardon.org","description":"","potentialAction":[{"@type":"SearchAction","target":{"@type":"EntryPoint","urlTemplate":"https:\/\/staging.nationalpardon.org\/?s={search_term_string}"},"query-input":{"@type":"PropertyValueSpecification","valueRequired":true,"valueName":"search_term_string"}}],"inLanguage":"en-CA"}]}},"_links":{"self":[{"href":"https:\/\/staging.nationalpardon.org\/index.php?rest_route=\/wp\/v2\/pages\/16131","targetHints":{"allow":["GET"]}}],"collection":[{"href":"https:\/\/staging.nationalpardon.org\/index.php?rest_route=\/wp\/v2\/pages"}],"about":[{"href":"https:\/\/staging.nationalpardon.org\/index.php?rest_route=\/wp\/v2\/types\/page"}],"author":[{"embeddable":true,"href":"https:\/\/staging.nationalpardon.org\/index.php?rest_route=\/wp\/v2\/users\/2"}],"replies":[{"embeddable":true,"href":"https:\/\/staging.nationalpardon.org\/index.php?rest_route=%2Fwp%2Fv2%2Fcomments&post=16131"}],"version-history":[{"count":0,"href":"https:\/\/staging.nationalpardon.org\/index.php?rest_route=\/wp\/v2\/pages\/16131\/revisions"}],"wp:attachment":[{"href":"https:\/\/staging.nationalpardon.org\/index.php?rest_route=%2Fwp%2Fv2%2Fmedia&parent=16131"}],"curies":[{"name":"wp","href":"https:\/\/api.w.org\/{rel}","templated":true}]}}