{"id":16162,"date":"2019-02-01T02:30:12","date_gmt":"2019-02-01T02:30:12","guid":{"rendered":"https:\/\/nationalpardon.org\/?page_id=16162"},"modified":"2019-02-01T02:30:12","modified_gmt":"2019-02-01T02:30:12","slug":"bureaux-de-toronto","status":"publish","type":"page","link":"https:\/\/staging.nationalpardon.org\/?page_id=16162","title":{"rendered":"Bureaux de Toronto"},"content":{"rendered":"<p>[vc_section][vc_row][vc_column][vc_row_inner][vc_column_inner width=&#8221;1\/2&#8243; offset=&#8221;vc_hidden-lg vc_hidden-md&#8221;][vc_btn title=&#8221;TOUCHEZ POUR APPELER&#8221; style=&#8221;custom&#8221; custom_background=&#8221;#223f83&#8243; custom_text=&#8221;#ffffff&#8221; align=&#8221;center&#8221; i_icon_fontawesome=&#8221;fa fa-phone&#8221; button_block=&#8221;true&#8221; add_icon=&#8221;true&#8221; link=&#8221;url:tel%3A18662422411|||&#8221; css=&#8221;.vc_custom_1550113634327{margin-right: 25px !important;margin-left: 25px !important;}&#8221;][\/vc_column_inner][vc_column_inner width=&#8221;1\/2&#8243; offset=&#8221;vc_hidden-lg vc_hidden-md&#8221;][vc_btn title=&#8221;Demande en ligne&#8221; style=&#8221;custom&#8221; custom_background=&#8221;#cd001b&#8221; custom_text=&#8221;#ffffff&#8221; align=&#8221;center&#8221; i_icon_fontawesome=&#8221;fa fa-wpforms&#8221; button_block=&#8221;true&#8221; add_icon=&#8221;true&#8221; link=&#8221;url:%2Fdemande-en-ligne-pg-1%2F%3Flang%3Dfr|||&#8221; css=&#8221;.vc_custom_1550522928034{margin-right: 25px !important;margin-left: 25px !important;}&#8221;][\/vc_column_inner][\/vc_row_inner][\/vc_column][\/vc_row][\/vc_section][vc_row row_container=&#8221;true&#8221; css=&#8221;.vc_custom_1549784070083{margin-bottom: 32px !important;}&#8221;][vc_column][vc_custom_heading text=&#8221;Service demande de pardon et waiver<br \/>\nPrise d\u2019empreintes digitales&#8221; font_container=&#8221;tag:h1|font_size:28px|text_align:center|line_height:28px&#8221; use_theme_fonts=&#8221;yes&#8221; custom_style=&#8221;letter-spacing: -0.075em;&#8221;][vc_custom_heading text=&#8221;Toronto Ontario&#8221; font_container=&#8221;tag:h3|font_size:28px|text_align:center|line_height:28px&#8221; use_theme_fonts=&#8221;yes&#8221; custom_style=&#8221;letter-spacing: -0.075em;&#8221;][vc_empty_space][\/vc_column][\/vc_row][vc_row row_container=&#8221;true&#8221;][vc_column][vc_row_inner][vc_column_inner width=&#8221;1\/3&#8243;][vc_column_text]<\/p>\n<p style=\"text-align: left;\" align=\"center\"><strong>CENTRE DU PARDON NATIONAL<\/strong><strong>\u00a0<\/strong><\/p>\n<p style=\"text-align: left;\" align=\"center\">1503 \u2013 2 rue Carlton<br \/>\nToronto, ON \u00a0 M5B 1J3<\/p>\n<p style=\"text-align: left;\">T:\u00a0416.477.1110<br \/>\nF:\u00a0416.477.1112<\/p>\n<p style=\"text-align: left;\">infoto@nationalpardon.org<\/p>\n<p>[\/vc_column_text][\/vc_column_inner][vc_column_inner width=&#8221;2\/3&#8243;][vc_column_text]<iframe loading=\"lazy\" style=\"border: 0;\" src=\"https:\/\/www.google.com\/maps\/embed?pb=!1m14!1m8!1m3!1d2886.3541107157434!2d-79.3827489!3d43.6616047!3m2!1i1024!2i768!4f13.1!3m3!1m2!1s0x882b34b456ca3707%3A0x9d0d51bd84eaa7a2!2s2+Carlton+St+%231503%2C+Toronto%2C+ON+M5B+1J3!5e0!3m2!1sen!2sca!4v1433772595901\" width=\"800\" height=\"250\" frameborder=\"0\"><\/iframe>[\/vc_column_text][\/vc_column_inner][\/vc_row_inner][\/vc_column][\/vc_row][vc_row row_container=&#8221;true&#8221;][vc_column][vc_custom_heading text=&#8221;Nos Services :&#8221; font_container=&#8221;tag:h3|font_size:28px|text_align:left|line_height:28px&#8221; use_theme_fonts=&#8221;yes&#8221; custom_style=&#8221;letter-spacing: -0.075em;&#8221;][vc_column_text]Vous cherchez une agence de Pardon et de Waiver \u00e0 Toronto? Le Centre du Pardon National est situ\u00e9 au centre-ville, au coin de la rue Yonge\u00a0et rue Carlton.<\/p>\n<p>A nos bureaux, nous offrons une consultation gratuite. Vous pouvez passer en tout temps pendant nos heures d\u2019ouverture; nos conseillers seront disponibles pour vous aider.[\/vc_column_text][\/vc_column][\/vc_row][vc_row row_container=&#8221;true&#8221;][vc_column][vc_custom_heading text=&#8221;Heures d\u2019ouvertures :&#8221; font_container=&#8221;tag:h3|font_size:28px|text_align:left|line_height:28px&#8221; use_theme_fonts=&#8221;yes&#8221; custom_style=&#8221;letter-spacing: -0.075em;&#8221;][vc_column_text]Notre centre \u00e0 Toronto\u00a0est ouvert de 8.30am \u00e0 5.00pm du Lundi au Vendredi. Un rendez-vous n\u2019est pas n\u00e9cessaire; vous pouvez simplement vous pr\u00e9senter \u00e0 votre convenance pendant nos heures d\u2019ouverture et un conseiller pourra r\u00e9pondre \u00e0 vos questions.<\/p>\n<p>Nous offrons aussi un service de prises d\u2019empreintes digitales dans nos bureaux de Montr\u00e9al. Si vous pensez ouvrir un dossier avec nous, assurez-vous d\u2019apporter deux pi\u00e8ces d\u2019identit\u00e9 \u00e9mises par une agence gouvernementale.[\/vc_column_text][\/vc_column][\/vc_row][vc_row row_container=&#8221;true&#8221;][vc_column][vc_custom_heading text=&#8221;Que dois-je apporter?&#8221; font_container=&#8221;tag:h3|font_size:28px|text_align:left|line_height:28px&#8221; use_theme_fonts=&#8221;yes&#8221; custom_style=&#8221;letter-spacing: -0.075em;&#8221;][vc_column_text]Si vous avez de la documentation li\u00e9e \u00e0 votre dossier, apportez-la avec vous. Ne vous inqui\u00e9tez pas si vous ne pouvez rien nous fournir, nous ferons les recherches pour vous.[\/vc_column_text][\/vc_column][\/vc_row][vc_row row_container=&#8221;true&#8221;][vc_column][vc_custom_heading text=&#8221;Questions?&#8221; font_container=&#8221;tag:h3|font_size:28px|text_align:left|line_height:28px&#8221; use_theme_fonts=&#8221;yes&#8221; custom_style=&#8221;letter-spacing: -0.075em;&#8221;][vc_column_text]Si vous avez des questions avant de passer au bureau, nous vous invitons \u00e0 nous t\u00e9l\u00e9phoner ou nous envoyer un courriel.<\/p>\n<p>Nous avons ouvert nos portes \u00e0 cet emplacement en 2002. Depuis, nous avons pu aider plusieurs milliers de personnes. Alors, n\u2019h\u00e9sitez pas, contactez nous![\/vc_column_text][\/vc_column][\/vc_row][vc_section full_width=&#8221;stretch_row&#8221; css=&#8221;.vc_custom_1547492265349{padding-bottom: 30px !important;background-color: #cd001b !important;}&#8221;][vc_row row_container=&#8221;true&#8221; css=&#8221;.vc_custom_1544536648507{background-color: #cd001b !important;}&#8221;][vc_column width=&#8221;2\/3&#8243;][vc_column_text]<\/p>\n<p style=\"font-size: x-large; text-align: left;\"><span style=\"color: #ffffff;\"><strong>Veuillez nous contacter : <\/strong><span style=\"text-decoration: underline;\"><strong><a style=\"color: #ffffff; text-decoration: underline;\" href=\"tel:18662422411\">1-866-242-2411<\/a><\/strong><\/span><strong> de 8h30 \u00e0 17hres, du lundi au vendredi.<\/strong><\/span><\/p>\n<p>[\/vc_column_text][\/vc_column][vc_column width=&#8221;1\/3&#8243;][vc_btn title=&#8221;CONSULTATION&#8221; style=&#8221;custom&#8221; custom_background=&#8221;#1e3c82&#8243; custom_text=&#8221;#ffffff&#8221; shape=&#8221;round&#8221; css=&#8221;.vc_custom_1549784134445{padding-right: 50px !important;padding-left: 50px !important;}&#8221; link=&#8221;url:%2Fconsultations-sans-frais-2%2F%3Flang%3Dfr|||&#8221;][\/vc_column][\/vc_row][\/vc_section]<\/p>\n","protected":false},"excerpt":{"rendered":"<p>[vc_section][vc_row][vc_column][vc_row_inner][vc_column_inner width=&#8221;1\/2&#8243; offset=&#8221;vc_hidden-lg vc_hidden-md&#8221;][vc_btn title=&#8221;TOUCHEZ POUR APPELER&#8221; style=&#8221;custom&#8221; custom_background=&#8221;#223f83&#8243; custom_text=&#8221;#ffffff&#8221; align=&#8221;center&#8221; i_icon_fontawesome=&#8221;fa fa-phone&#8221; button_block=&#8221;true&#8221; add_icon=&#8221;true&#8221; link=&#8221;url:tel%3A18662422411|||&#8221; css=&#8221;.vc_custom_1550113634327{margin-right: 25px !important;margin-left: 25px !important;}&#8221;][\/vc_column_inner][vc_column_inner width=&#8221;1\/2&#8243; offset=&#8221;vc_hidden-lg vc_hidden-md&#8221;][vc_btn title=&#8221;Demande en ligne&#8221; style=&#8221;custom&#8221; custom_background=&#8221;#cd001b&#8221; custom_text=&#8221;#ffffff&#8221; align=&#8221;center&#8221; i_icon_fontawesome=&#8221;fa fa-wpforms&#8221; button_block=&#8221;true&#8221; add_icon=&#8221;true&#8221; link=&#8221;url:%2Fdemande-en-ligne-pg-1%2F%3Flang%3Dfr|||&#8221; css=&#8221;.vc_custom_1550522928034{margin-right: 25px !important;margin-left: 25px !important;}&#8221;][\/vc_column_inner][\/vc_row_inner][\/vc_column][\/vc_row][\/vc_section][vc_row row_container=&#8221;true&#8221; css=&#8221;.vc_custom_1549784070083{margin-bottom: 32px !important;}&#8221;][vc_column][vc_custom_heading text=&#8221;Service demande de pardon et waiver Prise d\u2019empreintes digitales&#8221; font_container=&#8221;tag:h1|font_size:28px|text_align:center|line_height:28px&#8221; [&hellip;]<\/p>\n","protected":false},"author":2,"featured_media":0,"parent":0,"menu_order":0,"comment_status":"closed","ping_status":"closed","template":"","meta":{"footnotes":""},"class_list":["post-16162","page","type-page","status-publish","hentry"],"yoast_head":"<!-- This site is optimized with the Yoast SEO plugin v27.4 - https:\/\/yoast.com\/product\/yoast-seo-wordpress\/ -->\n<title>Bureaux de pardon et waiver \u00e0 Toronto | Centre du Pardon National<\/title>\n<meta name=\"description\" content=\"Centre du Pardon National | Localisez nos centres de pardon et d&#039;empreintes digitales \u00e0 Toronto.\" \/>\n<meta name=\"robots\" content=\"noindex, follow, max-snippet:-1, max-image-preview:large, max-video-preview:-1\" \/>\n<meta property=\"og:locale\" content=\"en_US\" \/>\n<meta property=\"og:type\" content=\"article\" \/>\n<meta property=\"og:title\" content=\"Bureaux de pardon et waiver \u00e0 Toronto | Centre du Pardon National\" \/>\n<meta property=\"og:description\" content=\"Centre du Pardon National | Localisez nos centres de pardon et d&#039;empreintes digitales \u00e0 Toronto.\" \/>\n<meta property=\"og:url\" content=\"https:\/\/staging.nationalpardon.org\/?page_id=16162\" \/>\n<meta property=\"og:site_name\" content=\"staging.nationalpardon.org\" \/>\n<meta name=\"twitter:card\" content=\"summary_large_image\" \/>\n<meta name=\"twitter:label1\" content=\"Est. reading time\" \/>\n\t<meta name=\"twitter:data1\" content=\"2 minutes\" \/>\n<script type=\"application\/ld+json\" class=\"yoast-schema-graph\">{\"@context\":\"https:\\\/\\\/schema.org\",\"@graph\":[{\"@type\":\"WebPage\",\"@id\":\"https:\\\/\\\/staging.nationalpardon.org\\\/?page_id=16162\",\"url\":\"https:\\\/\\\/staging.nationalpardon.org\\\/?page_id=16162\",\"name\":\"Bureaux de pardon et waiver \u00e0 Toronto | Centre du Pardon National\",\"isPartOf\":{\"@id\":\"https:\\\/\\\/staging.nationalpardon.org\\\/#website\"},\"datePublished\":\"2019-02-01T02:30:12+00:00\",\"description\":\"Centre du Pardon National | Localisez nos centres de pardon et d'empreintes digitales \u00e0 Toronto.\",\"breadcrumb\":{\"@id\":\"https:\\\/\\\/staging.nationalpardon.org\\\/?page_id=16162#breadcrumb\"},\"inLanguage\":\"en-CA\",\"potentialAction\":[{\"@type\":\"ReadAction\",\"target\":[\"https:\\\/\\\/staging.nationalpardon.org\\\/?page_id=16162\"]}]},{\"@type\":\"BreadcrumbList\",\"@id\":\"https:\\\/\\\/staging.nationalpardon.org\\\/?page_id=16162#breadcrumb\",\"itemListElement\":[{\"@type\":\"ListItem\",\"position\":1,\"name\":\"Home\",\"item\":\"https:\\\/\\\/staging.nationalpardon.org\\\/\"},{\"@type\":\"ListItem\",\"position\":2,\"name\":\"Bureaux de Toronto\"}]},{\"@type\":\"WebSite\",\"@id\":\"https:\\\/\\\/staging.nationalpardon.org\\\/#website\",\"url\":\"https:\\\/\\\/staging.nationalpardon.org\\\/\",\"name\":\"staging.nationalpardon.org\",\"description\":\"\",\"potentialAction\":[{\"@type\":\"SearchAction\",\"target\":{\"@type\":\"EntryPoint\",\"urlTemplate\":\"https:\\\/\\\/staging.nationalpardon.org\\\/?s={search_term_string}\"},\"query-input\":{\"@type\":\"PropertyValueSpecification\",\"valueRequired\":true,\"valueName\":\"search_term_string\"}}],\"inLanguage\":\"en-CA\"}]}<\/script>\n<!-- \/ Yoast SEO plugin. -->","yoast_head_json":{"title":"Bureaux de pardon et waiver \u00e0 Toronto | Centre du Pardon National","description":"Centre du Pardon National | Localisez nos centres de pardon et d'empreintes digitales \u00e0 Toronto.","robots":{"index":"noindex","follow":"follow","max-snippet":"max-snippet:-1","max-image-preview":"max-image-preview:large","max-video-preview":"max-video-preview:-1"},"og_locale":"en_US","og_type":"article","og_title":"Bureaux de pardon et waiver \u00e0 Toronto | Centre du Pardon National","og_description":"Centre du Pardon National | Localisez nos centres de pardon et d'empreintes digitales \u00e0 Toronto.","og_url":"https:\/\/staging.nationalpardon.org\/?page_id=16162","og_site_name":"staging.nationalpardon.org","twitter_card":"summary_large_image","twitter_misc":{"Est. reading time":"2 minutes"},"schema":{"@context":"https:\/\/schema.org","@graph":[{"@type":"WebPage","@id":"https:\/\/staging.nationalpardon.org\/?page_id=16162","url":"https:\/\/staging.nationalpardon.org\/?page_id=16162","name":"Bureaux de pardon et waiver \u00e0 Toronto | Centre du Pardon National","isPartOf":{"@id":"https:\/\/staging.nationalpardon.org\/#website"},"datePublished":"2019-02-01T02:30:12+00:00","description":"Centre du Pardon National | Localisez nos centres de pardon et d'empreintes digitales \u00e0 Toronto.","breadcrumb":{"@id":"https:\/\/staging.nationalpardon.org\/?page_id=16162#breadcrumb"},"inLanguage":"en-CA","potentialAction":[{"@type":"ReadAction","target":["https:\/\/staging.nationalpardon.org\/?page_id=16162"]}]},{"@type":"BreadcrumbList","@id":"https:\/\/staging.nationalpardon.org\/?page_id=16162#breadcrumb","itemListElement":[{"@type":"ListItem","position":1,"name":"Home","item":"https:\/\/staging.nationalpardon.org\/"},{"@type":"ListItem","position":2,"name":"Bureaux de Toronto"}]},{"@type":"WebSite","@id":"https:\/\/staging.nationalpardon.org\/#website","url":"https:\/\/staging.nationalpardon.org\/","name":"staging.nationalpardon.org","description":"","potentialAction":[{"@type":"SearchAction","target":{"@type":"EntryPoint","urlTemplate":"https:\/\/staging.nationalpardon.org\/?s={search_term_string}"},"query-input":{"@type":"PropertyValueSpecification","valueRequired":true,"valueName":"search_term_string"}}],"inLanguage":"en-CA"}]}},"_links":{"self":[{"href":"https:\/\/staging.nationalpardon.org\/index.php?rest_route=\/wp\/v2\/pages\/16162","targetHints":{"allow":["GET"]}}],"collection":[{"href":"https:\/\/staging.nationalpardon.org\/index.php?rest_route=\/wp\/v2\/pages"}],"about":[{"href":"https:\/\/staging.nationalpardon.org\/index.php?rest_route=\/wp\/v2\/types\/page"}],"author":[{"embeddable":true,"href":"https:\/\/staging.nationalpardon.org\/index.php?rest_route=\/wp\/v2\/users\/2"}],"replies":[{"embeddable":true,"href":"https:\/\/staging.nationalpardon.org\/index.php?rest_route=%2Fwp%2Fv2%2Fcomments&post=16162"}],"version-history":[{"count":0,"href":"https:\/\/staging.nationalpardon.org\/index.php?rest_route=\/wp\/v2\/pages\/16162\/revisions"}],"wp:attachment":[{"href":"https:\/\/staging.nationalpardon.org\/index.php?rest_route=%2Fwp%2Fv2%2Fmedia&parent=16162"}],"curies":[{"name":"wp","href":"https:\/\/api.w.org\/{rel}","templated":true}]}}