{"id":16695,"date":"2019-02-10T15:01:56","date_gmt":"2019-02-10T15:01:56","guid":{"rendered":"https:\/\/nationalpardon.org\/?page_id=16695"},"modified":"2019-02-10T15:01:56","modified_gmt":"2019-02-10T15:01:56","slug":"avantages","status":"publish","type":"page","link":"https:\/\/staging.nationalpardon.org\/?page_id=16695","title":{"rendered":"Avantages"},"content":{"rendered":"<p>[vc_section][vc_row][vc_column][vc_row_inner][vc_column_inner width=&#8221;1\/2&#8243; offset=&#8221;vc_hidden-lg vc_hidden-md&#8221;][vc_btn title=&#8221;TOUCHEZ POUR APPELER&#8221; style=&#8221;custom&#8221; custom_background=&#8221;#223f83&#8243; custom_text=&#8221;#ffffff&#8221; align=&#8221;center&#8221; i_icon_fontawesome=&#8221;fa fa-phone&#8221; button_block=&#8221;true&#8221; add_icon=&#8221;true&#8221; link=&#8221;url:tel%3A18662422411|||&#8221; css=&#8221;.vc_custom_1550113634327{margin-right: 25px !important;margin-left: 25px !important;}&#8221;][\/vc_column_inner][vc_column_inner width=&#8221;1\/2&#8243; offset=&#8221;vc_hidden-lg vc_hidden-md&#8221;][vc_btn title=&#8221;Demande en ligne&#8221; style=&#8221;custom&#8221; custom_background=&#8221;#cd001b&#8221; custom_text=&#8221;#ffffff&#8221; align=&#8221;center&#8221; i_icon_fontawesome=&#8221;fa fa-wpforms&#8221; button_block=&#8221;true&#8221; add_icon=&#8221;true&#8221; link=&#8221;url:%2Fdemande-en-ligne-pg-1%2F%3Flang%3Dfr|||&#8221; css=&#8221;.vc_custom_1550522928034{margin-right: 25px !important;margin-left: 25px !important;}&#8221;][\/vc_column_inner][\/vc_row_inner][\/vc_column][\/vc_row][\/vc_section][vc_row row_container=&#8221;true&#8221;][vc_column][vc_custom_heading text=&#8221;Avantages et valeurs&#8221; font_container=&#8221;tag:h1|font_size:28px|text_align:left|line_height:36px&#8221; use_theme_fonts=&#8221;yes&#8221; custom_style=&#8221;letter-spacing: -0.075em;&#8221;][vc_column_text]Notre \u00e9quipe de confiance saura vous donner l\u2019heure juste d\u00e8s le d\u00e9part. Fort de nos ann\u00e9es d\u2019exp\u00e9rience en mati\u00e8re de pardon et waiver, nous sommes les experts du domaine.[\/vc_column_text][\/vc_column][\/vc_row][vc_row row_container=&#8221;true&#8221;][vc_column][vc_column_text]<\/p>\n<h2>Les avantages de confier votre dossier au Centre du Pardon National<\/h2>\n<p>Il n\u2019est pas toujours facile de savoir \u00e0 qui faire confiance, surtout lorsqu\u2019il s\u2019agit d\u2019une d\u00e9cision aussi importante qu\u2019une demande de pardon ou waiver.<\/p>\n<p>Confiez votre dossier au Centre du Pardon National et gardez l\u2019esprit tranquille en sachant que votre demande est entre les mains des experts du domaine.<\/p>\n<ul>\n<li>Agence accr\u00e9dit\u00e9e par la GRC pour la prise d\u2019empreintes digitales<\/li>\n<li>Syst\u00e8me informatique s\u00e9curis\u00e9 et reconnu par la Canadian Information Productivity Awards (OCTAS au Qu\u00e9bec)<\/li>\n<li>Membre fondateur de l\u2019Association Canadienne pour le Pardon<\/li>\n<li>Entreprise certifi\u00e9e par l\u2019OCCQ (Office de certification commerciale du Qu\u00e9bec), filiale du BBB (Better Business Bureau)<\/li>\n<\/ul>\n<p>Une entreprise de confiance, le Centre du Pardon National a trait\u00e9 plus de 20 000 dossiers \u00e0 ce jour, et saura mener votre demande \u00e0 bien. Nous sommes l\u00e0 pour vous aider.<\/p>\n<h2 class=\"title\">Nos valeurs<\/h2>\n<div class=\"entry\">\n<p>La r\u00e9ussite de nos clients, ceux qui comprennent la valeur de la r\u00e9habilitation et d\u2019un casier judiciaire vierge, est au c\u0153ur de nos valeurs. Nous savons qu\u2019une demande de pardon ou waiver n\u2019est pas toujours un processus simple, mais qu\u2019il en est un qui vaut toujours l\u2019effort.<\/p>\n<p>Nous avons le plus grand respect pour les individus que tentent de reprendre leur vie en main, et qui croient en un avenir meilleur. Nous croyons fermement que le fait de se d\u00e9barrasser de son casier judiciaire ou de regagner le droit de voyager peut transformer la vie d\u2019un individu.<\/p>\n<p>Enfin, nous croyons qu\u2019il est notre devoir de toujours entretenir des relations honn\u00eates et justes avec nos clients, et de toujours agir dans leurs meilleurs int\u00e9r\u00eats. Apr\u00e8s tout, nous devons notre r\u00e9ussite \u00e0 nos clients, des gens qui partagent nos valeurs de respect, de justesse et de travail bien fait.<\/p>\n<h2>Notre mission<\/h2>\n<p>Notre mission est de rassembler la meilleure \u00e9quipe et de pr\u00e9parer les demandes de pardon et waiver le plus rapidement possible, afin d\u2019offrir le service le plus complet et le plus efficace au pays.<\/p>\n<\/div>\n<p>[\/vc_column_text][\/vc_column][\/vc_row][vc_section full_width=&#8221;stretch_row&#8221; css=&#8221;.vc_custom_1549811124367{background-color: #cd001b !important;}&#8221;][vc_row row_container=&#8221;true&#8221; css=&#8221;.vc_custom_1549811173201{padding-bottom: 30px !important;background-color: #cd001b !important;}&#8221;][vc_column width=&#8221;2\/3&#8243;][vc_column_text]<\/p>\n<p style=\"font-size: x-large; text-align: left;\"><span style=\"color: #ffffff;\"><strong>Veuillez nous contacter : <\/strong><span style=\"text-decoration: underline;\"><strong><a style=\"color: #ffffff; text-decoration: underline;\" href=\"tel:18662422411\">1-866-242-2411<\/a><\/strong><\/span><strong> de 8h30 \u00e0 17hres, du lundi au vendredi.<\/strong><\/span><\/p>\n<p>[\/vc_column_text][\/vc_column][vc_column width=&#8221;1\/3&#8243;][vc_btn title=&#8221;CONSULTATION&#8221; style=&#8221;custom&#8221; custom_background=&#8221;#1e3c82&#8243; custom_text=&#8221;#ffffff&#8221; shape=&#8221;round&#8221; css=&#8221;.vc_custom_1549812665353{padding-right: 25px !important;padding-left: 25px !important;}&#8221; link=&#8221;url:%2Fconsultations-sans-frais-2%2F%3Flang%3Dfr|||&#8221;][\/vc_column][\/vc_row][\/vc_section]<\/p>\n","protected":false},"excerpt":{"rendered":"<p>[vc_section][vc_row][vc_column][vc_row_inner][vc_column_inner width=&#8221;1\/2&#8243; offset=&#8221;vc_hidden-lg vc_hidden-md&#8221;][vc_btn title=&#8221;TOUCHEZ POUR APPELER&#8221; style=&#8221;custom&#8221; custom_background=&#8221;#223f83&#8243; custom_text=&#8221;#ffffff&#8221; align=&#8221;center&#8221; i_icon_fontawesome=&#8221;fa fa-phone&#8221; button_block=&#8221;true&#8221; add_icon=&#8221;true&#8221; link=&#8221;url:tel%3A18662422411|||&#8221; css=&#8221;.vc_custom_1550113634327{margin-right: 25px !important;margin-left: 25px !important;}&#8221;][\/vc_column_inner][vc_column_inner width=&#8221;1\/2&#8243; offset=&#8221;vc_hidden-lg vc_hidden-md&#8221;][vc_btn title=&#8221;Demande en ligne&#8221; style=&#8221;custom&#8221; custom_background=&#8221;#cd001b&#8221; custom_text=&#8221;#ffffff&#8221; align=&#8221;center&#8221; i_icon_fontawesome=&#8221;fa fa-wpforms&#8221; button_block=&#8221;true&#8221; add_icon=&#8221;true&#8221; link=&#8221;url:%2Fdemande-en-ligne-pg-1%2F%3Flang%3Dfr|||&#8221; css=&#8221;.vc_custom_1550522928034{margin-right: 25px !important;margin-left: 25px !important;}&#8221;][\/vc_column_inner][\/vc_row_inner][\/vc_column][\/vc_row][\/vc_section][vc_row row_container=&#8221;true&#8221;][vc_column][vc_custom_heading text=&#8221;Avantages et valeurs&#8221; font_container=&#8221;tag:h1|font_size:28px|text_align:left|line_height:36px&#8221; use_theme_fonts=&#8221;yes&#8221; custom_style=&#8221;letter-spacing: -0.075em;&#8221;][vc_column_text]Notre \u00e9quipe de confiance saura vous donner [&hellip;]<\/p>\n","protected":false},"author":2,"featured_media":0,"parent":0,"menu_order":0,"comment_status":"closed","ping_status":"closed","template":"","meta":{"footnotes":""},"class_list":["post-16695","page","type-page","status-publish","hentry"],"yoast_head":"<!-- This site is optimized with the Yoast SEO plugin v27.4 - https:\/\/yoast.com\/product\/yoast-seo-wordpress\/ -->\n<title>Les avantages de notre service | Centre du Pardon National<\/title>\n<meta name=\"description\" content=\"Centre du Pardon National | Une \u00e9quipe exp\u00e9riment\u00e9e en service de pardon canadien. Nous sommes l\u00e0 pour vous.\" \/>\n<meta name=\"robots\" content=\"noindex, follow, max-snippet:-1, max-image-preview:large, max-video-preview:-1\" \/>\n<meta property=\"og:locale\" content=\"en_US\" \/>\n<meta property=\"og:type\" content=\"article\" \/>\n<meta property=\"og:title\" content=\"Les avantages de notre service | Centre du Pardon National\" \/>\n<meta property=\"og:description\" content=\"Centre du Pardon National | Une \u00e9quipe exp\u00e9riment\u00e9e en service de pardon canadien. Nous sommes l\u00e0 pour vous.\" \/>\n<meta property=\"og:url\" content=\"https:\/\/staging.nationalpardon.org\/?page_id=16695\" \/>\n<meta property=\"og:site_name\" content=\"staging.nationalpardon.org\" \/>\n<meta name=\"twitter:card\" content=\"summary_large_image\" \/>\n<meta name=\"twitter:label1\" content=\"Est. reading time\" \/>\n\t<meta name=\"twitter:data1\" content=\"3 minutes\" \/>\n<script type=\"application\/ld+json\" class=\"yoast-schema-graph\">{\"@context\":\"https:\\\/\\\/schema.org\",\"@graph\":[{\"@type\":\"WebPage\",\"@id\":\"https:\\\/\\\/staging.nationalpardon.org\\\/?page_id=16695\",\"url\":\"https:\\\/\\\/staging.nationalpardon.org\\\/?page_id=16695\",\"name\":\"Les avantages de notre service | Centre du Pardon National\",\"isPartOf\":{\"@id\":\"https:\\\/\\\/staging.nationalpardon.org\\\/#website\"},\"datePublished\":\"2019-02-10T15:01:56+00:00\",\"description\":\"Centre du Pardon National | Une \u00e9quipe exp\u00e9riment\u00e9e en service de pardon canadien. Nous sommes l\u00e0 pour vous.\",\"breadcrumb\":{\"@id\":\"https:\\\/\\\/staging.nationalpardon.org\\\/?page_id=16695#breadcrumb\"},\"inLanguage\":\"en-CA\",\"potentialAction\":[{\"@type\":\"ReadAction\",\"target\":[\"https:\\\/\\\/staging.nationalpardon.org\\\/?page_id=16695\"]}]},{\"@type\":\"BreadcrumbList\",\"@id\":\"https:\\\/\\\/staging.nationalpardon.org\\\/?page_id=16695#breadcrumb\",\"itemListElement\":[{\"@type\":\"ListItem\",\"position\":1,\"name\":\"Home\",\"item\":\"https:\\\/\\\/staging.nationalpardon.org\\\/\"},{\"@type\":\"ListItem\",\"position\":2,\"name\":\"Avantages\"}]},{\"@type\":\"WebSite\",\"@id\":\"https:\\\/\\\/staging.nationalpardon.org\\\/#website\",\"url\":\"https:\\\/\\\/staging.nationalpardon.org\\\/\",\"name\":\"staging.nationalpardon.org\",\"description\":\"\",\"potentialAction\":[{\"@type\":\"SearchAction\",\"target\":{\"@type\":\"EntryPoint\",\"urlTemplate\":\"https:\\\/\\\/staging.nationalpardon.org\\\/?s={search_term_string}\"},\"query-input\":{\"@type\":\"PropertyValueSpecification\",\"valueRequired\":true,\"valueName\":\"search_term_string\"}}],\"inLanguage\":\"en-CA\"}]}<\/script>\n<!-- \/ Yoast SEO plugin. -->","yoast_head_json":{"title":"Les avantages de notre service | Centre du Pardon National","description":"Centre du Pardon National | Une \u00e9quipe exp\u00e9riment\u00e9e en service de pardon canadien. Nous sommes l\u00e0 pour vous.","robots":{"index":"noindex","follow":"follow","max-snippet":"max-snippet:-1","max-image-preview":"max-image-preview:large","max-video-preview":"max-video-preview:-1"},"og_locale":"en_US","og_type":"article","og_title":"Les avantages de notre service | Centre du Pardon National","og_description":"Centre du Pardon National | Une \u00e9quipe exp\u00e9riment\u00e9e en service de pardon canadien. Nous sommes l\u00e0 pour vous.","og_url":"https:\/\/staging.nationalpardon.org\/?page_id=16695","og_site_name":"staging.nationalpardon.org","twitter_card":"summary_large_image","twitter_misc":{"Est. reading time":"3 minutes"},"schema":{"@context":"https:\/\/schema.org","@graph":[{"@type":"WebPage","@id":"https:\/\/staging.nationalpardon.org\/?page_id=16695","url":"https:\/\/staging.nationalpardon.org\/?page_id=16695","name":"Les avantages de notre service | Centre du Pardon National","isPartOf":{"@id":"https:\/\/staging.nationalpardon.org\/#website"},"datePublished":"2019-02-10T15:01:56+00:00","description":"Centre du Pardon National | Une \u00e9quipe exp\u00e9riment\u00e9e en service de pardon canadien. Nous sommes l\u00e0 pour vous.","breadcrumb":{"@id":"https:\/\/staging.nationalpardon.org\/?page_id=16695#breadcrumb"},"inLanguage":"en-CA","potentialAction":[{"@type":"ReadAction","target":["https:\/\/staging.nationalpardon.org\/?page_id=16695"]}]},{"@type":"BreadcrumbList","@id":"https:\/\/staging.nationalpardon.org\/?page_id=16695#breadcrumb","itemListElement":[{"@type":"ListItem","position":1,"name":"Home","item":"https:\/\/staging.nationalpardon.org\/"},{"@type":"ListItem","position":2,"name":"Avantages"}]},{"@type":"WebSite","@id":"https:\/\/staging.nationalpardon.org\/#website","url":"https:\/\/staging.nationalpardon.org\/","name":"staging.nationalpardon.org","description":"","potentialAction":[{"@type":"SearchAction","target":{"@type":"EntryPoint","urlTemplate":"https:\/\/staging.nationalpardon.org\/?s={search_term_string}"},"query-input":{"@type":"PropertyValueSpecification","valueRequired":true,"valueName":"search_term_string"}}],"inLanguage":"en-CA"}]}},"_links":{"self":[{"href":"https:\/\/staging.nationalpardon.org\/index.php?rest_route=\/wp\/v2\/pages\/16695","targetHints":{"allow":["GET"]}}],"collection":[{"href":"https:\/\/staging.nationalpardon.org\/index.php?rest_route=\/wp\/v2\/pages"}],"about":[{"href":"https:\/\/staging.nationalpardon.org\/index.php?rest_route=\/wp\/v2\/types\/page"}],"author":[{"embeddable":true,"href":"https:\/\/staging.nationalpardon.org\/index.php?rest_route=\/wp\/v2\/users\/2"}],"replies":[{"embeddable":true,"href":"https:\/\/staging.nationalpardon.org\/index.php?rest_route=%2Fwp%2Fv2%2Fcomments&post=16695"}],"version-history":[{"count":0,"href":"https:\/\/staging.nationalpardon.org\/index.php?rest_route=\/wp\/v2\/pages\/16695\/revisions"}],"wp:attachment":[{"href":"https:\/\/staging.nationalpardon.org\/index.php?rest_route=%2Fwp%2Fv2%2Fmedia&parent=16695"}],"curies":[{"name":"wp","href":"https:\/\/api.w.org\/{rel}","templated":true}]}}