{"id":16704,"date":"2019-02-10T15:19:24","date_gmt":"2019-02-10T15:19:24","guid":{"rendered":"https:\/\/nationalpardon.org\/?page_id=16704"},"modified":"2019-02-10T15:19:24","modified_gmt":"2019-02-10T15:19:24","slug":"mettez-a-jour-votre-dossier","status":"publish","type":"page","link":"https:\/\/staging.nationalpardon.org\/?page_id=16704","title":{"rendered":"Actualisez votre dossier"},"content":{"rendered":"<p>[vc_section][vc_row][vc_column][vc_row_inner][vc_column_inner width=&#8221;1\/2&#8243; offset=&#8221;vc_hidden-lg vc_hidden-md&#8221;][vc_btn title=&#8221;TOUCHEZ POUR APPELER&#8221; style=&#8221;custom&#8221; custom_background=&#8221;#223f83&#8243; custom_text=&#8221;#ffffff&#8221; align=&#8221;center&#8221; i_icon_fontawesome=&#8221;fa fa-phone&#8221; button_block=&#8221;true&#8221; add_icon=&#8221;true&#8221; link=&#8221;url:tel%3A18662422411|||&#8221; css=&#8221;.vc_custom_1550113634327{margin-right: 25px !important;margin-left: 25px !important;}&#8221;][\/vc_column_inner][vc_column_inner width=&#8221;1\/2&#8243; offset=&#8221;vc_hidden-lg vc_hidden-md&#8221;][vc_btn title=&#8221;Demande en ligne&#8221; style=&#8221;custom&#8221; custom_background=&#8221;#cd001b&#8221; custom_text=&#8221;#ffffff&#8221; align=&#8221;center&#8221; i_icon_fontawesome=&#8221;fa fa-wpforms&#8221; button_block=&#8221;true&#8221; add_icon=&#8221;true&#8221; link=&#8221;url:%2Fdemande-en-ligne-pg-1%2F%3Flang%3Dfr|||&#8221; css=&#8221;.vc_custom_1550522928034{margin-right: 25px !important;margin-left: 25px !important;}&#8221;][\/vc_column_inner][\/vc_row_inner][\/vc_column][\/vc_row][\/vc_section][vc_row row_container=&#8221;true&#8221;][vc_column][vc_custom_heading text=&#8221;Actualiser \/ Ajouter de l\u2019information \u00e0 votre dossier&#8221; font_container=&#8221;tag:h1|font_size:28px|text_align:left|line_height:36px&#8221; use_theme_fonts=&#8221;yes&#8221; custom_style=&#8221;letter-spacing: -0.075em;&#8221;][vc_column_text]Veuillez utiliser ce formulaire pour nous envoyer toute information additionnelle sur votre demande ou pour actualiser votre information personnelle. Notez que tous formulaires gouvernementaux sign\u00e9s par vous doivent \u00eatre envoy\u00e9s par la poste car le document original est requis.[\/vc_column_text][\/vc_column][\/vc_row][vc_row row_container=&#8221;true&#8221;][vc_column][gravityform id=&#8221;18&#8243; title=&#8221;false&#8221; description=&#8221;false&#8221; ajax=&#8221;false&#8221;][\/vc_column][\/vc_row][vc_section full_width=&#8221;stretch_row&#8221; disable_element=&#8221;yes&#8221; css=&#8221;.vc_custom_1549811919147{background-color: #cd001b !important;}&#8221;][vc_row row_container=&#8221;true&#8221; css=&#8221;.vc_custom_1549811173201{padding-bottom: 30px !important;background-color: #cd001b !important;}&#8221;][vc_column width=&#8221;2\/3&#8243;][vc_column_text]<\/p>\n<p style=\"font-size: x-large; text-align: left;\"><span style=\"color: #ffffff;\"><strong>Veuillez nous contacter : <\/strong><span style=\"text-decoration: underline;\"><strong><a style=\"color: #ffffff; text-decoration: underline;\" href=\"tel:18662422411\">1-866-242-2411<\/a><\/strong><\/span><strong> de 8h30 \u00e0 17hres, du lundi au vendredi.<\/strong><\/span><\/p>\n<p>[\/vc_column_text][\/vc_column][vc_column width=&#8221;1\/3&#8243;][vc_btn title=&#8221;CONSULTATION&#8221; style=&#8221;custom&#8221; custom_background=&#8221;#1e3c82&#8243; custom_text=&#8221;#ffffff&#8221; shape=&#8221;round&#8221; css=&#8221;.vc_custom_1549810981195{padding-right: 25px !important;padding-left: 25px !important;}&#8221; link=&#8221;url:%2Fconsultations-sans-frais-2%2F%3Flang%3Dfr|||&#8221;][\/vc_column][\/vc_row][\/vc_section]<\/p>\n","protected":false},"excerpt":{"rendered":"<p>[vc_section][vc_row][vc_column][vc_row_inner][vc_column_inner width=&#8221;1\/2&#8243; offset=&#8221;vc_hidden-lg vc_hidden-md&#8221;][vc_btn title=&#8221;TOUCHEZ POUR APPELER&#8221; style=&#8221;custom&#8221; custom_background=&#8221;#223f83&#8243; custom_text=&#8221;#ffffff&#8221; align=&#8221;center&#8221; i_icon_fontawesome=&#8221;fa fa-phone&#8221; button_block=&#8221;true&#8221; add_icon=&#8221;true&#8221; link=&#8221;url:tel%3A18662422411|||&#8221; css=&#8221;.vc_custom_1550113634327{margin-right: 25px !important;margin-left: 25px !important;}&#8221;][\/vc_column_inner][vc_column_inner width=&#8221;1\/2&#8243; offset=&#8221;vc_hidden-lg vc_hidden-md&#8221;][vc_btn title=&#8221;Demande en ligne&#8221; style=&#8221;custom&#8221; custom_background=&#8221;#cd001b&#8221; custom_text=&#8221;#ffffff&#8221; align=&#8221;center&#8221; i_icon_fontawesome=&#8221;fa fa-wpforms&#8221; button_block=&#8221;true&#8221; add_icon=&#8221;true&#8221; link=&#8221;url:%2Fdemande-en-ligne-pg-1%2F%3Flang%3Dfr|||&#8221; css=&#8221;.vc_custom_1550522928034{margin-right: 25px !important;margin-left: 25px !important;}&#8221;][\/vc_column_inner][\/vc_row_inner][\/vc_column][\/vc_row][\/vc_section][vc_row row_container=&#8221;true&#8221;][vc_column][vc_custom_heading text=&#8221;Actualiser \/ Ajouter de l\u2019information \u00e0 votre dossier&#8221; font_container=&#8221;tag:h1|font_size:28px|text_align:left|line_height:36px&#8221; use_theme_fonts=&#8221;yes&#8221; custom_style=&#8221;letter-spacing: -0.075em;&#8221;][vc_column_text]Veuillez utiliser [&hellip;]<\/p>\n","protected":false},"author":2,"featured_media":0,"parent":0,"menu_order":0,"comment_status":"closed","ping_status":"closed","template":"","meta":{"footnotes":""},"class_list":["post-16704","page","type-page","status-publish","hentry"],"yoast_head":"<!-- This site is optimized with the Yoast SEO plugin v27.4 - https:\/\/yoast.com\/product\/yoast-seo-wordpress\/ -->\n<title>Actualisez votre dossier - staging.nationalpardon.org<\/title>\n<meta name=\"robots\" content=\"noindex, follow, max-snippet:-1, max-image-preview:large, max-video-preview:-1\" \/>\n<meta property=\"og:locale\" content=\"en_US\" \/>\n<meta property=\"og:type\" content=\"article\" \/>\n<meta property=\"og:title\" content=\"Actualisez votre dossier - staging.nationalpardon.org\" \/>\n<meta property=\"og:description\" content=\"[vc_section][vc_row][vc_column][vc_row_inner][vc_column_inner width=&#8221;1\/2&#8243; offset=&#8221;vc_hidden-lg vc_hidden-md&#8221;][vc_btn title=&#8221;TOUCHEZ POUR APPELER&#8221; style=&#8221;custom&#8221; custom_background=&#8221;#223f83&#8243; custom_text=&#8221;#ffffff&#8221; align=&#8221;center&#8221; i_icon_fontawesome=&#8221;fa fa-phone&#8221; button_block=&#8221;true&#8221; add_icon=&#8221;true&#8221; link=&#8221;url:tel%3A18662422411|||&#8221; css=&#8221;.vc_custom_1550113634327{margin-right: 25px !important;margin-left: 25px !important;}&#8221;][\/vc_column_inner][vc_column_inner width=&#8221;1\/2&#8243; offset=&#8221;vc_hidden-lg vc_hidden-md&#8221;][vc_btn title=&#8221;Demande en ligne&#8221; style=&#8221;custom&#8221; custom_background=&#8221;#cd001b&#8221; custom_text=&#8221;#ffffff&#8221; align=&#8221;center&#8221; i_icon_fontawesome=&#8221;fa fa-wpforms&#8221; button_block=&#8221;true&#8221; add_icon=&#8221;true&#8221; link=&#8221;url:%2Fdemande-en-ligne-pg-1%2F%3Flang%3Dfr|||&#8221; css=&#8221;.vc_custom_1550522928034{margin-right: 25px !important;margin-left: 25px !important;}&#8221;][\/vc_column_inner][\/vc_row_inner][\/vc_column][\/vc_row][\/vc_section][vc_row row_container=&#8221;true&#8221;][vc_column][vc_custom_heading text=&#8221;Actualiser \/ Ajouter de l\u2019information \u00e0 votre dossier&#8221; font_container=&#8221;tag:h1|font_size:28px|text_align:left|line_height:36px&#8221; use_theme_fonts=&#8221;yes&#8221; custom_style=&#8221;letter-spacing: -0.075em;&#8221;][vc_column_text]Veuillez utiliser [&hellip;]\" \/>\n<meta property=\"og:url\" content=\"https:\/\/staging.nationalpardon.org\/?page_id=16704\" \/>\n<meta property=\"og:site_name\" content=\"staging.nationalpardon.org\" \/>\n<meta name=\"twitter:card\" content=\"summary_large_image\" \/>\n<meta name=\"twitter:label1\" content=\"Est. reading time\" \/>\n\t<meta name=\"twitter:data1\" content=\"2 minutes\" \/>\n<script type=\"application\/ld+json\" class=\"yoast-schema-graph\">{\"@context\":\"https:\\\/\\\/schema.org\",\"@graph\":[{\"@type\":\"WebPage\",\"@id\":\"https:\\\/\\\/staging.nationalpardon.org\\\/?page_id=16704\",\"url\":\"https:\\\/\\\/staging.nationalpardon.org\\\/?page_id=16704\",\"name\":\"Actualisez votre dossier - staging.nationalpardon.org\",\"isPartOf\":{\"@id\":\"https:\\\/\\\/staging.nationalpardon.org\\\/#website\"},\"datePublished\":\"2019-02-10T15:19:24+00:00\",\"breadcrumb\":{\"@id\":\"https:\\\/\\\/staging.nationalpardon.org\\\/?page_id=16704#breadcrumb\"},\"inLanguage\":\"en-CA\",\"potentialAction\":[{\"@type\":\"ReadAction\",\"target\":[\"https:\\\/\\\/staging.nationalpardon.org\\\/?page_id=16704\"]}]},{\"@type\":\"BreadcrumbList\",\"@id\":\"https:\\\/\\\/staging.nationalpardon.org\\\/?page_id=16704#breadcrumb\",\"itemListElement\":[{\"@type\":\"ListItem\",\"position\":1,\"name\":\"Home\",\"item\":\"https:\\\/\\\/staging.nationalpardon.org\\\/\"},{\"@type\":\"ListItem\",\"position\":2,\"name\":\"Actualisez votre dossier\"}]},{\"@type\":\"WebSite\",\"@id\":\"https:\\\/\\\/staging.nationalpardon.org\\\/#website\",\"url\":\"https:\\\/\\\/staging.nationalpardon.org\\\/\",\"name\":\"staging.nationalpardon.org\",\"description\":\"\",\"potentialAction\":[{\"@type\":\"SearchAction\",\"target\":{\"@type\":\"EntryPoint\",\"urlTemplate\":\"https:\\\/\\\/staging.nationalpardon.org\\\/?s={search_term_string}\"},\"query-input\":{\"@type\":\"PropertyValueSpecification\",\"valueRequired\":true,\"valueName\":\"search_term_string\"}}],\"inLanguage\":\"en-CA\"}]}<\/script>\n<!-- \/ Yoast SEO plugin. -->","yoast_head_json":{"title":"Actualisez votre dossier - staging.nationalpardon.org","robots":{"index":"noindex","follow":"follow","max-snippet":"max-snippet:-1","max-image-preview":"max-image-preview:large","max-video-preview":"max-video-preview:-1"},"og_locale":"en_US","og_type":"article","og_title":"Actualisez votre dossier - staging.nationalpardon.org","og_description":"[vc_section][vc_row][vc_column][vc_row_inner][vc_column_inner width=&#8221;1\/2&#8243; offset=&#8221;vc_hidden-lg vc_hidden-md&#8221;][vc_btn title=&#8221;TOUCHEZ POUR APPELER&#8221; style=&#8221;custom&#8221; custom_background=&#8221;#223f83&#8243; custom_text=&#8221;#ffffff&#8221; align=&#8221;center&#8221; i_icon_fontawesome=&#8221;fa fa-phone&#8221; button_block=&#8221;true&#8221; add_icon=&#8221;true&#8221; link=&#8221;url:tel%3A18662422411|||&#8221; css=&#8221;.vc_custom_1550113634327{margin-right: 25px !important;margin-left: 25px !important;}&#8221;][\/vc_column_inner][vc_column_inner width=&#8221;1\/2&#8243; offset=&#8221;vc_hidden-lg vc_hidden-md&#8221;][vc_btn title=&#8221;Demande en ligne&#8221; style=&#8221;custom&#8221; custom_background=&#8221;#cd001b&#8221; custom_text=&#8221;#ffffff&#8221; align=&#8221;center&#8221; i_icon_fontawesome=&#8221;fa fa-wpforms&#8221; button_block=&#8221;true&#8221; add_icon=&#8221;true&#8221; link=&#8221;url:%2Fdemande-en-ligne-pg-1%2F%3Flang%3Dfr|||&#8221; css=&#8221;.vc_custom_1550522928034{margin-right: 25px !important;margin-left: 25px !important;}&#8221;][\/vc_column_inner][\/vc_row_inner][\/vc_column][\/vc_row][\/vc_section][vc_row row_container=&#8221;true&#8221;][vc_column][vc_custom_heading text=&#8221;Actualiser \/ Ajouter de l\u2019information \u00e0 votre dossier&#8221; font_container=&#8221;tag:h1|font_size:28px|text_align:left|line_height:36px&#8221; use_theme_fonts=&#8221;yes&#8221; custom_style=&#8221;letter-spacing: -0.075em;&#8221;][vc_column_text]Veuillez utiliser [&hellip;]","og_url":"https:\/\/staging.nationalpardon.org\/?page_id=16704","og_site_name":"staging.nationalpardon.org","twitter_card":"summary_large_image","twitter_misc":{"Est. reading time":"2 minutes"},"schema":{"@context":"https:\/\/schema.org","@graph":[{"@type":"WebPage","@id":"https:\/\/staging.nationalpardon.org\/?page_id=16704","url":"https:\/\/staging.nationalpardon.org\/?page_id=16704","name":"Actualisez votre dossier - staging.nationalpardon.org","isPartOf":{"@id":"https:\/\/staging.nationalpardon.org\/#website"},"datePublished":"2019-02-10T15:19:24+00:00","breadcrumb":{"@id":"https:\/\/staging.nationalpardon.org\/?page_id=16704#breadcrumb"},"inLanguage":"en-CA","potentialAction":[{"@type":"ReadAction","target":["https:\/\/staging.nationalpardon.org\/?page_id=16704"]}]},{"@type":"BreadcrumbList","@id":"https:\/\/staging.nationalpardon.org\/?page_id=16704#breadcrumb","itemListElement":[{"@type":"ListItem","position":1,"name":"Home","item":"https:\/\/staging.nationalpardon.org\/"},{"@type":"ListItem","position":2,"name":"Actualisez votre dossier"}]},{"@type":"WebSite","@id":"https:\/\/staging.nationalpardon.org\/#website","url":"https:\/\/staging.nationalpardon.org\/","name":"staging.nationalpardon.org","description":"","potentialAction":[{"@type":"SearchAction","target":{"@type":"EntryPoint","urlTemplate":"https:\/\/staging.nationalpardon.org\/?s={search_term_string}"},"query-input":{"@type":"PropertyValueSpecification","valueRequired":true,"valueName":"search_term_string"}}],"inLanguage":"en-CA"}]}},"_links":{"self":[{"href":"https:\/\/staging.nationalpardon.org\/index.php?rest_route=\/wp\/v2\/pages\/16704","targetHints":{"allow":["GET"]}}],"collection":[{"href":"https:\/\/staging.nationalpardon.org\/index.php?rest_route=\/wp\/v2\/pages"}],"about":[{"href":"https:\/\/staging.nationalpardon.org\/index.php?rest_route=\/wp\/v2\/types\/page"}],"author":[{"embeddable":true,"href":"https:\/\/staging.nationalpardon.org\/index.php?rest_route=\/wp\/v2\/users\/2"}],"replies":[{"embeddable":true,"href":"https:\/\/staging.nationalpardon.org\/index.php?rest_route=%2Fwp%2Fv2%2Fcomments&post=16704"}],"version-history":[{"count":0,"href":"https:\/\/staging.nationalpardon.org\/index.php?rest_route=\/wp\/v2\/pages\/16704\/revisions"}],"wp:attachment":[{"href":"https:\/\/staging.nationalpardon.org\/index.php?rest_route=%2Fwp%2Fv2%2Fmedia&parent=16704"}],"curies":[{"name":"wp","href":"https:\/\/api.w.org\/{rel}","templated":true}]}}