{"id":16724,"date":"2019-02-10T16:23:06","date_gmt":"2019-02-10T16:23:06","guid":{"rendered":"https:\/\/nationalpardon.org\/?page_id=16724"},"modified":"2019-02-10T16:23:06","modified_gmt":"2019-02-10T16:23:06","slug":"casier-judiciaire","status":"publish","type":"page","link":"https:\/\/staging.nationalpardon.org\/?page_id=16724","title":{"rendered":"Casier judiciaire"},"content":{"rendered":"<p>[vc_section][vc_row][vc_column][vc_row_inner][vc_column_inner width=&#8221;1\/2&#8243; offset=&#8221;vc_hidden-lg vc_hidden-md&#8221;][vc_btn title=&#8221;TOUCHEZ POUR APPELER&#8221; style=&#8221;custom&#8221; custom_background=&#8221;#223f83&#8243; custom_text=&#8221;#ffffff&#8221; align=&#8221;center&#8221; i_icon_fontawesome=&#8221;fa fa-phone&#8221; button_block=&#8221;true&#8221; add_icon=&#8221;true&#8221; link=&#8221;url:tel%3A18662422411|||&#8221; css=&#8221;.vc_custom_1550113634327{margin-right: 25px !important;margin-left: 25px !important;}&#8221;][\/vc_column_inner][vc_column_inner width=&#8221;1\/2&#8243; offset=&#8221;vc_hidden-lg vc_hidden-md&#8221;][vc_btn title=&#8221;Demande en ligne&#8221; style=&#8221;custom&#8221; custom_background=&#8221;#cd001b&#8221; custom_text=&#8221;#ffffff&#8221; align=&#8221;center&#8221; i_icon_fontawesome=&#8221;fa fa-wpforms&#8221; button_block=&#8221;true&#8221; add_icon=&#8221;true&#8221; link=&#8221;url:%2Fdemande-en-ligne-pg-1%2F%3Flang%3Dfr|||&#8221; css=&#8221;.vc_custom_1550522928034{margin-right: 25px !important;margin-left: 25px !important;}&#8221;][\/vc_column_inner][\/vc_row_inner][\/vc_column][\/vc_row][\/vc_section][vc_row row_container=&#8221;true&#8221;][vc_column][vc_custom_heading text=&#8221;Qu\u2019est-ce qu\u2019un casier judiciaire?&#8221; font_container=&#8221;tag:h1|font_size:28px|text_align:left|line_height:36px&#8221; use_theme_fonts=&#8221;yes&#8221; custom_style=&#8221;letter-spacing: -0.075em;&#8221;][vc_column_text]Un casier judiciaire est tout simplement un dossier \u00e9crit des ant\u00e9c\u00e9dents judiciaire d\u2019une personne. Mais c\u2019est une r\u00e9ponse assez vague donc nous allons explorer la question plus profond\u00e9ment.[\/vc_column_text][\/vc_column][\/vc_row][vc_row row_container=&#8221;true&#8221;][vc_column][vc_column_text]<\/p>\n<h2>Le casier judiciaire<\/h2>\n<p>Quand la plupart des personnes pensent au casier judiciaire, ils pensent aux dossiers conserv\u00e9s par la police, une fois qu\u2019une personne est arr\u00eat\u00e9e pour un crime et par la suite condamn\u00e9e \u00e0 la Cour.<\/p>\n<p>La plupart du temps, une personne se retrouve avec un casier judiciaire lorsqu\u2019elle est arr\u00eat\u00e9e pour quelque chose d\u2019ill\u00e9gal. Suite \u00e0 l\u2019arrestation, la personne est inculp\u00e9e pour cette infraction et doit se pr\u00e9senter\u00a0 \u00e0 la Cour. Une fois que la personne se pr\u00e9sente \u00e0 la Cour, elle est condamn\u00e9e pour l\u2019infraction pour laquelle elle a \u00e9t\u00e9 accus\u00e9e.<\/p>\n<p>Au Canada, toutes ces informations sont conserv\u00e9es dans le CIPC, ce qui veut dire \u00ab\u00a0Centre Informatique de la Police Canadienne\u00a0\u00bb. Cette base de donn\u00e9es est maintenue par la GRC, ou la Gendarmerie Royale du Canada.<\/p>\n<h2>Les autres types de casiers judiciaires<\/h2>\n<p>Tout comme mentionn\u00e9 plus haut, un casier judiciaire peut \u00eatre le r\u00e9sultat de n\u2019importe quelle implication polici\u00e8re, m\u00eame s\u2019il n\u2019y a eu ni arrestation, ni condamnation. Nous allons donc examiner les diff\u00e9rents types d\u2019incidents qui peuvent mener \u00e0 un casier judiciaire quelconque.<\/p>\n<p><strong>Questionn\u00e9 par la police \u2013\u00a0<\/strong>si vous avez d\u00e9j\u00e0 \u00e9t\u00e9 questionn\u00e9 par la police par rapport \u00e0 un crime, il y a de fortes chances qu\u2019une trace de cette rencontre existe toujours.<\/p>\n<p>Ce n\u2019est pas le genre de casier judiciaire qui \u00e9liminera vos opportunit\u00e9s d\u2019emploi, parce que les employeurs n\u2019ont pas acc\u00e8s \u00e0 ce genre d\u2019informations. Cependant, il s\u2019agit tout de m\u00eame d\u2019un casier judiciaire. La Commission des Lib\u00e9rations Conditionnelles, par exemple, a d\u00e9j\u00e0 utilis\u00e9 ce genre de casier judiciaire pour refuser une demande de pardon \/ suspension du casier.<\/p>\n<p><strong>Arr\u00eat\u00e9 mais jamais inculp\u00e9 \u2013\u00a0<\/strong>il est assez courant que quelqu\u2019un soit arr\u00eat\u00e9 par la police mais jamais inculp\u00e9. Par exemple, il pourrait s\u2019agir d\u2019un juv\u00e9nile qui est emmen\u00e9 au poste de police, est questionn\u00e9, mais n\u2019est jamais vraiment arr\u00eat\u00e9. Dans certains cas, la police prend une s\u00e9rie d\u2019empreintes, mais m\u00eame s\u2019ils ne le font pas, il existera toujours un relev\u00e9 de cet \u00e9v\u00e8nement.<\/p>\n<p><strong>Arr\u00eat\u00e9 mais jamais condamn\u00e9 \u2013<\/strong>\u00a0M\u00eame si vous \u00eates arr\u00eat\u00e9 par la police, il se peut qu\u2019ils n\u2019aient pas recueilli suffisamment de preuves pour que la Couronne constitue un dossier solide. Dans ce cas, vous ne serez pas condamn\u00e9.<\/p>\n<p>Vous pouvez aussi recevoir une absolution conditionnelle ou inconditionnelle, ce qui veut dire, d\u2019un point de vue technique, que vous avez \u00e9t\u00e9 reconnu coupable pour une infraction, mais que vous n\u2019avez pas \u00e9t\u00e9 condamn\u00e9.<\/p>\n<p>Le r\u00e9sultat en sera un dossier dans le CIPC sous la colonne de distribution restreinte.<\/p>\n<p><strong>Arr\u00eat\u00e9, inculp\u00e9, et condamn\u00e9 \u2013\u00a0<\/strong>C\u2019est l\u00e0 o\u00f9 le b\u00e2t blesse. Le r\u00e9sultat en sera un dossier dans le CIPC avec les informations sur votre infraction et votre peine. Ceci est le genre de casier judiciaire que les employeurs v\u00e9rifient, et qui nuira presque universellement \u00e0 vos opportunit\u00e9s d\u2019emploi.<\/p>\n<p>Si vous avez \u00e9t\u00e9 condamn\u00e9, vous devez \u00e9liminer l\u2019infraction du registre publique. Apprenez comment.<\/p>\n<p><strong>Les endroits o\u00f9 sont conserv\u00e9s les casiers judiciaires<\/strong><\/p>\n<p>Au Canada, nous avons trois niveaux distincts de casiers judiciaires \u2013 CIPC, les postes de police, et la Cour.<\/p>\n<p>CIPC \u2013 comme mentionn\u00e9 plus t\u00f4t, il s\u2019agit du R\u00e9pertoire National de casiers judiciaires maintenu par la GRC.<\/p>\n<p>Les postes de police \u2013 les postes de police maintiennent leurs propres registres d\u2019incidents policiers. Il s\u2019agit souvent d\u2019agences provinciales comme la OPP (Ontario Provincial Police) ou la SQ \u2013 S\u00fbret\u00e9 du Qu\u00e9bec.<\/p>\n<p>La Cour \u2013 Les registres sont maintenus par chaque Cour au Canada. Ces documents sont accessibles par le public, ce qui signifie que n\u2019importe qui peut acc\u00e9der \u00e0 vos dossiers sans vous en demander la permission. Si vous avez un dossier contenu \u00e0 la Cour, il est tr\u00e8s important de prendre des d\u00e9marches pour les sceller.[\/vc_column_text][\/vc_column][\/vc_row][vc_section full_width=&#8221;stretch_row&#8221; css=&#8221;.vc_custom_1549811124367{background-color: #cd001b !important;}&#8221;][vc_row row_container=&#8221;true&#8221; css=&#8221;.vc_custom_1549811173201{padding-bottom: 30px !important;background-color: #cd001b !important;}&#8221;][vc_column width=&#8221;2\/3&#8243;][vc_column_text]<\/p>\n<p style=\"font-size: x-large; text-align: left;\"><span style=\"color: #ffffff;\"><strong>Veuillez nous contacter : <\/strong><span style=\"text-decoration: underline;\"><strong><a style=\"color: #ffffff; text-decoration: underline;\" href=\"tel:18662422411\">1-866-242-2411<\/a><\/strong><\/span><strong> de 8h30 \u00e0 17hres, du lundi au vendredi.<\/strong><\/span><\/p>\n<p>[\/vc_column_text][\/vc_column][vc_column width=&#8221;1\/3&#8243;][vc_btn title=&#8221;RENDEZ-VOUS&#8221; style=&#8221;custom&#8221; custom_background=&#8221;#1e3c82&#8243; custom_text=&#8221;#ffffff&#8221; shape=&#8221;round&#8221; css=&#8221;.vc_custom_1549815838882{padding-right: 25px !important;padding-left: 25px !important;}&#8221; link=&#8221;url:%2Fempreintes-digitales-rendez-vous%2F%3Flang%3Dfr|||&#8221;][\/vc_column][\/vc_row][\/vc_section]<\/p>\n","protected":false},"excerpt":{"rendered":"<p>[vc_section][vc_row][vc_column][vc_row_inner][vc_column_inner width=&#8221;1\/2&#8243; offset=&#8221;vc_hidden-lg vc_hidden-md&#8221;][vc_btn title=&#8221;TOUCHEZ POUR APPELER&#8221; style=&#8221;custom&#8221; custom_background=&#8221;#223f83&#8243; custom_text=&#8221;#ffffff&#8221; align=&#8221;center&#8221; i_icon_fontawesome=&#8221;fa fa-phone&#8221; button_block=&#8221;true&#8221; add_icon=&#8221;true&#8221; link=&#8221;url:tel%3A18662422411|||&#8221; css=&#8221;.vc_custom_1550113634327{margin-right: 25px !important;margin-left: 25px !important;}&#8221;][\/vc_column_inner][vc_column_inner width=&#8221;1\/2&#8243; offset=&#8221;vc_hidden-lg vc_hidden-md&#8221;][vc_btn title=&#8221;Demande en ligne&#8221; style=&#8221;custom&#8221; custom_background=&#8221;#cd001b&#8221; custom_text=&#8221;#ffffff&#8221; align=&#8221;center&#8221; i_icon_fontawesome=&#8221;fa fa-wpforms&#8221; button_block=&#8221;true&#8221; add_icon=&#8221;true&#8221; link=&#8221;url:%2Fdemande-en-ligne-pg-1%2F%3Flang%3Dfr|||&#8221; css=&#8221;.vc_custom_1550522928034{margin-right: 25px !important;margin-left: 25px !important;}&#8221;][\/vc_column_inner][\/vc_row_inner][\/vc_column][\/vc_row][\/vc_section][vc_row row_container=&#8221;true&#8221;][vc_column][vc_custom_heading text=&#8221;Qu\u2019est-ce qu\u2019un casier judiciaire?&#8221; font_container=&#8221;tag:h1|font_size:28px|text_align:left|line_height:36px&#8221; use_theme_fonts=&#8221;yes&#8221; custom_style=&#8221;letter-spacing: -0.075em;&#8221;][vc_column_text]Un casier judiciaire est tout simplement [&hellip;]<\/p>\n","protected":false},"author":2,"featured_media":0,"parent":0,"menu_order":0,"comment_status":"closed","ping_status":"closed","template":"","meta":{"footnotes":""},"class_list":["post-16724","page","type-page","status-publish","hentry"],"yoast_head":"<!-- This site is optimized with the Yoast SEO plugin v27.4 - https:\/\/yoast.com\/product\/yoast-seo-wordpress\/ -->\n<title>Informations Casiers Judiciaire | Centre du pardon national<\/title>\n<meta name=\"robots\" content=\"noindex, follow, max-snippet:-1, max-image-preview:large, max-video-preview:-1\" \/>\n<meta property=\"og:locale\" content=\"en_US\" \/>\n<meta property=\"og:type\" content=\"article\" \/>\n<meta property=\"og:title\" content=\"Informations Casiers Judiciaire | Centre du pardon national\" \/>\n<meta property=\"og:description\" content=\"[vc_section][vc_row][vc_column][vc_row_inner][vc_column_inner width=&#8221;1\/2&#8243; offset=&#8221;vc_hidden-lg vc_hidden-md&#8221;][vc_btn title=&#8221;TOUCHEZ POUR APPELER&#8221; style=&#8221;custom&#8221; custom_background=&#8221;#223f83&#8243; custom_text=&#8221;#ffffff&#8221; align=&#8221;center&#8221; i_icon_fontawesome=&#8221;fa fa-phone&#8221; button_block=&#8221;true&#8221; add_icon=&#8221;true&#8221; link=&#8221;url:tel%3A18662422411|||&#8221; css=&#8221;.vc_custom_1550113634327{margin-right: 25px !important;margin-left: 25px !important;}&#8221;][\/vc_column_inner][vc_column_inner width=&#8221;1\/2&#8243; offset=&#8221;vc_hidden-lg vc_hidden-md&#8221;][vc_btn title=&#8221;Demande en ligne&#8221; style=&#8221;custom&#8221; custom_background=&#8221;#cd001b&#8221; custom_text=&#8221;#ffffff&#8221; align=&#8221;center&#8221; i_icon_fontawesome=&#8221;fa fa-wpforms&#8221; button_block=&#8221;true&#8221; add_icon=&#8221;true&#8221; link=&#8221;url:%2Fdemande-en-ligne-pg-1%2F%3Flang%3Dfr|||&#8221; css=&#8221;.vc_custom_1550522928034{margin-right: 25px !important;margin-left: 25px !important;}&#8221;][\/vc_column_inner][\/vc_row_inner][\/vc_column][\/vc_row][\/vc_section][vc_row row_container=&#8221;true&#8221;][vc_column][vc_custom_heading text=&#8221;Qu\u2019est-ce qu\u2019un casier judiciaire?&#8221; font_container=&#8221;tag:h1|font_size:28px|text_align:left|line_height:36px&#8221; use_theme_fonts=&#8221;yes&#8221; custom_style=&#8221;letter-spacing: -0.075em;&#8221;][vc_column_text]Un casier judiciaire est tout simplement [&hellip;]\" \/>\n<meta property=\"og:url\" content=\"https:\/\/staging.nationalpardon.org\/?page_id=16724\" \/>\n<meta property=\"og:site_name\" content=\"staging.nationalpardon.org\" \/>\n<meta name=\"twitter:card\" content=\"summary_large_image\" \/>\n<meta name=\"twitter:label1\" content=\"Est. reading time\" \/>\n\t<meta name=\"twitter:data1\" content=\"5 minutes\" \/>\n<script type=\"application\/ld+json\" class=\"yoast-schema-graph\">{\"@context\":\"https:\\\/\\\/schema.org\",\"@graph\":[{\"@type\":\"WebPage\",\"@id\":\"https:\\\/\\\/staging.nationalpardon.org\\\/?page_id=16724\",\"url\":\"https:\\\/\\\/staging.nationalpardon.org\\\/?page_id=16724\",\"name\":\"Informations Casiers Judiciaire | Centre du pardon national\",\"isPartOf\":{\"@id\":\"https:\\\/\\\/staging.nationalpardon.org\\\/#website\"},\"datePublished\":\"2019-02-10T16:23:06+00:00\",\"breadcrumb\":{\"@id\":\"https:\\\/\\\/staging.nationalpardon.org\\\/?page_id=16724#breadcrumb\"},\"inLanguage\":\"en-CA\",\"potentialAction\":[{\"@type\":\"ReadAction\",\"target\":[\"https:\\\/\\\/staging.nationalpardon.org\\\/?page_id=16724\"]}]},{\"@type\":\"BreadcrumbList\",\"@id\":\"https:\\\/\\\/staging.nationalpardon.org\\\/?page_id=16724#breadcrumb\",\"itemListElement\":[{\"@type\":\"ListItem\",\"position\":1,\"name\":\"Home\",\"item\":\"https:\\\/\\\/staging.nationalpardon.org\\\/\"},{\"@type\":\"ListItem\",\"position\":2,\"name\":\"Casier judiciaire\"}]},{\"@type\":\"WebSite\",\"@id\":\"https:\\\/\\\/staging.nationalpardon.org\\\/#website\",\"url\":\"https:\\\/\\\/staging.nationalpardon.org\\\/\",\"name\":\"staging.nationalpardon.org\",\"description\":\"\",\"potentialAction\":[{\"@type\":\"SearchAction\",\"target\":{\"@type\":\"EntryPoint\",\"urlTemplate\":\"https:\\\/\\\/staging.nationalpardon.org\\\/?s={search_term_string}\"},\"query-input\":{\"@type\":\"PropertyValueSpecification\",\"valueRequired\":true,\"valueName\":\"search_term_string\"}}],\"inLanguage\":\"en-CA\"}]}<\/script>\n<!-- \/ Yoast SEO plugin. -->","yoast_head_json":{"title":"Informations Casiers Judiciaire | Centre du pardon national","robots":{"index":"noindex","follow":"follow","max-snippet":"max-snippet:-1","max-image-preview":"max-image-preview:large","max-video-preview":"max-video-preview:-1"},"og_locale":"en_US","og_type":"article","og_title":"Informations Casiers Judiciaire | Centre du pardon national","og_description":"[vc_section][vc_row][vc_column][vc_row_inner][vc_column_inner width=&#8221;1\/2&#8243; offset=&#8221;vc_hidden-lg vc_hidden-md&#8221;][vc_btn title=&#8221;TOUCHEZ POUR APPELER&#8221; style=&#8221;custom&#8221; custom_background=&#8221;#223f83&#8243; custom_text=&#8221;#ffffff&#8221; align=&#8221;center&#8221; i_icon_fontawesome=&#8221;fa fa-phone&#8221; button_block=&#8221;true&#8221; add_icon=&#8221;true&#8221; link=&#8221;url:tel%3A18662422411|||&#8221; css=&#8221;.vc_custom_1550113634327{margin-right: 25px !important;margin-left: 25px !important;}&#8221;][\/vc_column_inner][vc_column_inner width=&#8221;1\/2&#8243; offset=&#8221;vc_hidden-lg vc_hidden-md&#8221;][vc_btn title=&#8221;Demande en ligne&#8221; style=&#8221;custom&#8221; custom_background=&#8221;#cd001b&#8221; custom_text=&#8221;#ffffff&#8221; align=&#8221;center&#8221; i_icon_fontawesome=&#8221;fa fa-wpforms&#8221; button_block=&#8221;true&#8221; add_icon=&#8221;true&#8221; link=&#8221;url:%2Fdemande-en-ligne-pg-1%2F%3Flang%3Dfr|||&#8221; css=&#8221;.vc_custom_1550522928034{margin-right: 25px !important;margin-left: 25px !important;}&#8221;][\/vc_column_inner][\/vc_row_inner][\/vc_column][\/vc_row][\/vc_section][vc_row row_container=&#8221;true&#8221;][vc_column][vc_custom_heading text=&#8221;Qu\u2019est-ce qu\u2019un casier judiciaire?&#8221; font_container=&#8221;tag:h1|font_size:28px|text_align:left|line_height:36px&#8221; use_theme_fonts=&#8221;yes&#8221; custom_style=&#8221;letter-spacing: -0.075em;&#8221;][vc_column_text]Un casier judiciaire est tout simplement [&hellip;]","og_url":"https:\/\/staging.nationalpardon.org\/?page_id=16724","og_site_name":"staging.nationalpardon.org","twitter_card":"summary_large_image","twitter_misc":{"Est. reading time":"5 minutes"},"schema":{"@context":"https:\/\/schema.org","@graph":[{"@type":"WebPage","@id":"https:\/\/staging.nationalpardon.org\/?page_id=16724","url":"https:\/\/staging.nationalpardon.org\/?page_id=16724","name":"Informations Casiers Judiciaire | Centre du pardon national","isPartOf":{"@id":"https:\/\/staging.nationalpardon.org\/#website"},"datePublished":"2019-02-10T16:23:06+00:00","breadcrumb":{"@id":"https:\/\/staging.nationalpardon.org\/?page_id=16724#breadcrumb"},"inLanguage":"en-CA","potentialAction":[{"@type":"ReadAction","target":["https:\/\/staging.nationalpardon.org\/?page_id=16724"]}]},{"@type":"BreadcrumbList","@id":"https:\/\/staging.nationalpardon.org\/?page_id=16724#breadcrumb","itemListElement":[{"@type":"ListItem","position":1,"name":"Home","item":"https:\/\/staging.nationalpardon.org\/"},{"@type":"ListItem","position":2,"name":"Casier judiciaire"}]},{"@type":"WebSite","@id":"https:\/\/staging.nationalpardon.org\/#website","url":"https:\/\/staging.nationalpardon.org\/","name":"staging.nationalpardon.org","description":"","potentialAction":[{"@type":"SearchAction","target":{"@type":"EntryPoint","urlTemplate":"https:\/\/staging.nationalpardon.org\/?s={search_term_string}"},"query-input":{"@type":"PropertyValueSpecification","valueRequired":true,"valueName":"search_term_string"}}],"inLanguage":"en-CA"}]}},"_links":{"self":[{"href":"https:\/\/staging.nationalpardon.org\/index.php?rest_route=\/wp\/v2\/pages\/16724","targetHints":{"allow":["GET"]}}],"collection":[{"href":"https:\/\/staging.nationalpardon.org\/index.php?rest_route=\/wp\/v2\/pages"}],"about":[{"href":"https:\/\/staging.nationalpardon.org\/index.php?rest_route=\/wp\/v2\/types\/page"}],"author":[{"embeddable":true,"href":"https:\/\/staging.nationalpardon.org\/index.php?rest_route=\/wp\/v2\/users\/2"}],"replies":[{"embeddable":true,"href":"https:\/\/staging.nationalpardon.org\/index.php?rest_route=%2Fwp%2Fv2%2Fcomments&post=16724"}],"version-history":[{"count":0,"href":"https:\/\/staging.nationalpardon.org\/index.php?rest_route=\/wp\/v2\/pages\/16724\/revisions"}],"wp:attachment":[{"href":"https:\/\/staging.nationalpardon.org\/index.php?rest_route=%2Fwp%2Fv2%2Fmedia&parent=16724"}],"curies":[{"name":"wp","href":"https:\/\/api.w.org\/{rel}","templated":true}]}}