{"id":16790,"date":"2019-02-10T17:43:23","date_gmt":"2019-02-10T17:43:23","guid":{"rendered":"https:\/\/nationalpardon.org\/?page_id=16790"},"modified":"2019-02-10T17:43:23","modified_gmt":"2019-02-10T17:43:23","slug":"formulaire-dinscription-demande-acheminee","status":"publish","type":"page","link":"https:\/\/staging.nationalpardon.org\/?page_id=16790","title":{"rendered":"formulaire d&#8217;inscription demande acheminee"},"content":{"rendered":"<p>[vc_section][vc_row][vc_column][vc_row_inner][vc_column_inner width=&#8221;1\/2&#8243; offset=&#8221;vc_hidden-lg vc_hidden-md&#8221;][vc_btn title=&#8221;TOUCHEZ POUR APPELER&#8221; style=&#8221;custom&#8221; custom_background=&#8221;#223f83&#8243; custom_text=&#8221;#ffffff&#8221; align=&#8221;center&#8221; i_icon_fontawesome=&#8221;fa fa-phone&#8221; button_block=&#8221;true&#8221; add_icon=&#8221;true&#8221; link=&#8221;url:tel%3A18662422411|||&#8221; css=&#8221;.vc_custom_1550113634327{margin-right: 25px !important;margin-left: 25px !important;}&#8221;][\/vc_column_inner][vc_column_inner width=&#8221;1\/2&#8243; offset=&#8221;vc_hidden-lg vc_hidden-md&#8221;][vc_btn title=&#8221;Demande en ligne&#8221; style=&#8221;custom&#8221; custom_background=&#8221;#cd001b&#8221; custom_text=&#8221;#ffffff&#8221; align=&#8221;center&#8221; i_icon_fontawesome=&#8221;fa fa-wpforms&#8221; button_block=&#8221;true&#8221; add_icon=&#8221;true&#8221; link=&#8221;url:%2Fdemande-en-ligne-pg-1%2F%3Flang%3Dfr|||&#8221; css=&#8221;.vc_custom_1550522928034{margin-right: 25px !important;margin-left: 25px !important;}&#8221;][\/vc_column_inner][\/vc_row_inner][\/vc_column][\/vc_row][\/vc_section][vc_row row_container=&#8221;true&#8221;][vc_column][vc_custom_heading text=&#8221;Formulaire d\u2019inscription \u2013 demande acheminee&#8221; font_container=&#8221;tag:h1|font_size:28px|text_align:left|line_height:36px&#8221; use_theme_fonts=&#8221;yes&#8221; custom_style=&#8221;letter-spacing: -0.075em;&#8221;][vc_column_text]Merci d\u2019avoir choisi le Centre du Pardon National. Nous serons en contact avec vous d\u2019ici 3 heures ouvrables, et normalement m\u00eame plus t\u00f4t que cela. Veuillez noter que nos heures d\u2019ouvertures sont de 8h30 jusqu\u2019\u00e0 17h du Lundi au Vendredi.<\/p>\n<p>Soyez assur\u00e9s que votre demande est entre de bonnes mains, et que nous entamerons les d\u00e9marches le plus rapidement possible.<\/p>\n<p>Ayez confiance en nous. Nous sommes durs envers les casiers judiciaires!<\/p>\n<p>Cliquez sur le lien correspondant \u00e0 la demande que vous souhaitez d\u00e9poser (afin de t\u00e9l\u00e9charger les formulaires).<\/p>\n<h4><a href=\"https:\/\/www.nationalpardon.org\/applyonline\/downloadV2.php?dfile=39\">Demande de pardon<\/a><\/h4>\n<h4><a href=\"https:\/\/www.nationalpardon.org\/applyonline\/downloadV2.php?dfile=41\">Demande de waiver<\/a><\/h4>\n<p>[\/vc_column_text][\/vc_column][\/vc_row][vc_section full_width=&#8221;stretch_row&#8221; css=&#8221;.vc_custom_1549811124367{background-color: #cd001b !important;}&#8221;][vc_row row_container=&#8221;true&#8221; css=&#8221;.vc_custom_1549811173201{padding-bottom: 30px !important;background-color: #cd001b !important;}&#8221;][vc_column width=&#8221;2\/3&#8243;][vc_column_text]<\/p>\n<p style=\"font-size: x-large; text-align: left;\"><span style=\"color: #ffffff;\"><strong>Veuillez nous contacter : <\/strong><span style=\"text-decoration: underline;\"><strong><a style=\"color: #ffffff; text-decoration: underline;\" href=\"tel:18662422411\">1-866-242-2411<\/a><\/strong><\/span><strong> de 8h30 \u00e0 17hres, du lundi au vendredi.<\/strong><\/span><\/p>\n<p>[\/vc_column_text][\/vc_column][vc_column width=&#8221;1\/3&#8243;][vc_btn title=&#8221;CONSULTATION&#8221; style=&#8221;custom&#8221; custom_background=&#8221;#1e3c82&#8243; custom_text=&#8221;#ffffff&#8221; shape=&#8221;round&#8221; css=&#8221;.vc_custom_1549812665353{padding-right: 25px !important;padding-left: 25px !important;}&#8221; link=&#8221;url:%2Fconsultations-sans-frais-2%2F%3Flang%3Dfr|||&#8221;][\/vc_column][\/vc_row][\/vc_section]<\/p>\n","protected":false},"excerpt":{"rendered":"<p>[vc_section][vc_row][vc_column][vc_row_inner][vc_column_inner width=&#8221;1\/2&#8243; offset=&#8221;vc_hidden-lg vc_hidden-md&#8221;][vc_btn title=&#8221;TOUCHEZ POUR APPELER&#8221; style=&#8221;custom&#8221; custom_background=&#8221;#223f83&#8243; custom_text=&#8221;#ffffff&#8221; align=&#8221;center&#8221; i_icon_fontawesome=&#8221;fa fa-phone&#8221; button_block=&#8221;true&#8221; add_icon=&#8221;true&#8221; link=&#8221;url:tel%3A18662422411|||&#8221; css=&#8221;.vc_custom_1550113634327{margin-right: 25px !important;margin-left: 25px !important;}&#8221;][\/vc_column_inner][vc_column_inner width=&#8221;1\/2&#8243; offset=&#8221;vc_hidden-lg vc_hidden-md&#8221;][vc_btn title=&#8221;Demande en ligne&#8221; style=&#8221;custom&#8221; custom_background=&#8221;#cd001b&#8221; custom_text=&#8221;#ffffff&#8221; align=&#8221;center&#8221; i_icon_fontawesome=&#8221;fa fa-wpforms&#8221; button_block=&#8221;true&#8221; add_icon=&#8221;true&#8221; link=&#8221;url:%2Fdemande-en-ligne-pg-1%2F%3Flang%3Dfr|||&#8221; css=&#8221;.vc_custom_1550522928034{margin-right: 25px !important;margin-left: 25px !important;}&#8221;][\/vc_column_inner][\/vc_row_inner][\/vc_column][\/vc_row][\/vc_section][vc_row row_container=&#8221;true&#8221;][vc_column][vc_custom_heading text=&#8221;Formulaire d\u2019inscription \u2013 demande acheminee&#8221; font_container=&#8221;tag:h1|font_size:28px|text_align:left|line_height:36px&#8221; use_theme_fonts=&#8221;yes&#8221; custom_style=&#8221;letter-spacing: -0.075em;&#8221;][vc_column_text]Merci d\u2019avoir choisi le Centre [&hellip;]<\/p>\n","protected":false},"author":2,"featured_media":0,"parent":0,"menu_order":0,"comment_status":"closed","ping_status":"closed","template":"","meta":{"footnotes":""},"class_list":["post-16790","page","type-page","status-publish","hentry"],"yoast_head":"<!-- This site is optimized with the Yoast SEO plugin v27.4 - https:\/\/yoast.com\/product\/yoast-seo-wordpress\/ -->\n<title>Formulaire d&#039;inscription | Centre du pardon national<\/title>\n<meta name=\"robots\" content=\"noindex, follow, max-snippet:-1, max-image-preview:large, max-video-preview:-1\" \/>\n<meta property=\"og:locale\" content=\"en_US\" \/>\n<meta property=\"og:type\" content=\"article\" \/>\n<meta property=\"og:title\" content=\"Formulaire d&#039;inscription | Centre du pardon national\" \/>\n<meta property=\"og:description\" content=\"[vc_section][vc_row][vc_column][vc_row_inner][vc_column_inner width=&#8221;1\/2&#8243; offset=&#8221;vc_hidden-lg vc_hidden-md&#8221;][vc_btn title=&#8221;TOUCHEZ POUR APPELER&#8221; style=&#8221;custom&#8221; custom_background=&#8221;#223f83&#8243; custom_text=&#8221;#ffffff&#8221; align=&#8221;center&#8221; i_icon_fontawesome=&#8221;fa fa-phone&#8221; button_block=&#8221;true&#8221; add_icon=&#8221;true&#8221; link=&#8221;url:tel%3A18662422411|||&#8221; css=&#8221;.vc_custom_1550113634327{margin-right: 25px !important;margin-left: 25px !important;}&#8221;][\/vc_column_inner][vc_column_inner width=&#8221;1\/2&#8243; offset=&#8221;vc_hidden-lg vc_hidden-md&#8221;][vc_btn title=&#8221;Demande en ligne&#8221; style=&#8221;custom&#8221; custom_background=&#8221;#cd001b&#8221; custom_text=&#8221;#ffffff&#8221; align=&#8221;center&#8221; i_icon_fontawesome=&#8221;fa fa-wpforms&#8221; button_block=&#8221;true&#8221; add_icon=&#8221;true&#8221; link=&#8221;url:%2Fdemande-en-ligne-pg-1%2F%3Flang%3Dfr|||&#8221; css=&#8221;.vc_custom_1550522928034{margin-right: 25px !important;margin-left: 25px !important;}&#8221;][\/vc_column_inner][\/vc_row_inner][\/vc_column][\/vc_row][\/vc_section][vc_row row_container=&#8221;true&#8221;][vc_column][vc_custom_heading text=&#8221;Formulaire d\u2019inscription \u2013 demande acheminee&#8221; font_container=&#8221;tag:h1|font_size:28px|text_align:left|line_height:36px&#8221; use_theme_fonts=&#8221;yes&#8221; custom_style=&#8221;letter-spacing: -0.075em;&#8221;][vc_column_text]Merci d\u2019avoir choisi le Centre [&hellip;]\" \/>\n<meta property=\"og:url\" content=\"https:\/\/staging.nationalpardon.org\/?page_id=16790\" \/>\n<meta property=\"og:site_name\" content=\"staging.nationalpardon.org\" \/>\n<meta name=\"twitter:card\" content=\"summary_large_image\" \/>\n<meta name=\"twitter:label1\" content=\"Est. reading time\" \/>\n\t<meta name=\"twitter:data1\" content=\"2 minutes\" \/>\n<script type=\"application\/ld+json\" class=\"yoast-schema-graph\">{\"@context\":\"https:\\\/\\\/schema.org\",\"@graph\":[{\"@type\":\"WebPage\",\"@id\":\"https:\\\/\\\/staging.nationalpardon.org\\\/?page_id=16790\",\"url\":\"https:\\\/\\\/staging.nationalpardon.org\\\/?page_id=16790\",\"name\":\"Formulaire d'inscription | Centre du pardon national\",\"isPartOf\":{\"@id\":\"https:\\\/\\\/staging.nationalpardon.org\\\/#website\"},\"datePublished\":\"2019-02-10T17:43:23+00:00\",\"breadcrumb\":{\"@id\":\"https:\\\/\\\/staging.nationalpardon.org\\\/?page_id=16790#breadcrumb\"},\"inLanguage\":\"en-CA\",\"potentialAction\":[{\"@type\":\"ReadAction\",\"target\":[\"https:\\\/\\\/staging.nationalpardon.org\\\/?page_id=16790\"]}]},{\"@type\":\"BreadcrumbList\",\"@id\":\"https:\\\/\\\/staging.nationalpardon.org\\\/?page_id=16790#breadcrumb\",\"itemListElement\":[{\"@type\":\"ListItem\",\"position\":1,\"name\":\"Home\",\"item\":\"https:\\\/\\\/staging.nationalpardon.org\\\/\"},{\"@type\":\"ListItem\",\"position\":2,\"name\":\"formulaire d&#8217;inscription demande acheminee\"}]},{\"@type\":\"WebSite\",\"@id\":\"https:\\\/\\\/staging.nationalpardon.org\\\/#website\",\"url\":\"https:\\\/\\\/staging.nationalpardon.org\\\/\",\"name\":\"staging.nationalpardon.org\",\"description\":\"\",\"potentialAction\":[{\"@type\":\"SearchAction\",\"target\":{\"@type\":\"EntryPoint\",\"urlTemplate\":\"https:\\\/\\\/staging.nationalpardon.org\\\/?s={search_term_string}\"},\"query-input\":{\"@type\":\"PropertyValueSpecification\",\"valueRequired\":true,\"valueName\":\"search_term_string\"}}],\"inLanguage\":\"en-CA\"}]}<\/script>\n<!-- \/ Yoast SEO plugin. -->","yoast_head_json":{"title":"Formulaire d'inscription | Centre du pardon national","robots":{"index":"noindex","follow":"follow","max-snippet":"max-snippet:-1","max-image-preview":"max-image-preview:large","max-video-preview":"max-video-preview:-1"},"og_locale":"en_US","og_type":"article","og_title":"Formulaire d'inscription | Centre du pardon national","og_description":"[vc_section][vc_row][vc_column][vc_row_inner][vc_column_inner width=&#8221;1\/2&#8243; offset=&#8221;vc_hidden-lg vc_hidden-md&#8221;][vc_btn title=&#8221;TOUCHEZ POUR APPELER&#8221; style=&#8221;custom&#8221; custom_background=&#8221;#223f83&#8243; custom_text=&#8221;#ffffff&#8221; align=&#8221;center&#8221; i_icon_fontawesome=&#8221;fa fa-phone&#8221; button_block=&#8221;true&#8221; add_icon=&#8221;true&#8221; link=&#8221;url:tel%3A18662422411|||&#8221; css=&#8221;.vc_custom_1550113634327{margin-right: 25px !important;margin-left: 25px !important;}&#8221;][\/vc_column_inner][vc_column_inner width=&#8221;1\/2&#8243; offset=&#8221;vc_hidden-lg vc_hidden-md&#8221;][vc_btn title=&#8221;Demande en ligne&#8221; style=&#8221;custom&#8221; custom_background=&#8221;#cd001b&#8221; custom_text=&#8221;#ffffff&#8221; align=&#8221;center&#8221; i_icon_fontawesome=&#8221;fa fa-wpforms&#8221; button_block=&#8221;true&#8221; add_icon=&#8221;true&#8221; link=&#8221;url:%2Fdemande-en-ligne-pg-1%2F%3Flang%3Dfr|||&#8221; css=&#8221;.vc_custom_1550522928034{margin-right: 25px !important;margin-left: 25px !important;}&#8221;][\/vc_column_inner][\/vc_row_inner][\/vc_column][\/vc_row][\/vc_section][vc_row row_container=&#8221;true&#8221;][vc_column][vc_custom_heading text=&#8221;Formulaire d\u2019inscription \u2013 demande acheminee&#8221; font_container=&#8221;tag:h1|font_size:28px|text_align:left|line_height:36px&#8221; use_theme_fonts=&#8221;yes&#8221; custom_style=&#8221;letter-spacing: -0.075em;&#8221;][vc_column_text]Merci d\u2019avoir choisi le Centre [&hellip;]","og_url":"https:\/\/staging.nationalpardon.org\/?page_id=16790","og_site_name":"staging.nationalpardon.org","twitter_card":"summary_large_image","twitter_misc":{"Est. reading time":"2 minutes"},"schema":{"@context":"https:\/\/schema.org","@graph":[{"@type":"WebPage","@id":"https:\/\/staging.nationalpardon.org\/?page_id=16790","url":"https:\/\/staging.nationalpardon.org\/?page_id=16790","name":"Formulaire d'inscription | Centre du pardon national","isPartOf":{"@id":"https:\/\/staging.nationalpardon.org\/#website"},"datePublished":"2019-02-10T17:43:23+00:00","breadcrumb":{"@id":"https:\/\/staging.nationalpardon.org\/?page_id=16790#breadcrumb"},"inLanguage":"en-CA","potentialAction":[{"@type":"ReadAction","target":["https:\/\/staging.nationalpardon.org\/?page_id=16790"]}]},{"@type":"BreadcrumbList","@id":"https:\/\/staging.nationalpardon.org\/?page_id=16790#breadcrumb","itemListElement":[{"@type":"ListItem","position":1,"name":"Home","item":"https:\/\/staging.nationalpardon.org\/"},{"@type":"ListItem","position":2,"name":"formulaire d&#8217;inscription demande acheminee"}]},{"@type":"WebSite","@id":"https:\/\/staging.nationalpardon.org\/#website","url":"https:\/\/staging.nationalpardon.org\/","name":"staging.nationalpardon.org","description":"","potentialAction":[{"@type":"SearchAction","target":{"@type":"EntryPoint","urlTemplate":"https:\/\/staging.nationalpardon.org\/?s={search_term_string}"},"query-input":{"@type":"PropertyValueSpecification","valueRequired":true,"valueName":"search_term_string"}}],"inLanguage":"en-CA"}]}},"_links":{"self":[{"href":"https:\/\/staging.nationalpardon.org\/index.php?rest_route=\/wp\/v2\/pages\/16790","targetHints":{"allow":["GET"]}}],"collection":[{"href":"https:\/\/staging.nationalpardon.org\/index.php?rest_route=\/wp\/v2\/pages"}],"about":[{"href":"https:\/\/staging.nationalpardon.org\/index.php?rest_route=\/wp\/v2\/types\/page"}],"author":[{"embeddable":true,"href":"https:\/\/staging.nationalpardon.org\/index.php?rest_route=\/wp\/v2\/users\/2"}],"replies":[{"embeddable":true,"href":"https:\/\/staging.nationalpardon.org\/index.php?rest_route=%2Fwp%2Fv2%2Fcomments&post=16790"}],"version-history":[{"count":0,"href":"https:\/\/staging.nationalpardon.org\/index.php?rest_route=\/wp\/v2\/pages\/16790\/revisions"}],"wp:attachment":[{"href":"https:\/\/staging.nationalpardon.org\/index.php?rest_route=%2Fwp%2Fv2%2Fmedia&parent=16790"}],"curies":[{"name":"wp","href":"https:\/\/api.w.org\/{rel}","templated":true}]}}