{"id":16813,"date":"2019-02-10T18:09:14","date_gmt":"2019-02-10T18:09:14","guid":{"rendered":"https:\/\/nationalpardon.org\/?page_id=16813"},"modified":"2019-02-10T18:09:14","modified_gmt":"2019-02-10T18:09:14","slug":"pourquoi-choisir-le-cpn","status":"publish","type":"page","link":"https:\/\/staging.nationalpardon.org\/?page_id=16813","title":{"rendered":"Pourquoi choisir le CPN"},"content":{"rendered":"<p>[vc_section][vc_row][vc_column][vc_row_inner][vc_column_inner width=&#8221;1\/2&#8243; offset=&#8221;vc_hidden-lg vc_hidden-md&#8221;][vc_btn title=&#8221;TOUCHEZ POUR APPELER&#8221; style=&#8221;custom&#8221; custom_background=&#8221;#223f83&#8243; custom_text=&#8221;#ffffff&#8221; align=&#8221;center&#8221; i_icon_fontawesome=&#8221;fa fa-phone&#8221; button_block=&#8221;true&#8221; add_icon=&#8221;true&#8221; link=&#8221;url:tel%3A18662422411|||&#8221; css=&#8221;.vc_custom_1550113634327{margin-right: 25px !important;margin-left: 25px !important;}&#8221;][\/vc_column_inner][vc_column_inner width=&#8221;1\/2&#8243; offset=&#8221;vc_hidden-lg vc_hidden-md&#8221;][vc_btn title=&#8221;Demande en ligne&#8221; style=&#8221;custom&#8221; custom_background=&#8221;#cd001b&#8221; custom_text=&#8221;#ffffff&#8221; align=&#8221;center&#8221; i_icon_fontawesome=&#8221;fa fa-wpforms&#8221; button_block=&#8221;true&#8221; add_icon=&#8221;true&#8221; link=&#8221;url:%2Fdemande-en-ligne-pg-1%2F%3Flang%3Dfr|||&#8221; css=&#8221;.vc_custom_1550522928034{margin-right: 25px !important;margin-left: 25px !important;}&#8221;][\/vc_column_inner][\/vc_row_inner][\/vc_column][\/vc_row][\/vc_section][vc_row row_container=&#8221;true&#8221;][vc_column][vc_custom_heading text=&#8221;Pourquoi choisir le CPN&#8221; font_container=&#8221;tag:h1|font_size:28px|text_align:left|line_height:36px&#8221; use_theme_fonts=&#8221;yes&#8221; custom_style=&#8221;letter-spacing: -0.075em;&#8221;][vc_column_text]Vous voulez votre pardon? Vous voulez votre waiver? Vous ne voulez pas des r\u00e9ponses \u00e9vasives? Le Centre du Pardon National est l\u00e0 pour vous aider!<\/p>\n<p>Une entreprise de confiance, le CPN est chef de file au Canada en mati\u00e8re de pardon et waiver, et saura mener \u00e0 bien votre demande.[\/vc_column_text][\/vc_column][\/vc_row][vc_row row_container=&#8221;true&#8221;][vc_column][vc_column_text]<\/p>\n<h2>Notre engagement<\/h2>\n<p>Nous traitons nos clients comme des amis. Nous vous tenons au courant de l\u2019\u00e9volution de votre dossier et nous faisons tout notre possible pour r\u00e9duire les d\u00e9lais de traitement.<\/p>\n<ul class=\"why-us-icons\">\n<li class=\"communicate\"><strong>Nous communiquons:<\/strong>\u00a0Nous communiquons avec le gouvernement pour que vous n\u2019ayez pas \u00e0 le faire. Et nous communiquons avec vous pour vous tenir au courant de l\u2019\u00e9volution de votre demande.<\/li>\n<li class=\"prepare\"><strong>Nous pr\u00e9parons:<\/strong>\u00a0Nous pr\u00e9parons votre demande pour vous. Bien s\u00fbr que nous avons besoin de votre aide de temps \u00e0 autre, mais notre engagement est de r\u00e9duire au minimum votre participation au traitement de la demande.<\/li>\n<li class=\"monitor\"><strong>Nous surveillons:<\/strong>\u00a0Nous surveillons de pr\u00e8s l\u2019\u00e9volution de votre dossier afin d\u2019assurer que les agences gouvernementales impliqu\u00e9es dans le processus respenctent les d\u00e9lais de traitement.<\/li>\n<li class=\"complete\"><strong>Nous ex\u00e9cutons:<\/strong>\u00a0Notre devoir est de mener \u00e0 bien votre demande, que ce soit une demande de pardon, de waiver ou m\u00eame une simple v\u00e9rification d\u2019ant\u00e9c\u00e9dents.<\/li>\n<\/ul>\n<h2>Ce que nous ne faisons pas<\/h2>\n<p>Nous ne faisons pas de fausses promesses. Nous savons que de telles proc\u00e9dures ne sont souvent pas simples, faciles ou rapides (les demandes aupr\u00e8s du gouvernement le sont tr\u00e8s rarement), mais nous tenons \u00e0 toujours donner l\u2019heure juste \u00e0 nos clients.<\/p>\n<p>C\u2019est ce que nous appelons la diff\u00e9rence CPN. Notre engagement est de faire tout notre possible pour r\u00e9duire les d\u00e9lais de traitement et vous tenir au courant de l\u2019\u00e9volution de votre dossier.<\/p>\n<p>Nous vous invitons \u00e0 nous contacter par t\u00e9l\u00e9phone ou \u00e0 faire une demande en ligne. Nous sommes l\u00e0 pour vous aider.[\/vc_column_text][\/vc_column][\/vc_row][vc_section full_width=&#8221;stretch_row&#8221; css=&#8221;.vc_custom_1549811124367{background-color: #cd001b !important;}&#8221;][vc_row row_container=&#8221;true&#8221; css=&#8221;.vc_custom_1549811173201{padding-bottom: 30px !important;background-color: #cd001b !important;}&#8221;][vc_column width=&#8221;2\/3&#8243;][vc_column_text]<\/p>\n<p style=\"font-size: x-large; text-align: left;\"><span style=\"color: #ffffff;\"><strong>Veuillez nous contacter : <\/strong><span style=\"text-decoration: underline;\"><strong><a style=\"color: #ffffff; text-decoration: underline;\" href=\"tel:18662422411\">1-866-242-2411<\/a><\/strong><\/span><strong> de 8h30 \u00e0 17hres, du lundi au vendredi.<\/strong><\/span><\/p>\n<p>[\/vc_column_text][\/vc_column][vc_column width=&#8221;1\/3&#8243;][vc_btn title=&#8221;CONSULTATION&#8221; style=&#8221;custom&#8221; custom_background=&#8221;#1e3c82&#8243; custom_text=&#8221;#ffffff&#8221; shape=&#8221;round&#8221; css=&#8221;.vc_custom_1549812665353{padding-right: 25px !important;padding-left: 25px !important;}&#8221; link=&#8221;url:%2Fconsultations-sans-frais-2%2F%3Flang%3Dfr|||&#8221;][\/vc_column][\/vc_row][\/vc_section]<\/p>\n","protected":false},"excerpt":{"rendered":"<p>[vc_section][vc_row][vc_column][vc_row_inner][vc_column_inner width=&#8221;1\/2&#8243; offset=&#8221;vc_hidden-lg vc_hidden-md&#8221;][vc_btn title=&#8221;TOUCHEZ POUR APPELER&#8221; style=&#8221;custom&#8221; custom_background=&#8221;#223f83&#8243; custom_text=&#8221;#ffffff&#8221; align=&#8221;center&#8221; i_icon_fontawesome=&#8221;fa fa-phone&#8221; button_block=&#8221;true&#8221; add_icon=&#8221;true&#8221; link=&#8221;url:tel%3A18662422411|||&#8221; css=&#8221;.vc_custom_1550113634327{margin-right: 25px !important;margin-left: 25px !important;}&#8221;][\/vc_column_inner][vc_column_inner width=&#8221;1\/2&#8243; offset=&#8221;vc_hidden-lg vc_hidden-md&#8221;][vc_btn title=&#8221;Demande en ligne&#8221; style=&#8221;custom&#8221; custom_background=&#8221;#cd001b&#8221; custom_text=&#8221;#ffffff&#8221; align=&#8221;center&#8221; i_icon_fontawesome=&#8221;fa fa-wpforms&#8221; button_block=&#8221;true&#8221; add_icon=&#8221;true&#8221; link=&#8221;url:%2Fdemande-en-ligne-pg-1%2F%3Flang%3Dfr|||&#8221; css=&#8221;.vc_custom_1550522928034{margin-right: 25px !important;margin-left: 25px !important;}&#8221;][\/vc_column_inner][\/vc_row_inner][\/vc_column][\/vc_row][\/vc_section][vc_row row_container=&#8221;true&#8221;][vc_column][vc_custom_heading text=&#8221;Pourquoi choisir le CPN&#8221; font_container=&#8221;tag:h1|font_size:28px|text_align:left|line_height:36px&#8221; use_theme_fonts=&#8221;yes&#8221; custom_style=&#8221;letter-spacing: -0.075em;&#8221;][vc_column_text]Vous voulez votre pardon? Vous voulez [&hellip;]<\/p>\n","protected":false},"author":2,"featured_media":0,"parent":0,"menu_order":0,"comment_status":"closed","ping_status":"closed","template":"","meta":{"footnotes":""},"class_list":["post-16813","page","type-page","status-publish","hentry"],"yoast_head":"<!-- This site is optimized with the Yoast SEO plugin v27.4 - https:\/\/yoast.com\/product\/yoast-seo-wordpress\/ -->\n<title>Le service de pardon du Canada fiable | Centre du Pardon National<\/title>\n<meta name=\"description\" content=\"Centre du Pardon National | Nous nous engageons \u00e0 vous fournir les meilleurs services de pardons canadiens personnalis\u00e9s. Nous vous traitons avec respect.\" \/>\n<meta name=\"robots\" content=\"noindex, follow, max-snippet:-1, max-image-preview:large, max-video-preview:-1\" \/>\n<meta property=\"og:locale\" content=\"en_US\" \/>\n<meta property=\"og:type\" content=\"article\" \/>\n<meta property=\"og:title\" content=\"Le service de pardon du Canada fiable | Centre du Pardon National\" \/>\n<meta property=\"og:description\" content=\"Centre du Pardon National | Nous nous engageons \u00e0 vous fournir les meilleurs services de pardons canadiens personnalis\u00e9s. Nous vous traitons avec respect.\" \/>\n<meta property=\"og:url\" content=\"https:\/\/staging.nationalpardon.org\/?page_id=16813\" \/>\n<meta property=\"og:site_name\" content=\"staging.nationalpardon.org\" \/>\n<meta name=\"twitter:card\" content=\"summary_large_image\" \/>\n<meta name=\"twitter:label1\" content=\"Est. reading time\" \/>\n\t<meta name=\"twitter:data1\" content=\"3 minutes\" \/>\n<script type=\"application\/ld+json\" class=\"yoast-schema-graph\">{\"@context\":\"https:\\\/\\\/schema.org\",\"@graph\":[{\"@type\":\"WebPage\",\"@id\":\"https:\\\/\\\/staging.nationalpardon.org\\\/?page_id=16813\",\"url\":\"https:\\\/\\\/staging.nationalpardon.org\\\/?page_id=16813\",\"name\":\"Le service de pardon du Canada fiable | Centre du Pardon National\",\"isPartOf\":{\"@id\":\"https:\\\/\\\/staging.nationalpardon.org\\\/#website\"},\"datePublished\":\"2019-02-10T18:09:14+00:00\",\"description\":\"Centre du Pardon National | Nous nous engageons \u00e0 vous fournir les meilleurs services de pardons canadiens personnalis\u00e9s. Nous vous traitons avec respect.\",\"breadcrumb\":{\"@id\":\"https:\\\/\\\/staging.nationalpardon.org\\\/?page_id=16813#breadcrumb\"},\"inLanguage\":\"en-CA\",\"potentialAction\":[{\"@type\":\"ReadAction\",\"target\":[\"https:\\\/\\\/staging.nationalpardon.org\\\/?page_id=16813\"]}]},{\"@type\":\"BreadcrumbList\",\"@id\":\"https:\\\/\\\/staging.nationalpardon.org\\\/?page_id=16813#breadcrumb\",\"itemListElement\":[{\"@type\":\"ListItem\",\"position\":1,\"name\":\"Home\",\"item\":\"https:\\\/\\\/staging.nationalpardon.org\\\/\"},{\"@type\":\"ListItem\",\"position\":2,\"name\":\"Pourquoi choisir le CPN\"}]},{\"@type\":\"WebSite\",\"@id\":\"https:\\\/\\\/staging.nationalpardon.org\\\/#website\",\"url\":\"https:\\\/\\\/staging.nationalpardon.org\\\/\",\"name\":\"staging.nationalpardon.org\",\"description\":\"\",\"potentialAction\":[{\"@type\":\"SearchAction\",\"target\":{\"@type\":\"EntryPoint\",\"urlTemplate\":\"https:\\\/\\\/staging.nationalpardon.org\\\/?s={search_term_string}\"},\"query-input\":{\"@type\":\"PropertyValueSpecification\",\"valueRequired\":true,\"valueName\":\"search_term_string\"}}],\"inLanguage\":\"en-CA\"}]}<\/script>\n<!-- \/ Yoast SEO plugin. -->","yoast_head_json":{"title":"Le service de pardon du Canada fiable | Centre du Pardon National","description":"Centre du Pardon National | Nous nous engageons \u00e0 vous fournir les meilleurs services de pardons canadiens personnalis\u00e9s. Nous vous traitons avec respect.","robots":{"index":"noindex","follow":"follow","max-snippet":"max-snippet:-1","max-image-preview":"max-image-preview:large","max-video-preview":"max-video-preview:-1"},"og_locale":"en_US","og_type":"article","og_title":"Le service de pardon du Canada fiable | Centre du Pardon National","og_description":"Centre du Pardon National | Nous nous engageons \u00e0 vous fournir les meilleurs services de pardons canadiens personnalis\u00e9s. Nous vous traitons avec respect.","og_url":"https:\/\/staging.nationalpardon.org\/?page_id=16813","og_site_name":"staging.nationalpardon.org","twitter_card":"summary_large_image","twitter_misc":{"Est. reading time":"3 minutes"},"schema":{"@context":"https:\/\/schema.org","@graph":[{"@type":"WebPage","@id":"https:\/\/staging.nationalpardon.org\/?page_id=16813","url":"https:\/\/staging.nationalpardon.org\/?page_id=16813","name":"Le service de pardon du Canada fiable | Centre du Pardon National","isPartOf":{"@id":"https:\/\/staging.nationalpardon.org\/#website"},"datePublished":"2019-02-10T18:09:14+00:00","description":"Centre du Pardon National | Nous nous engageons \u00e0 vous fournir les meilleurs services de pardons canadiens personnalis\u00e9s. Nous vous traitons avec respect.","breadcrumb":{"@id":"https:\/\/staging.nationalpardon.org\/?page_id=16813#breadcrumb"},"inLanguage":"en-CA","potentialAction":[{"@type":"ReadAction","target":["https:\/\/staging.nationalpardon.org\/?page_id=16813"]}]},{"@type":"BreadcrumbList","@id":"https:\/\/staging.nationalpardon.org\/?page_id=16813#breadcrumb","itemListElement":[{"@type":"ListItem","position":1,"name":"Home","item":"https:\/\/staging.nationalpardon.org\/"},{"@type":"ListItem","position":2,"name":"Pourquoi choisir le CPN"}]},{"@type":"WebSite","@id":"https:\/\/staging.nationalpardon.org\/#website","url":"https:\/\/staging.nationalpardon.org\/","name":"staging.nationalpardon.org","description":"","potentialAction":[{"@type":"SearchAction","target":{"@type":"EntryPoint","urlTemplate":"https:\/\/staging.nationalpardon.org\/?s={search_term_string}"},"query-input":{"@type":"PropertyValueSpecification","valueRequired":true,"valueName":"search_term_string"}}],"inLanguage":"en-CA"}]}},"_links":{"self":[{"href":"https:\/\/staging.nationalpardon.org\/index.php?rest_route=\/wp\/v2\/pages\/16813","targetHints":{"allow":["GET"]}}],"collection":[{"href":"https:\/\/staging.nationalpardon.org\/index.php?rest_route=\/wp\/v2\/pages"}],"about":[{"href":"https:\/\/staging.nationalpardon.org\/index.php?rest_route=\/wp\/v2\/types\/page"}],"author":[{"embeddable":true,"href":"https:\/\/staging.nationalpardon.org\/index.php?rest_route=\/wp\/v2\/users\/2"}],"replies":[{"embeddable":true,"href":"https:\/\/staging.nationalpardon.org\/index.php?rest_route=%2Fwp%2Fv2%2Fcomments&post=16813"}],"version-history":[{"count":0,"href":"https:\/\/staging.nationalpardon.org\/index.php?rest_route=\/wp\/v2\/pages\/16813\/revisions"}],"wp:attachment":[{"href":"https:\/\/staging.nationalpardon.org\/index.php?rest_route=%2Fwp%2Fv2%2Fmedia&parent=16813"}],"curies":[{"name":"wp","href":"https:\/\/api.w.org\/{rel}","templated":true}]}}