{"id":19561,"date":"2023-04-14T13:55:12","date_gmt":"2023-04-14T13:55:12","guid":{"rendered":"https:\/\/nationalpardon.org\/?page_id=19561"},"modified":"2023-04-14T13:55:12","modified_gmt":"2023-04-14T13:55:12","slug":"obtenir-un-pardon-au-quebec-2","status":"publish","type":"page","link":"https:\/\/staging.nationalpardon.org\/?page_id=19561","title":{"rendered":"Get a pardon in Quebec FR"},"content":{"rendered":"<p>[vc_section][vc_row][vc_column][vc_row_inner][vc_column_inner width=&#8221;1\/2&#8243; offset=&#8221;vc_hidden-lg vc_hidden-md&#8221;][vc_btn title=&#8221;TAP TO CALL NOW&#8221; style=&#8221;custom&#8221; custom_background=&#8221;#223f83&#8243; custom_text=&#8221;#ffffff&#8221; align=&#8221;center&#8221; i_icon_fontawesome=&#8221;fa fa-phone&#8221; button_block=&#8221;true&#8221; add_icon=&#8221;true&#8221; link=&#8221;url:tel%3A18662422411|||&#8221; css=&#8221;.vc_custom_1550113634327{margin-right: 25px !important;margin-left: 25px !important;}&#8221;][\/vc_column_inner][vc_column_inner width=&#8221;1\/2&#8243; offset=&#8221;vc_hidden-lg vc_hidden-md&#8221;][vc_btn title=&#8221;APPLY ONLINE&#8221; style=&#8221;custom&#8221; custom_background=&#8221;#cd001b&#8221; custom_text=&#8221;#ffffff&#8221; align=&#8221;center&#8221; i_icon_fontawesome=&#8221;fa fa-wpforms&#8221; button_block=&#8221;true&#8221; add_icon=&#8221;true&#8221; link=&#8221;url:%2Fapply-online-pardon-canada%2F|||&#8221; css=&#8221;.vc_custom_1550113642891{margin-right: 25px !important;margin-left: 25px !important;}&#8221;][\/vc_column_inner][\/vc_row_inner][\/vc_column][\/vc_row][\/vc_section][vc_row][vc_column width=&#8221;2\/3&#8243;][vc_column_text]<\/p>\n<h1>Obtenir un pardon au Qu\u00e9bec<\/h1>\n<p>Si vous vivez au Qu\u00e9bec et avez besoin d&#8217;un pardon canadien, \u00e9galement connu sous le nom de suspension du casier, ne cherchez pas plus loin. Le Centre du Pardon National est id\u00e9alement situ\u00e9 au centre-ville de Montr\u00e9al. Vous pouvez venir nous rendre visite de 8h30 \u00e0 17h00 du lundi au vendredi. Si vous ne pouvez pas visiter ce n&#8217;est pas un probl\u00e8me. Remplissez simplement le formulaire, postulez en ligne ou appelez-nous. Nous aidons les gens partout au Canada et \u00e0 l&#8217;\u00e9tranger.<\/p>\n<p>Obtenir une r\u00e9habilitation du Canada est une \u00e9tape importante, alors assurez-vous de faire les bons choix. Avec le Centre du Pardon National, vous obtenez:<\/p>\n<ul>\n<li><span style=\"color: #000000;\">Le service principal de pardon et waiver au Canada<\/span><\/li>\n<li><span style=\"color: #000000;\">Fournisseur de services d&#8217;empreintes digitales accr\u00e9dit\u00e9 par la GRC<\/span><\/li>\n<li><span style=\"color: #000000;\">Membre accr\u00e9dit\u00e9 A+ du <strong><em>Better Business Bureau<\/em><\/strong><\/span><\/li>\n<li><span style=\"color: #000000;\">Une excellente entreprise qui aide les Canadiens depuis 2002<\/span><\/li>\n<\/ul>\n<p>Un casier judiciaire peut avoir une incidence n\u00e9gative sur les possibilit\u00e9s d&#8217;emploi, les voyages, le b\u00e9n\u00e9volat, la tranquillit\u00e9 d&#8217;esprit et plus encore. Au National Pardon Center, nous travaillons plus fort pour reprendre votre vie en mains.<\/p>\n<p>Si vous avez \u00e9galement besoin d&#8217;un waiver pour l\u2019entr\u00e9e aux \u00c9tats-Unis, ne vous inqui\u00e9tez pas. Nous avons beaucoup d&#8217;exp\u00e9rience pour aider les Canadiens \u00e0 traverser la fronti\u00e8re am\u00e9ricaine. Contactez-nous aujourd&#8217;hui pour en savoir plus.[\/vc_column_text][vc_column_text]<\/p>\n<h2 style=\"text-align: center;\">Pr\u00eat maintenant?<\/h2>\n<p style=\"text-align: center;\">Appelez-nous si vous \u00eates pr\u00eat \u00e0 discuter. Nous sommes ouverts de 8h30 \u00e0 17h00 du Lundi au Vendredi<\/p>\n<h4 style=\"text-align: center;\"><a href=\"http:\/\/&lt;a href=\u201dtel:1111234567\u2033&gt;1-866-242-2411&lt;\/a&gt;\">1-866-242-2411<\/a><\/h4>\n<p>[\/vc_column_text][\/vc_column][vc_column width=&#8221;1\/3&#8243;][vc_column_text]<\/p>\n<h2><strong>Demande de rappel<\/strong><\/h2>\n<p>Remplissez ce formulaire pour recevoir une consultation GRATUITE du Centre du Pardon National. Nous promettons une consultation honn\u00eate, pr\u00e9cise et dans votre meilleur int\u00e9r\u00eat.[\/vc_column_text][ult_content_box bg_color=&#8221;#223f83&#8243; box_shadow=&#8221;horizontal:px|vertical:px|blur:px|spread:px|style:none|&#8221; padding=&#8221;padding:50px;&#8221; el_class=&#8221;bt-appointment-from-box&#8221; hover_box_shadow=&#8221;horizontal:px|vertical:px|blur:px|spread:px|style:none|&#8221;][gravityform id=&#8221;39&#8243; title=&#8221;false&#8221; description=&#8221;false&#8221; ajax=&#8221;false&#8221;][\/ult_content_box][\/vc_column][\/vc_row][vc_row css=&#8221;.vc_custom_1549938697369{margin-top: 32px !important;}&#8221;][vc_column width=&#8221;2\/3&#8243;][vc_column_text]<\/p>\n<h2><strong>Commencer<\/strong><\/h2>\n<p>Si vous \u00eates pr\u00eat \u00e0 faire avancer les choses, vous avez les trois options suivantes :[\/vc_column_text][vc_column_text]<\/p>\n<ol>\n<li>\n<h3><strong> Visitez notre centre sans-rendez-vous<\/strong><\/h3>\n<\/li>\n<\/ol>\n<p>C&#8217;est agr\u00e9able de rencontrer les personnes qui vous aideront dans cette \u00e9tape importante. Donc, si cela vous convient, venez nous rendre visite entre 8h30 et 17h00 du lundi au vendredi. Pour plus d&#8217;informations sur notre centre sans-rendez-vous, cliquez ici.<\/p>\n<h1 class=\"title\" style=\"text-align: center;\"><iframe loading=\"lazy\" style=\"border: 0;\" src=\"https:\/\/www.google.com\/maps\/embed?pb=!1m18!1m12!1m3!1d2796.4509556482767!2d-73.575147!3d45.501000000000005!2m3!1f0!2f0!3f0!3m2!1i1024!2i768!4f13.1!3m3!1m2!1s0x4cc91a413f9b1a0f%3A0x7dd0e39644aa5370!2sNational+Pardon+Centre!5e0!3m2!1sen!2sca!4v1433772799011\" width=\"800\" height=\"250\" frameborder=\"0\" data-mce-fragment=\"1\"><\/iframe><\/h1>\n<p>[\/vc_column_text][\/vc_column][vc_column width=&#8221;1\/3&#8243;][\/vc_column][\/vc_row][vc_row][vc_column width=&#8221;2\/3&#8243;][vc_column_text]<\/p>\n<ol start=\"2\">\n<li>\n<h2><strong> Postulez en ligne en toute s\u00e9curit\u00e9<\/strong><\/h2>\n<\/li>\n<\/ol>\n<p>Si vous ne pouvez pas venir nous rendre visite en personne, ne vous inqui\u00e9tez pas. Nous avons aid\u00e9 des milliers de personnes \u00e0 travers le Canada et \u00e0 l&#8217;\u00e9tranger. Postulez simplement en ligne et nous d\u00e9buterons les choses.[\/vc_column_text][\/vc_column][vc_column width=&#8221;1\/3&#8243;][vc_btn title=&#8221;Demande en ligne&#8221; style=&#8221;custom&#8221; custom_background=&#8221;#cd001b&#8221; custom_text=&#8221;#ffffff&#8221; align=&#8221;center&#8221; link=&#8221;url:https%3A%2F%2Fnationalpardon.org%2Fdemande-en-ligne-pg-1%2F%3Flang%3Dfr|||&#8221;][\/vc_column][\/vc_row][vc_row][vc_column width=&#8221;2\/3&#8243;][vc_column_text]<\/p>\n<ol start=\"3\">\n<li>\n<h2><strong> Postulez via Poste-Canada<\/strong><\/h2>\n<\/li>\n<\/ol>\n<p>Vous pouvez facilement t\u00e9l\u00e9charger nos formulaires de demande et activer votre dossier via Postes Canada. Retournez simplement les formulaires avec votre paiement et nous mettrons les choses en marche d\u00e8s qu&#8217;il arrivera.[\/vc_column_text][\/vc_column][vc_column width=&#8221;1\/3&#8243;][vc_btn title=&#8221;Demande par poste&#8221; style=&#8221;custom&#8221; custom_background=&#8221;#cd001b&#8221; custom_text=&#8221;#ffffff&#8221; align=&#8221;center&#8221; link=&#8221;url:%2Fapplication-starter-pdf-download%2F|||&#8221;][\/vc_column][\/vc_row]<\/p>\n","protected":false},"excerpt":{"rendered":"<p>[vc_section][vc_row][vc_column][vc_row_inner][vc_column_inner width=&#8221;1\/2&#8243; offset=&#8221;vc_hidden-lg vc_hidden-md&#8221;][vc_btn title=&#8221;TAP TO CALL NOW&#8221; style=&#8221;custom&#8221; custom_background=&#8221;#223f83&#8243; custom_text=&#8221;#ffffff&#8221; align=&#8221;center&#8221; i_icon_fontawesome=&#8221;fa fa-phone&#8221; button_block=&#8221;true&#8221; add_icon=&#8221;true&#8221; link=&#8221;url:tel%3A18662422411|||&#8221; css=&#8221;.vc_custom_1550113634327{margin-right: 25px !important;margin-left: 25px !important;}&#8221;][\/vc_column_inner][vc_column_inner width=&#8221;1\/2&#8243; offset=&#8221;vc_hidden-lg vc_hidden-md&#8221;][vc_btn title=&#8221;APPLY ONLINE&#8221; style=&#8221;custom&#8221; custom_background=&#8221;#cd001b&#8221; custom_text=&#8221;#ffffff&#8221; align=&#8221;center&#8221; i_icon_fontawesome=&#8221;fa fa-wpforms&#8221; button_block=&#8221;true&#8221; add_icon=&#8221;true&#8221; link=&#8221;url:%2Fapply-online-pardon-canada%2F|||&#8221; css=&#8221;.vc_custom_1550113642891{margin-right: 25px !important;margin-left: 25px !important;}&#8221;][\/vc_column_inner][\/vc_row_inner][\/vc_column][\/vc_row][\/vc_section][vc_row][vc_column width=&#8221;2\/3&#8243;][vc_column_text] Obtenir un pardon au Qu\u00e9bec Si vous vivez au Qu\u00e9bec et avez besoin [&hellip;]<\/p>\n","protected":false},"author":3,"featured_media":0,"parent":0,"menu_order":0,"comment_status":"closed","ping_status":"closed","template":"","meta":{"footnotes":""},"class_list":["post-19561","page","type-page","status-publish","hentry"],"yoast_head":"<!-- This site is optimized with the Yoast SEO plugin v27.4 - https:\/\/yoast.com\/product\/yoast-seo-wordpress\/ -->\n<title>Get a pardon in Quebec Canada - National Pardon Centre<\/title>\n<meta name=\"description\" content=\"Get a pardon in Quebec with the National Pardon Centre. We are located in Montreal Quebec and provide pardon, waiver and fingerprinting services in Canada.\" \/>\n<meta name=\"robots\" content=\"noindex, follow, max-snippet:-1, max-image-preview:large, max-video-preview:-1\" \/>\n<meta property=\"og:locale\" content=\"en_US\" \/>\n<meta property=\"og:type\" content=\"article\" \/>\n<meta property=\"og:title\" content=\"Get a pardon in Quebec Canada - National Pardon Centre\" \/>\n<meta property=\"og:description\" content=\"Get a pardon in Quebec with the National Pardon Centre. We are located in Montreal Quebec and provide pardon, waiver and fingerprinting services in Canada.\" \/>\n<meta property=\"og:url\" content=\"https:\/\/staging.nationalpardon.org\/?page_id=19561\" \/>\n<meta property=\"og:site_name\" content=\"staging.nationalpardon.org\" \/>\n<meta name=\"twitter:card\" content=\"summary_large_image\" \/>\n<meta name=\"twitter:label1\" content=\"Est. reading time\" \/>\n\t<meta name=\"twitter:data1\" content=\"3 minutes\" \/>\n<script type=\"application\/ld+json\" class=\"yoast-schema-graph\">{\"@context\":\"https:\\\/\\\/schema.org\",\"@graph\":[{\"@type\":\"WebPage\",\"@id\":\"https:\\\/\\\/staging.nationalpardon.org\\\/?page_id=19561\",\"url\":\"https:\\\/\\\/staging.nationalpardon.org\\\/?page_id=19561\",\"name\":\"Get a pardon in Quebec Canada - National Pardon Centre\",\"isPartOf\":{\"@id\":\"https:\\\/\\\/staging.nationalpardon.org\\\/#website\"},\"datePublished\":\"2023-04-14T13:55:12+00:00\",\"description\":\"Get a pardon in Quebec with the National Pardon Centre. We are located in Montreal Quebec and provide pardon, waiver and fingerprinting services in Canada.\",\"breadcrumb\":{\"@id\":\"https:\\\/\\\/staging.nationalpardon.org\\\/?page_id=19561#breadcrumb\"},\"inLanguage\":\"en-CA\",\"potentialAction\":[{\"@type\":\"ReadAction\",\"target\":[\"https:\\\/\\\/staging.nationalpardon.org\\\/?page_id=19561\"]}]},{\"@type\":\"BreadcrumbList\",\"@id\":\"https:\\\/\\\/staging.nationalpardon.org\\\/?page_id=19561#breadcrumb\",\"itemListElement\":[{\"@type\":\"ListItem\",\"position\":1,\"name\":\"Home\",\"item\":\"https:\\\/\\\/staging.nationalpardon.org\\\/\"},{\"@type\":\"ListItem\",\"position\":2,\"name\":\"Get a pardon in Quebec FR\"}]},{\"@type\":\"WebSite\",\"@id\":\"https:\\\/\\\/staging.nationalpardon.org\\\/#website\",\"url\":\"https:\\\/\\\/staging.nationalpardon.org\\\/\",\"name\":\"staging.nationalpardon.org\",\"description\":\"\",\"potentialAction\":[{\"@type\":\"SearchAction\",\"target\":{\"@type\":\"EntryPoint\",\"urlTemplate\":\"https:\\\/\\\/staging.nationalpardon.org\\\/?s={search_term_string}\"},\"query-input\":{\"@type\":\"PropertyValueSpecification\",\"valueRequired\":true,\"valueName\":\"search_term_string\"}}],\"inLanguage\":\"en-CA\"}]}<\/script>\n<!-- \/ Yoast SEO plugin. -->","yoast_head_json":{"title":"Get a pardon in Quebec Canada - National Pardon Centre","description":"Get a pardon in Quebec with the National Pardon Centre. We are located in Montreal Quebec and provide pardon, waiver and fingerprinting services in Canada.","robots":{"index":"noindex","follow":"follow","max-snippet":"max-snippet:-1","max-image-preview":"max-image-preview:large","max-video-preview":"max-video-preview:-1"},"og_locale":"en_US","og_type":"article","og_title":"Get a pardon in Quebec Canada - National Pardon Centre","og_description":"Get a pardon in Quebec with the National Pardon Centre. We are located in Montreal Quebec and provide pardon, waiver and fingerprinting services in Canada.","og_url":"https:\/\/staging.nationalpardon.org\/?page_id=19561","og_site_name":"staging.nationalpardon.org","twitter_card":"summary_large_image","twitter_misc":{"Est. reading time":"3 minutes"},"schema":{"@context":"https:\/\/schema.org","@graph":[{"@type":"WebPage","@id":"https:\/\/staging.nationalpardon.org\/?page_id=19561","url":"https:\/\/staging.nationalpardon.org\/?page_id=19561","name":"Get a pardon in Quebec Canada - National Pardon Centre","isPartOf":{"@id":"https:\/\/staging.nationalpardon.org\/#website"},"datePublished":"2023-04-14T13:55:12+00:00","description":"Get a pardon in Quebec with the National Pardon Centre. We are located in Montreal Quebec and provide pardon, waiver and fingerprinting services in Canada.","breadcrumb":{"@id":"https:\/\/staging.nationalpardon.org\/?page_id=19561#breadcrumb"},"inLanguage":"en-CA","potentialAction":[{"@type":"ReadAction","target":["https:\/\/staging.nationalpardon.org\/?page_id=19561"]}]},{"@type":"BreadcrumbList","@id":"https:\/\/staging.nationalpardon.org\/?page_id=19561#breadcrumb","itemListElement":[{"@type":"ListItem","position":1,"name":"Home","item":"https:\/\/staging.nationalpardon.org\/"},{"@type":"ListItem","position":2,"name":"Get a pardon in Quebec FR"}]},{"@type":"WebSite","@id":"https:\/\/staging.nationalpardon.org\/#website","url":"https:\/\/staging.nationalpardon.org\/","name":"staging.nationalpardon.org","description":"","potentialAction":[{"@type":"SearchAction","target":{"@type":"EntryPoint","urlTemplate":"https:\/\/staging.nationalpardon.org\/?s={search_term_string}"},"query-input":{"@type":"PropertyValueSpecification","valueRequired":true,"valueName":"search_term_string"}}],"inLanguage":"en-CA"}]}},"_links":{"self":[{"href":"https:\/\/staging.nationalpardon.org\/index.php?rest_route=\/wp\/v2\/pages\/19561","targetHints":{"allow":["GET"]}}],"collection":[{"href":"https:\/\/staging.nationalpardon.org\/index.php?rest_route=\/wp\/v2\/pages"}],"about":[{"href":"https:\/\/staging.nationalpardon.org\/index.php?rest_route=\/wp\/v2\/types\/page"}],"author":[{"embeddable":true,"href":"https:\/\/staging.nationalpardon.org\/index.php?rest_route=\/wp\/v2\/users\/3"}],"replies":[{"embeddable":true,"href":"https:\/\/staging.nationalpardon.org\/index.php?rest_route=%2Fwp%2Fv2%2Fcomments&post=19561"}],"version-history":[{"count":0,"href":"https:\/\/staging.nationalpardon.org\/index.php?rest_route=\/wp\/v2\/pages\/19561\/revisions"}],"wp:attachment":[{"href":"https:\/\/staging.nationalpardon.org\/index.php?rest_route=%2Fwp%2Fv2%2Fmedia&parent=19561"}],"curies":[{"name":"wp","href":"https:\/\/api.w.org\/{rel}","templated":true}]}}